{"id":2676,"date":"2023-11-24T13:17:47","date_gmt":"2023-11-24T13:17:47","guid":{"rendered":"https:\/\/sosal.evolve-studio.xyz\/?page_id=2676"},"modified":"2023-12-15T13:56:43","modified_gmt":"2023-12-15T13:56:43","slug":"life-stories","status":"publish","type":"page","link":"https:\/\/soskd.org.al\/en\/life-stories\/","title":{"rendered":"Life Stories"},"content":{"rendered":"\t\t<div data-elementor-type=\"wp-page\" data-elementor-id=\"2676\" class=\"elementor elementor-2676\" data-elementor-post-type=\"page\">\n\t\t\t\t\t\t\t<div class=\"elementor-element elementor-element-2918901 e-flex e-con-boxed e-con e-parent\" data-id=\"2918901\" data-element_type=\"container\" data-settings=\"{&quot;background_background&quot;:&quot;classic&quot;,&quot;container_type&quot;:&quot;flex&quot;,&quot;content_width&quot;:&quot;boxed&quot;}\" data-e-bg-lazyload=\"\" data-core-v316-plus=\"true\">\n\t\t\t\t\t<div class=\"e-con-inner\">\n\t\t<div class=\"elementor-element elementor-element-ad01d52 e-flex e-con-boxed elementor-invisible e-con e-child\" data-id=\"ad01d52\" data-element_type=\"container\" data-settings=\"{&quot;animation&quot;:&quot;fadeInLeft&quot;,&quot;container_type&quot;:&quot;flex&quot;,&quot;content_width&quot;:&quot;boxed&quot;}\">\n\t\t\t\t\t<div class=\"e-con-inner\">\n\t\t\t\t<div class=\"elementor-element elementor-element-bd6dc67 elementor-widget elementor-widget-heading\" data-id=\"bd6dc67\" data-element_type=\"widget\" data-widget_type=\"heading.default\">\n\t\t\t\t<div class=\"elementor-widget-container\">\n\t\t\t<style>\/*! elementor - v3.16.0 - 14-09-2023 *\/\n.elementor-heading-title{padding:0;margin:0;line-height:1}.elementor-widget-heading .elementor-heading-title[class*=elementor-size-]>a{color:inherit;font-size:inherit;line-height:inherit}.elementor-widget-heading .elementor-heading-title.elementor-size-small{font-size:15px}.elementor-widget-heading .elementor-heading-title.elementor-size-medium{font-size:19px}.elementor-widget-heading .elementor-heading-title.elementor-size-large{font-size:29px}.elementor-widget-heading .elementor-heading-title.elementor-size-xl{font-size:39px}.elementor-widget-heading .elementor-heading-title.elementor-size-xxl{font-size:59px}<\/style><h2 class=\"elementor-heading-title elementor-size-default\">Life Stories<\/h2>\t\t<\/div>\n\t\t\t\t<\/div>\n\t\t\t\t<div class=\"elementor-element elementor-element-3f55d79 elementor-widget elementor-widget-image\" data-id=\"3f55d79\" data-element_type=\"widget\" data-widget_type=\"image.default\">\n\t\t\t\t<div class=\"elementor-widget-container\">\n\t\t\t<style>\/*! elementor - v3.16.0 - 14-09-2023 *\/\n.elementor-widget-image{text-align:center}.elementor-widget-image a{display:inline-block}.elementor-widget-image a img[src$=\".svg\"]{width:48px}.elementor-widget-image img{vertical-align:middle;display:inline-block}<\/style>\t\t\t\t\t\t\t\t\t\t\t\t\t<a href=\"\/en\/donate-online\/\">\n\t\t\t\t\t\t\t<img loading=\"lazy\" decoding=\"async\" width=\"258\" height=\"101\" src=\"https:\/\/soskd.org.al\/wp-content\/uploads\/2023\/11\/donate-now-1-ok.svg\" class=\"attachment-full size-full wp-image-2718\" alt=\"\" \/>\t\t\t\t\t\t\t\t<\/a>\n\t\t\t\t\t\t\t\t\t\t\t\t\t\t\t<\/div>\n\t\t\t\t<\/div>\n\t\t\t\t\t<\/div>\n\t\t\t\t<\/div>\n\t\t<div class=\"elementor-element elementor-element-27799a7 e-flex e-con-boxed e-con e-child\" data-id=\"27799a7\" data-element_type=\"container\" data-settings=\"{&quot;container_type&quot;:&quot;flex&quot;,&quot;content_width&quot;:&quot;boxed&quot;}\">\n\t\t\t\t\t<div class=\"e-con-inner\">\n\t\t\t\t\t<\/div>\n\t\t\t\t<\/div>\n\t\t\t\t\t<\/div>\n\t\t\t\t<\/div>\n\t\t<div class=\"elementor-element elementor-element-34ec651 e-flex e-con-boxed elementor-invisible e-con e-parent\" data-id=\"34ec651\" data-element_type=\"container\" data-settings=\"{&quot;animation&quot;:&quot;fadeIn&quot;,&quot;container_type&quot;:&quot;flex&quot;,&quot;content_width&quot;:&quot;boxed&quot;}\" data-core-v316-plus=\"true\">\n\t\t\t\t\t<div class=\"e-con-inner\">\n\t\t\t\t<div class=\"elementor-element elementor-element-acb6f71 custom-story-archive elementor-grid-3 elementor-grid-tablet-2 elementor-grid-mobile-1 elementor-posts--thumbnail-top elementor-widget elementor-widget-posts\" data-id=\"acb6f71\" data-element_type=\"widget\" data-settings=\"{&quot;classic_row_gap&quot;:{&quot;unit&quot;:&quot;px&quot;,&quot;size&quot;:30,&quot;sizes&quot;:[]},&quot;pagination_type&quot;:&quot;load_more_infinite_scroll&quot;,&quot;classic_columns&quot;:&quot;3&quot;,&quot;classic_columns_tablet&quot;:&quot;2&quot;,&quot;classic_columns_mobile&quot;:&quot;1&quot;,&quot;classic_row_gap_tablet&quot;:{&quot;unit&quot;:&quot;px&quot;,&quot;size&quot;:&quot;&quot;,&quot;sizes&quot;:[]},&quot;classic_row_gap_mobile&quot;:{&quot;unit&quot;:&quot;px&quot;,&quot;size&quot;:&quot;&quot;,&quot;sizes&quot;:[]},&quot;load_more_spinner&quot;:{&quot;value&quot;:&quot;fas fa-spinner&quot;,&quot;library&quot;:&quot;fa-solid&quot;}}\" data-widget_type=\"posts.classic\">\n\t\t\t\t<div class=\"elementor-widget-container\">\n\t\t\t<link rel=\"stylesheet\" href=\"https:\/\/soskd.org.al\/wp-content\/plugins\/elementor-pro\/assets\/css\/widget-posts.min.css\">\t\t<div class=\"elementor-posts-container elementor-posts elementor-posts--skin-classic elementor-grid\">\n\t\t\t\t<article class=\"elementor-post elementor-grid-item post-2740 post type-post status-publish format-standard has-post-thumbnail hentry category-stories\">\n\t\t\t\t<a class=\"elementor-post__thumbnail__link\" href=\"https:\/\/soskd.org.al\/en\/childhood-memories-can-never-be-replaced-2\/\" tabindex=\"-1\" >\n\t\t\t<div class=\"elementor-post__thumbnail\"><img loading=\"lazy\" decoding=\"async\" width=\"1600\" height=\"1067\" src=\"https:\/\/soskd.org.al\/wp-content\/uploads\/2023\/11\/Belarus_SFC_Minsk_LarsJust_03.jpg\" class=\"attachment-full size-full wp-image-7242\" alt=\"\" srcset=\"https:\/\/soskd.org.al\/wp-content\/uploads\/2023\/11\/Belarus_SFC_Minsk_LarsJust_03.jpg 1600w, https:\/\/soskd.org.al\/wp-content\/uploads\/2023\/11\/Belarus_SFC_Minsk_LarsJust_03-300x200.jpg 300w, https:\/\/soskd.org.al\/wp-content\/uploads\/2023\/11\/Belarus_SFC_Minsk_LarsJust_03-1024x683.jpg 1024w, https:\/\/soskd.org.al\/wp-content\/uploads\/2023\/11\/Belarus_SFC_Minsk_LarsJust_03-768x512.jpg 768w, https:\/\/soskd.org.al\/wp-content\/uploads\/2023\/11\/Belarus_SFC_Minsk_LarsJust_03-1536x1024.jpg 1536w\" sizes=\"auto, (max-width: 1600px) 100vw, 1600px\" \/><\/div>\n\t\t<\/a>\n\t\t\t\t<div class=\"elementor-post__text\">\n\t\t\t\t<h3 class=\"elementor-post__title\">\n\t\t\t<a href=\"https:\/\/soskd.org.al\/en\/childhood-memories-can-never-be-replaced-2\/\" >\n\t\t\t\tChildhood memories can never be replaced\t\t\t<\/a>\n\t\t<\/h3>\n\t\t\t\t<div class=\"elementor-post__excerpt\">\n\t\t\t<p>Do you have fond memories of your childhood? I remember the scent of my mother&#8217;s lipstick and make-up, her pastel shoes that were too big for my feet and playing<\/p>\n\t\t<\/div>\n\t\t\t\t\t<div class=\"elementor-post__read-more-wrapper\">\n\t\t\n\t\t<a class=\"elementor-post__read-more\" href=\"https:\/\/soskd.org.al\/en\/childhood-memories-can-never-be-replaced-2\/\" aria-label=\"Read more about Childhood memories can never be replaced\" tabindex=\"-1\" >\n\t\t\tRead More\t\t<\/a>\n\n\t\t\t\t\t<\/div>\n\t\t\t\t<\/div>\n\t\t\t\t<\/article>\n\t\t\t\t<article class=\"elementor-post elementor-grid-item post-2671 post type-post status-publish format-standard has-post-thumbnail hentry category-stories\">\n\t\t\t\t<a class=\"elementor-post__thumbnail__link\" href=\"https:\/\/soskd.org.al\/en\/a-postcard-from-the-past-2\/\" tabindex=\"-1\" >\n\t\t\t<div class=\"elementor-post__thumbnail\"><img loading=\"lazy\" decoding=\"async\" width=\"1600\" height=\"1068\" src=\"https:\/\/soskd.org.al\/wp-content\/uploads\/2023\/11\/kampus-production-8813562.jpg\" class=\"attachment-full size-full wp-image-7244\" alt=\"\" srcset=\"https:\/\/soskd.org.al\/wp-content\/uploads\/2023\/11\/kampus-production-8813562.jpg 1600w, https:\/\/soskd.org.al\/wp-content\/uploads\/2023\/11\/kampus-production-8813562-300x200.jpg 300w, https:\/\/soskd.org.al\/wp-content\/uploads\/2023\/11\/kampus-production-8813562-1024x684.jpg 1024w, https:\/\/soskd.org.al\/wp-content\/uploads\/2023\/11\/kampus-production-8813562-768x513.jpg 768w, https:\/\/soskd.org.al\/wp-content\/uploads\/2023\/11\/kampus-production-8813562-1536x1025.jpg 1536w\" sizes=\"auto, (max-width: 1600px) 100vw, 1600px\" \/><\/div>\n\t\t<\/a>\n\t\t\t\t<div class=\"elementor-post__text\">\n\t\t\t\t<h3 class=\"elementor-post__title\">\n\t\t\t<a href=\"https:\/\/soskd.org.al\/en\/a-postcard-from-the-past-2\/\" >\n\t\t\t\tA Postcard from the Past\t\t\t<\/a>\n\t\t<\/h3>\n\t\t\t\t<div class=\"elementor-post__excerpt\">\n\t\t\t<p>23 December 2010 Dear Santa! This is my first time I am writing to you, and I feel so happy about it. My name is Eni* and I live in<\/p>\n\t\t<\/div>\n\t\t\t\t\t<div class=\"elementor-post__read-more-wrapper\">\n\t\t\n\t\t<a class=\"elementor-post__read-more\" href=\"https:\/\/soskd.org.al\/en\/a-postcard-from-the-past-2\/\" aria-label=\"Read more about A Postcard from the Past\" tabindex=\"-1\" >\n\t\t\tRead More\t\t<\/a>\n\n\t\t\t\t\t<\/div>\n\t\t\t\t<\/div>\n\t\t\t\t<\/article>\n\t\t\t\t<article class=\"elementor-post elementor-grid-item post-771 post type-post status-publish format-standard has-post-thumbnail hentry category-stories\">\n\t\t\t\t<a class=\"elementor-post__thumbnail__link\" href=\"https:\/\/soskd.org.al\/en\/working-to-keep-families-together-is-our-superpower\/\" tabindex=\"-1\" >\n\t\t\t<div class=\"elementor-post__thumbnail\"><img loading=\"lazy\" decoding=\"async\" width=\"906\" height=\"682\" src=\"https:\/\/soskd.org.al\/wp-content\/uploads\/2023\/11\/Ada-Dear-diary-1.jpg\" class=\"attachment-full size-full wp-image-7240\" alt=\"\" srcset=\"https:\/\/soskd.org.al\/wp-content\/uploads\/2023\/11\/Ada-Dear-diary-1.jpg 906w, https:\/\/soskd.org.al\/wp-content\/uploads\/2023\/11\/Ada-Dear-diary-1-300x226.jpg 300w, https:\/\/soskd.org.al\/wp-content\/uploads\/2023\/11\/Ada-Dear-diary-1-768x578.jpg 768w\" sizes=\"auto, (max-width: 906px) 100vw, 906px\" \/><\/div>\n\t\t<\/a>\n\t\t\t\t<div class=\"elementor-post__text\">\n\t\t\t\t<h3 class=\"elementor-post__title\">\n\t\t\t<a href=\"https:\/\/soskd.org.al\/en\/working-to-keep-families-together-is-our-superpower\/\" >\n\t\t\t\tWorking to keep families together is our superpower!\t\t\t<\/a>\n\t\t<\/h3>\n\t\t\t\t<div class=\"elementor-post__excerpt\">\n\t\t\t<p>\u00a0\u201cDear diary, I&#8217;m writing to you because I don&#8217;t want to share my wishes with my parents. I know that they will not be able to make it happen for<\/p>\n\t\t<\/div>\n\t\t\t\t\t<div class=\"elementor-post__read-more-wrapper\">\n\t\t\n\t\t<a class=\"elementor-post__read-more\" href=\"https:\/\/soskd.org.al\/en\/working-to-keep-families-together-is-our-superpower\/\" aria-label=\"Read more about Working to keep families together is our superpower!\" tabindex=\"-1\" >\n\t\t\tRead More\t\t<\/a>\n\n\t\t\t\t\t<\/div>\n\t\t\t\t<\/div>\n\t\t\t\t<\/article>\n\t\t\t\t<article class=\"elementor-post elementor-grid-item post-765 post type-post status-publish format-standard has-post-thumbnail hentry category-stories\">\n\t\t\t\t<a class=\"elementor-post__thumbnail__link\" href=\"https:\/\/soskd.org.al\/en\/i-suffered-i-learned-i-changed\/\" tabindex=\"-1\" >\n\t\t\t<div class=\"elementor-post__thumbnail\"><img loading=\"lazy\" decoding=\"async\" width=\"1600\" height=\"1068\" src=\"https:\/\/soskd.org.al\/wp-content\/uploads\/2023\/11\/01.jpg\" class=\"attachment-full size-full wp-image-7236\" alt=\"\" srcset=\"https:\/\/soskd.org.al\/wp-content\/uploads\/2023\/11\/01.jpg 1600w, https:\/\/soskd.org.al\/wp-content\/uploads\/2023\/11\/01-300x200.jpg 300w, https:\/\/soskd.org.al\/wp-content\/uploads\/2023\/11\/01-1024x684.jpg 1024w, https:\/\/soskd.org.al\/wp-content\/uploads\/2023\/11\/01-768x513.jpg 768w, https:\/\/soskd.org.al\/wp-content\/uploads\/2023\/11\/01-1536x1025.jpg 1536w\" sizes=\"auto, (max-width: 1600px) 100vw, 1600px\" \/><\/div>\n\t\t<\/a>\n\t\t\t\t<div class=\"elementor-post__text\">\n\t\t\t\t<h3 class=\"elementor-post__title\">\n\t\t\t<a href=\"https:\/\/soskd.org.al\/en\/i-suffered-i-learned-i-changed\/\" >\n\t\t\t\tI suffered. I learned. I changed.\t\t\t<\/a>\n\t\t<\/h3>\n\t\t\t\t<div class=\"elementor-post__excerpt\">\n\t\t\t<p>Letter from Era*, who is still giving life to her dreams while living in SOS Children\u2019s Village Tirana. Era is a talented 15 year old girl who decided to share<\/p>\n\t\t<\/div>\n\t\t\t\t\t<div class=\"elementor-post__read-more-wrapper\">\n\t\t\n\t\t<a class=\"elementor-post__read-more\" href=\"https:\/\/soskd.org.al\/en\/i-suffered-i-learned-i-changed\/\" aria-label=\"Read more about I suffered. I learned. I changed.\" tabindex=\"-1\" >\n\t\t\tRead More\t\t<\/a>\n\n\t\t\t\t\t<\/div>\n\t\t\t\t<\/div>\n\t\t\t\t<\/article>\n\t\t\t\t<\/div>\n\t\t\t\t\t<span class=\"e-load-more-spinner\">\n\t\t\t\t<i aria-hidden=\"true\" class=\"fas fa-spinner\"><\/i>\t\t\t<\/span>\n\t\t\n\t\t\t\t<\/div>\n\t\t\t\t<\/div>\n\t\t\t\t\t<\/div>\n\t\t\t\t<\/div>\n\t\t\t\t\t\t\t<\/div>\n\t\t","protected":false},"excerpt":{"rendered":"<p>Life Stories<\/p>\n","protected":false},"author":1,"featured_media":0,"parent":0,"menu_order":0,"comment_status":"closed","ping_status":"closed","template":"elementor_header_footer","meta":{"inline_featured_image":false,"_monsterinsights_skip_tracking":false,"_monsterinsights_sitenote_active":false,"_monsterinsights_sitenote_note":"","_monsterinsights_sitenote_category":0,"footnotes":""},"class_list":["post-2676","page","type-page","status-publish","hentry"],"yoast_head":"<!-- This site is optimized with the Yoast SEO plugin v21.7 - https:\/\/yoast.com\/wordpress\/plugins\/seo\/ -->\n<title>Life Stories - SOS Children\u2019s Villages Albania<\/title>\n<meta name=\"robots\" content=\"index, follow, max-snippet:-1, max-image-preview:large, max-video-preview:-1\" \/>\n<link rel=\"canonical\" href=\"https:\/\/soskd.org.al\/en\/life-stories\/\" \/>\n<meta property=\"og:locale\" content=\"en_US\" \/>\n<meta property=\"og:type\" content=\"article\" \/>\n<meta property=\"og:title\" content=\"Life Stories - SOS Children\u2019s Villages Albania\" \/>\n<meta property=\"og:description\" content=\"Life Stories\" \/>\n<meta property=\"og:url\" content=\"https:\/\/soskd.org.al\/en\/life-stories\/\" \/>\n<meta property=\"og:site_name\" content=\"SOS Children\u2019s Villages Albania\" \/>\n<meta property=\"article:modified_time\" content=\"2023-12-15T13:56:43+00:00\" \/>\n<meta property=\"og:image\" content=\"https:\/\/soskd.org.al\/wp-content\/uploads\/2023\/11\/donate-now-1-ok.svg\" \/>\n<meta name=\"twitter:card\" content=\"summary_large_image\" \/>\n<script type=\"application\/ld+json\" class=\"yoast-schema-graph\">{\"@context\":\"https:\/\/schema.org\",\"@graph\":[{\"@type\":\"WebPage\",\"@id\":\"https:\/\/soskd.org.al\/en\/life-stories\/\",\"url\":\"https:\/\/soskd.org.al\/en\/life-stories\/\",\"name\":\"Life Stories - SOS Children\u2019s Villages Albania\",\"isPartOf\":{\"@id\":\"https:\/\/soskd.org.al\/#website\"},\"datePublished\":\"2023-11-24T13:17:47+00:00\",\"dateModified\":\"2023-12-15T13:56:43+00:00\",\"breadcrumb\":{\"@id\":\"https:\/\/soskd.org.al\/en\/life-stories\/#breadcrumb\"},\"inLanguage\":\"en-US\",\"potentialAction\":[{\"@type\":\"ReadAction\",\"target\":[\"https:\/\/soskd.org.al\/en\/life-stories\/\"]}]},{\"@type\":\"BreadcrumbList\",\"@id\":\"https:\/\/soskd.org.al\/en\/life-stories\/#breadcrumb\",\"itemListElement\":[{\"@type\":\"ListItem\",\"position\":1,\"name\":\"Home\",\"item\":\"https:\/\/soskd.org.al\/\"},{\"@type\":\"ListItem\",\"position\":2,\"name\":\"Life Stories\"}]},{\"@type\":\"WebSite\",\"@id\":\"https:\/\/soskd.org.al\/#website\",\"url\":\"https:\/\/soskd.org.al\/\",\"name\":\"SOS Children\u2019s Villages Albania\",\"description\":\"Shoqat\u00eb me fokus mb\u00ebshtetjen e f\u00ebmij\u00ebve &amp; t\u00eb rinjve n\u00eb vend, pa kujdes prind\u00ebror ose n\u00eb rrezik p\u00ebr ta humbur at\u00eb.\",\"publisher\":{\"@id\":\"https:\/\/soskd.org.al\/#organization\"},\"potentialAction\":[{\"@type\":\"SearchAction\",\"target\":{\"@type\":\"EntryPoint\",\"urlTemplate\":\"https:\/\/soskd.org.al\/?s={search_term_string}\"},\"query-input\":\"required name=search_term_string\"}],\"inLanguage\":\"en-US\"},{\"@type\":\"Organization\",\"@id\":\"https:\/\/soskd.org.al\/#organization\",\"name\":\"SOS Children\u2019s Villages Albania\",\"url\":\"https:\/\/soskd.org.al\/\",\"logo\":{\"@type\":\"ImageObject\",\"inLanguage\":\"en-US\",\"@id\":\"https:\/\/soskd.org.al\/#\/schema\/logo\/image\/\",\"url\":\"https:\/\/soskd.org.al\/wp-content\/uploads\/2023\/09\/Logo-sos-en.svg\",\"contentUrl\":\"https:\/\/soskd.org.al\/wp-content\/uploads\/2023\/09\/Logo-sos-en.svg\",\"width\":205,\"height\":36,\"caption\":\"SOS Children\u2019s Villages Albania\"},\"image\":{\"@id\":\"https:\/\/soskd.org.al\/#\/schema\/logo\/image\/\"}}]}<\/script>\n<!-- \/ Yoast SEO plugin. -->","yoast_head_json":{"title":"Life Stories - SOS Children\u2019s Villages Albania","robots":{"index":"index","follow":"follow","max-snippet":"max-snippet:-1","max-image-preview":"max-image-preview:large","max-video-preview":"max-video-preview:-1"},"canonical":"https:\/\/soskd.org.al\/en\/life-stories\/","og_locale":"en_US","og_type":"article","og_title":"Life Stories - SOS Children\u2019s Villages Albania","og_description":"Life Stories","og_url":"https:\/\/soskd.org.al\/en\/life-stories\/","og_site_name":"SOS Children\u2019s Villages Albania","article_modified_time":"2023-12-15T13:56:43+00:00","og_image":[{"url":"https:\/\/soskd.org.al\/wp-content\/uploads\/2023\/11\/donate-now-1-ok.svg"}],"twitter_card":"summary_large_image","schema":{"@context":"https:\/\/schema.org","@graph":[{"@type":"WebPage","@id":"https:\/\/soskd.org.al\/en\/life-stories\/","url":"https:\/\/soskd.org.al\/en\/life-stories\/","name":"Life Stories - SOS Children\u2019s Villages Albania","isPartOf":{"@id":"https:\/\/soskd.org.al\/#website"},"datePublished":"2023-11-24T13:17:47+00:00","dateModified":"2023-12-15T13:56:43+00:00","breadcrumb":{"@id":"https:\/\/soskd.org.al\/en\/life-stories\/#breadcrumb"},"inLanguage":"en-US","potentialAction":[{"@type":"ReadAction","target":["https:\/\/soskd.org.al\/en\/life-stories\/"]}]},{"@type":"BreadcrumbList","@id":"https:\/\/soskd.org.al\/en\/life-stories\/#breadcrumb","itemListElement":[{"@type":"ListItem","position":1,"name":"Home","item":"https:\/\/soskd.org.al\/"},{"@type":"ListItem","position":2,"name":"Life Stories"}]},{"@type":"WebSite","@id":"https:\/\/soskd.org.al\/#website","url":"https:\/\/soskd.org.al\/","name":"SOS Children\u2019s Villages Albania","description":"Shoqat\u00eb me fokus mb\u00ebshtetjen e f\u00ebmij\u00ebve &amp; t\u00eb rinjve n\u00eb vend, pa kujdes prind\u00ebror ose n\u00eb rrezik p\u00ebr ta humbur at\u00eb.","publisher":{"@id":"https:\/\/soskd.org.al\/#organization"},"potentialAction":[{"@type":"SearchAction","target":{"@type":"EntryPoint","urlTemplate":"https:\/\/soskd.org.al\/?s={search_term_string}"},"query-input":"required name=search_term_string"}],"inLanguage":"en-US"},{"@type":"Organization","@id":"https:\/\/soskd.org.al\/#organization","name":"SOS Children\u2019s Villages Albania","url":"https:\/\/soskd.org.al\/","logo":{"@type":"ImageObject","inLanguage":"en-US","@id":"https:\/\/soskd.org.al\/#\/schema\/logo\/image\/","url":"https:\/\/soskd.org.al\/wp-content\/uploads\/2023\/09\/Logo-sos-en.svg","contentUrl":"https:\/\/soskd.org.al\/wp-content\/uploads\/2023\/09\/Logo-sos-en.svg","width":205,"height":36,"caption":"SOS Children\u2019s Villages Albania"},"image":{"@id":"https:\/\/soskd.org.al\/#\/schema\/logo\/image\/"}}]}},"_links":{"self":[{"href":"https:\/\/soskd.org.al\/en\/wp-json\/wp\/v2\/pages\/2676","targetHints":{"allow":["GET"]}}],"collection":[{"href":"https:\/\/soskd.org.al\/en\/wp-json\/wp\/v2\/pages"}],"about":[{"href":"https:\/\/soskd.org.al\/en\/wp-json\/wp\/v2\/types\/page"}],"author":[{"embeddable":true,"href":"https:\/\/soskd.org.al\/en\/wp-json\/wp\/v2\/users\/1"}],"replies":[{"embeddable":true,"href":"https:\/\/soskd.org.al\/en\/wp-json\/wp\/v2\/comments?post=2676"}],"version-history":[{"count":46,"href":"https:\/\/soskd.org.al\/en\/wp-json\/wp\/v2\/pages\/2676\/revisions"}],"predecessor-version":[{"id":7401,"href":"https:\/\/soskd.org.al\/en\/wp-json\/wp\/v2\/pages\/2676\/revisions\/7401"}],"wp:attachment":[{"href":"https:\/\/soskd.org.al\/en\/wp-json\/wp\/v2\/media?parent=2676"}],"curies":[{"name":"wp","href":"https:\/\/api.w.org\/{rel}","templated":true}]}}