{"id":2819,"date":"2023-11-24T16:18:44","date_gmt":"2023-11-24T16:18:44","guid":{"rendered":"https:\/\/sosal.evolve-studio.xyz\/?page_id=2819"},"modified":"2023-12-13T13:56:24","modified_gmt":"2023-12-13T13:56:24","slug":"faq","status":"publish","type":"page","link":"https:\/\/soskd.org.al\/en\/faq\/","title":{"rendered":"Faq"},"content":{"rendered":"\t\t<div data-elementor-type=\"wp-page\" data-elementor-id=\"2819\" class=\"elementor elementor-2819\" data-elementor-post-type=\"page\">\n\t\t\t\t\t\t\t<div class=\"elementor-element elementor-element-3734991 e-flex e-con-boxed e-con e-parent\" data-id=\"3734991\" data-element_type=\"container\" data-settings=\"{&quot;background_background&quot;:&quot;classic&quot;,&quot;container_type&quot;:&quot;flex&quot;,&quot;content_width&quot;:&quot;boxed&quot;}\" data-e-bg-lazyload=\"\" data-core-v316-plus=\"true\">\n\t\t\t\t\t<div class=\"e-con-inner\">\n\t\t<div class=\"elementor-element elementor-element-e2cfd5a e-flex e-con-boxed elementor-invisible e-con e-child\" data-id=\"e2cfd5a\" data-element_type=\"container\" data-settings=\"{&quot;animation&quot;:&quot;fadeInLeft&quot;,&quot;container_type&quot;:&quot;flex&quot;,&quot;content_width&quot;:&quot;boxed&quot;}\">\n\t\t\t\t\t<div class=\"e-con-inner\">\n\t\t\t\t<div class=\"elementor-element elementor-element-e59c286 elementor-widget elementor-widget-heading\" data-id=\"e59c286\" data-element_type=\"widget\" data-widget_type=\"heading.default\">\n\t\t\t\t<div class=\"elementor-widget-container\">\n\t\t\t<style>\/*! elementor - v3.16.0 - 14-09-2023 *\/\n.elementor-heading-title{padding:0;margin:0;line-height:1}.elementor-widget-heading .elementor-heading-title[class*=elementor-size-]>a{color:inherit;font-size:inherit;line-height:inherit}.elementor-widget-heading .elementor-heading-title.elementor-size-small{font-size:15px}.elementor-widget-heading .elementor-heading-title.elementor-size-medium{font-size:19px}.elementor-widget-heading .elementor-heading-title.elementor-size-large{font-size:29px}.elementor-widget-heading .elementor-heading-title.elementor-size-xl{font-size:39px}.elementor-widget-heading .elementor-heading-title.elementor-size-xxl{font-size:59px}<\/style><h2 class=\"elementor-heading-title elementor-size-default\">FAQ<\/h2>\t\t<\/div>\n\t\t\t\t<\/div>\n\t\t\t\t\t<\/div>\n\t\t\t\t<\/div>\n\t\t<div class=\"elementor-element elementor-element-bd883f7 e-flex e-con-boxed e-con e-child\" data-id=\"bd883f7\" data-element_type=\"container\" data-settings=\"{&quot;container_type&quot;:&quot;flex&quot;,&quot;content_width&quot;:&quot;boxed&quot;}\">\n\t\t\t\t\t<div class=\"e-con-inner\">\n\t\t\t\t\t<\/div>\n\t\t\t\t<\/div>\n\t\t\t\t\t<\/div>\n\t\t\t\t<\/div>\n\t\t<div class=\"elementor-element elementor-element-b66f254 e-flex e-con-boxed e-con e-parent\" data-id=\"b66f254\" data-element_type=\"container\" data-settings=\"{&quot;container_type&quot;:&quot;flex&quot;,&quot;content_width&quot;:&quot;boxed&quot;}\" data-core-v316-plus=\"true\">\n\t\t\t\t\t<div class=\"e-con-inner\">\n\t\t<div class=\"elementor-element elementor-element-84770b9 e-con-full e-flex e-con e-child\" data-id=\"84770b9\" data-element_type=\"container\" data-settings=\"{&quot;content_width&quot;:&quot;full&quot;,&quot;container_type&quot;:&quot;flex&quot;}\">\n\t\t\t\t<div class=\"elementor-element elementor-element-e83f9de elementor-widget elementor-widget-heading\" data-id=\"e83f9de\" data-element_type=\"widget\" data-widget_type=\"heading.default\">\n\t\t\t\t<div class=\"elementor-widget-container\">\n\t\t\t<h2 class=\"elementor-heading-title elementor-size-default\">Here you can find answers to the most frequently asked questions about SOS Children's Villages<\/h2>\t\t<\/div>\n\t\t\t\t<\/div>\n\t\t\t\t<div class=\"elementor-element elementor-element-55bf7d1 tabs-sos elementor-widget elementor-widget-jkit_accordion\" data-id=\"55bf7d1\" data-element_type=\"widget\" data-widget_type=\"jkit_accordion.default\">\n\t\t\t\t<div class=\"elementor-widget-container\">\n\t\t\t<div  class=\"jeg-elementor-kit jkit-accordion style-box jeg_module___69e8b6c51c1a4\" ><div class=\"card-wrapper \">\n                <div class=\"card-header\">\n                    <a href=\"#expand-2d242c5\" class=\"card-header-button\" aria-expanded=\"false\" data-target=\"#expand-2d242c5\" aria-controls=\"expand-2d242c5\">\n                        <span class=\"number\"><\/span><span class=\"title\">What is regular assistance?<\/span><div class=\"right-icon-group\">\n                <div class=\"normal-icon\"><i aria-hidden=\"true\" class=\"fas fa-chevron-down\"><\/i><\/div>\n                <div class=\"active-icon\"><i aria-hidden=\"true\" class=\"fas fa-chevron-up\"><\/i><\/div>\n            <\/div>\n                    <\/a>\n                <\/div>\n                <div class=\"card-expand\" id=\"expand-2d242c5\" style=\"display:none\"><div class=\"card-body\"><p>Monthly (or regular) assistance is assistance that is issued on the website once, after which it will be automatically debited from your card every month. In this way, you will help regularly without having to visit the site every time to enter your card details.<br \/><br \/><\/p><p><em>*You have the option to stop donating at any time.<\/em><\/p><p><em>We treat your data and information with utmost confidentiality. All payments are completely secure. Our payment gateway provider, Raiffeisen Bank Albania, is PCI DSS Certified.<\/em><\/p><\/div><\/div>\n            <\/div><div class=\"card-wrapper \">\n                <div class=\"card-header\">\n                    <a href=\"#expand-3fe4847\" class=\"card-header-button\" aria-expanded=\"false\" data-target=\"#expand-3fe4847\" aria-controls=\"expand-3fe4847\">\n                        <span class=\"number\"><\/span><span class=\"title\">Why is the monthly allowance important?<\/span><div class=\"right-icon-group\">\n                <div class=\"normal-icon\"><i aria-hidden=\"true\" class=\"fas fa-chevron-down\"><\/i><\/div>\n                <div class=\"active-icon\"><i aria-hidden=\"true\" class=\"fas fa-chevron-up\"><\/i><\/div>\n            <\/div>\n                    <\/a>\n                <\/div>\n                <div class=\"card-expand\" id=\"expand-3fe4847\" style=\"display:none\"><div class=\"card-body\"><p>Because the children we support in our organization's programs need help 365 days a year for a long time.<\/p><p>Thanks to the support of our SOS Friends, the girls and boys of SOS Village have a house, caring parents, which means a carefree, happy childhood.<\/p><p>Our work is long-term and continuous - we take responsibility for children for many years, until the moment when they become independent. That is why regular help is so important to us - with it, we can confidently plan our work and help families in vulnerable conditions.<\/p><\/div><\/div>\n            <\/div><div class=\"card-wrapper \">\n                <div class=\"card-header\">\n                    <a href=\"#expand-8b44230\" class=\"card-header-button\" aria-expanded=\"false\" data-target=\"#expand-8b44230\" aria-controls=\"expand-8b44230\">\n                        <span class=\"number\"><\/span><span class=\"title\">What is my money used for?<\/span><div class=\"right-icon-group\">\n                <div class=\"normal-icon\"><i aria-hidden=\"true\" class=\"fas fa-chevron-down\"><\/i><\/div>\n                <div class=\"active-icon\"><i aria-hidden=\"true\" class=\"fas fa-chevron-up\"><\/i><\/div>\n            <\/div>\n                    <\/a>\n                <\/div>\n                <div class=\"card-expand\" id=\"expand-8b44230\" style=\"display:none\"><div class=\"card-body\"><p>Your charitable assistance will be spent on the needs of the children cared for by our organization. Every day, children need not only clothes and food, but also many other things: stationery, medicine, the opportunity to attend clubs and sections, and most importantly, the help of qualified specialists. Losing a family is a great trauma for a child. In SOS Village, psychologists, teachers, and social workers work with each child, helping them to survive the trauma of losing their family.<\/p><\/div><\/div>\n            <\/div><div class=\"card-wrapper \">\n                <div class=\"card-header\">\n                    <a href=\"#expand-d66ab6c\" class=\"card-header-button\" aria-expanded=\"false\" data-target=\"#expand-d66ab6c\" aria-controls=\"expand-d66ab6c\">\n                        <span class=\"number\"><\/span><span class=\"title\">How do I change or stop assistance?<\/span><div class=\"right-icon-group\">\n                <div class=\"normal-icon\"><i aria-hidden=\"true\" class=\"fas fa-chevron-down\"><\/i><\/div>\n                <div class=\"active-icon\"><i aria-hidden=\"true\" class=\"fas fa-chevron-up\"><\/i><\/div>\n            <\/div>\n                    <\/a>\n                <\/div>\n                <div class=\"card-expand\" id=\"expand-d66ab6c\" style=\"display:none\"><div class=\"card-body\"><p>You can write to <a href=\"mailto:miksos@soskd.org.al\">miksos@soskd.org.al<\/a><\/p><p>We are always in touch if it is necessary to make changes to your charitable monthly contribution - change the card number, amount of assistance, etc. contact the contact indicated above.<\/p><\/div><\/div>\n            <\/div><div class=\"card-wrapper \">\n                <div class=\"card-header\">\n                    <a href=\"#expand-3e1520c\" class=\"card-header-button\" aria-expanded=\"false\" data-target=\"#expand-3e1520c\" aria-controls=\"expand-3e1520c\">\n                        <span class=\"number\"><\/span><span class=\"title\">Why can you be trusted?<\/span><div class=\"right-icon-group\">\n                <div class=\"normal-icon\"><i aria-hidden=\"true\" class=\"fas fa-chevron-down\"><\/i><\/div>\n                <div class=\"active-icon\"><i aria-hidden=\"true\" class=\"fas fa-chevron-up\"><\/i><\/div>\n            <\/div>\n                    <\/a>\n                <\/div>\n                <div class=\"card-expand\" id=\"expand-3e1520c\" style=\"display:none\"><div class=\"card-body\"><p>SOS Children's Villages Albania is a charitable non-governmental organization that has been helping children without parental care and families in difficult life circumstances, for more than 28 years in Albania.<\/p><p>We are part of an international federation that is represented in 136 countries around the world and has 70 years of experience working with children without parental care and families in crisis. We undergo an external audit annually and report on the intended use of funds.<\/p><p>Our advantages:<\/p><p>\u2013 comprehensive approach to the problem<\/p><p>\u2013 high standards and clear internal policy<\/p><p>\u2013 transparency and accountability<\/p><p>\u2013 working with partners at the global and national levels<\/p><p>\u2013 high level of professionalism of employees<\/p><p>We have huge local experience, effective international practices and a strong reputation among our partners.<\/p><\/div><\/div>\n            <\/div><div class=\"card-wrapper \">\n                <div class=\"card-header\">\n                    <a href=\"#expand-bb53daa\" class=\"card-header-button\" aria-expanded=\"false\" data-target=\"#expand-bb53daa\" aria-controls=\"expand-bb53daa\">\n                        <span class=\"number\"><\/span><span class=\"title\">Is my help just a drop in the ocean?<\/span><div class=\"right-icon-group\">\n                <div class=\"normal-icon\"><i aria-hidden=\"true\" class=\"fas fa-chevron-down\"><\/i><\/div>\n                <div class=\"active-icon\"><i aria-hidden=\"true\" class=\"fas fa-chevron-up\"><\/i><\/div>\n            <\/div>\n                    <\/a>\n                <\/div>\n                <div class=\"card-expand\" id=\"expand-bb53daa\" style=\"display:none\"><div class=\"card-body\"><p>Any monthly support is incredibly important. Even if it is a small amount. Thanks to this, we have the opportunity to constantly change the situation with children in need in Albania, to save families who are unable to cope with their own life difficulties on their own. Every help is not just a drop in the ocean, on the contrary, an ocean of goodness is created from such actions. Every charitable transfer is a contribution to huge changes in the future.<\/p><p>Join now!<\/p><\/div><\/div>\n            <\/div><\/div>\t\t<\/div>\n\t\t\t\t<\/div>\n\t\t\t\t<\/div>\n\t\t<div class=\"elementor-element elementor-element-2fe2b32 e-con-full e-flex e-con e-child\" data-id=\"2fe2b32\" data-element_type=\"container\" data-settings=\"{&quot;content_width&quot;:&quot;full&quot;,&quot;container_type&quot;:&quot;flex&quot;}\">\n\t\t\t\t<div class=\"elementor-element elementor-element-c93c5bb elementor-widget elementor-widget-image\" data-id=\"c93c5bb\" data-element_type=\"widget\" data-widget_type=\"image.default\">\n\t\t\t\t<div class=\"elementor-widget-container\">\n\t\t\t<style>\/*! elementor - v3.16.0 - 14-09-2023 *\/\n.elementor-widget-image{text-align:center}.elementor-widget-image a{display:inline-block}.elementor-widget-image a img[src$=\".svg\"]{width:48px}.elementor-widget-image img{vertical-align:middle;display:inline-block}<\/style>\t\t\t\t\t\t\t\t\t\t\t\t<img loading=\"lazy\" decoding=\"async\" width=\"934\" height=\"736\" src=\"https:\/\/soskd.org.al\/wp-content\/uploads\/2023\/10\/FAQ.png\" class=\"attachment-full size-full wp-image-2129\" alt=\"\" srcset=\"https:\/\/soskd.org.al\/wp-content\/uploads\/2023\/10\/FAQ.png 934w, https:\/\/soskd.org.al\/wp-content\/uploads\/2023\/10\/FAQ-300x236.png 300w, https:\/\/soskd.org.al\/wp-content\/uploads\/2023\/10\/FAQ-768x605.png 768w\" sizes=\"auto, (max-width: 934px) 100vw, 934px\" \/>\t\t\t\t\t\t\t\t\t\t\t\t\t\t\t<\/div>\n\t\t\t\t<\/div>\n\t\t\t\t<\/div>\n\t\t\t\t\t<\/div>\n\t\t\t\t<\/div>\n\t\t\t\t\t\t\t<\/div>\n\t\t","protected":false},"excerpt":{"rendered":"<p>FAQ Here you can find answers to the most frequently asked questions about SOS Children&#8217;s Villages What is regular assistance? Monthly (or regular) assistance is assistance that is issued on the website once, after which it will be automatically debited from your card every month. In this way, you will help regularly without having to [&hellip;]<\/p>\n","protected":false},"author":1,"featured_media":0,"parent":0,"menu_order":0,"comment_status":"closed","ping_status":"closed","template":"elementor_header_footer","meta":{"inline_featured_image":false,"_monsterinsights_skip_tracking":false,"_monsterinsights_sitenote_active":false,"_monsterinsights_sitenote_note":"","_monsterinsights_sitenote_category":0,"footnotes":""},"class_list":["post-2819","page","type-page","status-publish","hentry"],"yoast_head":"<!-- This site is optimized with the Yoast SEO plugin v21.7 - https:\/\/yoast.com\/wordpress\/plugins\/seo\/ -->\n<title>Faq - SOS Children\u2019s Villages Albania<\/title>\n<meta name=\"robots\" content=\"index, follow, max-snippet:-1, max-image-preview:large, max-video-preview:-1\" \/>\n<link rel=\"canonical\" href=\"https:\/\/soskd.org.al\/en\/faq\/\" \/>\n<meta property=\"og:locale\" content=\"en_US\" \/>\n<meta property=\"og:type\" content=\"article\" \/>\n<meta property=\"og:title\" content=\"Faq - SOS Children\u2019s Villages Albania\" \/>\n<meta property=\"og:description\" content=\"FAQ Here you can find answers to the most frequently asked questions about SOS Children&#8217;s Villages What is regular assistance? Monthly (or regular) assistance is assistance that is issued on the website once, after which it will be automatically debited from your card every month. In this way, you will help regularly without having to [&hellip;]\" \/>\n<meta property=\"og:url\" content=\"https:\/\/soskd.org.al\/en\/faq\/\" \/>\n<meta property=\"og:site_name\" content=\"SOS Children\u2019s Villages Albania\" \/>\n<meta property=\"article:modified_time\" content=\"2023-12-13T13:56:24+00:00\" \/>\n<meta property=\"og:image\" content=\"https:\/\/soskd.org.al\/wp-content\/uploads\/2023\/10\/FAQ.png\" \/>\n<meta name=\"twitter:card\" content=\"summary_large_image\" \/>\n<meta name=\"twitter:label1\" content=\"Est. reading time\" \/>\n\t<meta name=\"twitter:data1\" content=\"3 minutes\" \/>\n<script type=\"application\/ld+json\" class=\"yoast-schema-graph\">{\"@context\":\"https:\/\/schema.org\",\"@graph\":[{\"@type\":\"WebPage\",\"@id\":\"https:\/\/soskd.org.al\/en\/faq\/\",\"url\":\"https:\/\/soskd.org.al\/en\/faq\/\",\"name\":\"Faq - SOS Children\u2019s Villages Albania\",\"isPartOf\":{\"@id\":\"https:\/\/soskd.org.al\/#website\"},\"datePublished\":\"2023-11-24T16:18:44+00:00\",\"dateModified\":\"2023-12-13T13:56:24+00:00\",\"breadcrumb\":{\"@id\":\"https:\/\/soskd.org.al\/en\/faq\/#breadcrumb\"},\"inLanguage\":\"en-US\",\"potentialAction\":[{\"@type\":\"ReadAction\",\"target\":[\"https:\/\/soskd.org.al\/en\/faq\/\"]}]},{\"@type\":\"BreadcrumbList\",\"@id\":\"https:\/\/soskd.org.al\/en\/faq\/#breadcrumb\",\"itemListElement\":[{\"@type\":\"ListItem\",\"position\":1,\"name\":\"Home\",\"item\":\"https:\/\/soskd.org.al\/\"},{\"@type\":\"ListItem\",\"position\":2,\"name\":\"Faq\"}]},{\"@type\":\"WebSite\",\"@id\":\"https:\/\/soskd.org.al\/#website\",\"url\":\"https:\/\/soskd.org.al\/\",\"name\":\"SOS Children\u2019s Villages Albania\",\"description\":\"Shoqat\u00eb me fokus mb\u00ebshtetjen e f\u00ebmij\u00ebve &amp; t\u00eb rinjve n\u00eb vend, pa kujdes prind\u00ebror ose n\u00eb rrezik p\u00ebr ta humbur at\u00eb.\",\"publisher\":{\"@id\":\"https:\/\/soskd.org.al\/#organization\"},\"potentialAction\":[{\"@type\":\"SearchAction\",\"target\":{\"@type\":\"EntryPoint\",\"urlTemplate\":\"https:\/\/soskd.org.al\/?s={search_term_string}\"},\"query-input\":\"required name=search_term_string\"}],\"inLanguage\":\"en-US\"},{\"@type\":\"Organization\",\"@id\":\"https:\/\/soskd.org.al\/#organization\",\"name\":\"SOS Children\u2019s Villages Albania\",\"url\":\"https:\/\/soskd.org.al\/\",\"logo\":{\"@type\":\"ImageObject\",\"inLanguage\":\"en-US\",\"@id\":\"https:\/\/soskd.org.al\/#\/schema\/logo\/image\/\",\"url\":\"https:\/\/soskd.org.al\/wp-content\/uploads\/2023\/09\/Logo-sos-en.svg\",\"contentUrl\":\"https:\/\/soskd.org.al\/wp-content\/uploads\/2023\/09\/Logo-sos-en.svg\",\"width\":205,\"height\":36,\"caption\":\"SOS Children\u2019s Villages Albania\"},\"image\":{\"@id\":\"https:\/\/soskd.org.al\/#\/schema\/logo\/image\/\"}}]}<\/script>\n<!-- \/ Yoast SEO plugin. -->","yoast_head_json":{"title":"Faq - SOS Children\u2019s Villages Albania","robots":{"index":"index","follow":"follow","max-snippet":"max-snippet:-1","max-image-preview":"max-image-preview:large","max-video-preview":"max-video-preview:-1"},"canonical":"https:\/\/soskd.org.al\/en\/faq\/","og_locale":"en_US","og_type":"article","og_title":"Faq - SOS Children\u2019s Villages Albania","og_description":"FAQ Here you can find answers to the most frequently asked questions about SOS Children&#8217;s Villages What is regular assistance? Monthly (or regular) assistance is assistance that is issued on the website once, after which it will be automatically debited from your card every month. In this way, you will help regularly without having to [&hellip;]","og_url":"https:\/\/soskd.org.al\/en\/faq\/","og_site_name":"SOS Children\u2019s Villages Albania","article_modified_time":"2023-12-13T13:56:24+00:00","og_image":[{"url":"https:\/\/soskd.org.al\/wp-content\/uploads\/2023\/10\/FAQ.png"}],"twitter_card":"summary_large_image","twitter_misc":{"Est. reading time":"3 minutes"},"schema":{"@context":"https:\/\/schema.org","@graph":[{"@type":"WebPage","@id":"https:\/\/soskd.org.al\/en\/faq\/","url":"https:\/\/soskd.org.al\/en\/faq\/","name":"Faq - SOS Children\u2019s Villages Albania","isPartOf":{"@id":"https:\/\/soskd.org.al\/#website"},"datePublished":"2023-11-24T16:18:44+00:00","dateModified":"2023-12-13T13:56:24+00:00","breadcrumb":{"@id":"https:\/\/soskd.org.al\/en\/faq\/#breadcrumb"},"inLanguage":"en-US","potentialAction":[{"@type":"ReadAction","target":["https:\/\/soskd.org.al\/en\/faq\/"]}]},{"@type":"BreadcrumbList","@id":"https:\/\/soskd.org.al\/en\/faq\/#breadcrumb","itemListElement":[{"@type":"ListItem","position":1,"name":"Home","item":"https:\/\/soskd.org.al\/"},{"@type":"ListItem","position":2,"name":"Faq"}]},{"@type":"WebSite","@id":"https:\/\/soskd.org.al\/#website","url":"https:\/\/soskd.org.al\/","name":"SOS Children\u2019s Villages Albania","description":"Shoqat\u00eb me fokus mb\u00ebshtetjen e f\u00ebmij\u00ebve &amp; t\u00eb rinjve n\u00eb vend, pa kujdes prind\u00ebror ose n\u00eb rrezik p\u00ebr ta humbur at\u00eb.","publisher":{"@id":"https:\/\/soskd.org.al\/#organization"},"potentialAction":[{"@type":"SearchAction","target":{"@type":"EntryPoint","urlTemplate":"https:\/\/soskd.org.al\/?s={search_term_string}"},"query-input":"required name=search_term_string"}],"inLanguage":"en-US"},{"@type":"Organization","@id":"https:\/\/soskd.org.al\/#organization","name":"SOS Children\u2019s Villages Albania","url":"https:\/\/soskd.org.al\/","logo":{"@type":"ImageObject","inLanguage":"en-US","@id":"https:\/\/soskd.org.al\/#\/schema\/logo\/image\/","url":"https:\/\/soskd.org.al\/wp-content\/uploads\/2023\/09\/Logo-sos-en.svg","contentUrl":"https:\/\/soskd.org.al\/wp-content\/uploads\/2023\/09\/Logo-sos-en.svg","width":205,"height":36,"caption":"SOS Children\u2019s Villages Albania"},"image":{"@id":"https:\/\/soskd.org.al\/#\/schema\/logo\/image\/"}}]}},"_links":{"self":[{"href":"https:\/\/soskd.org.al\/en\/wp-json\/wp\/v2\/pages\/2819","targetHints":{"allow":["GET"]}}],"collection":[{"href":"https:\/\/soskd.org.al\/en\/wp-json\/wp\/v2\/pages"}],"about":[{"href":"https:\/\/soskd.org.al\/en\/wp-json\/wp\/v2\/types\/page"}],"author":[{"embeddable":true,"href":"https:\/\/soskd.org.al\/en\/wp-json\/wp\/v2\/users\/1"}],"replies":[{"embeddable":true,"href":"https:\/\/soskd.org.al\/en\/wp-json\/wp\/v2\/comments?post=2819"}],"version-history":[{"count":16,"href":"https:\/\/soskd.org.al\/en\/wp-json\/wp\/v2\/pages\/2819\/revisions"}],"predecessor-version":[{"id":5972,"href":"https:\/\/soskd.org.al\/en\/wp-json\/wp\/v2\/pages\/2819\/revisions\/5972"}],"wp:attachment":[{"href":"https:\/\/soskd.org.al\/en\/wp-json\/wp\/v2\/media?parent=2819"}],"curies":[{"name":"wp","href":"https:\/\/api.w.org\/{rel}","templated":true}]}}