{"id":2916,"date":"2023-11-27T10:55:42","date_gmt":"2023-11-27T10:55:42","guid":{"rendered":"https:\/\/sosal.evolve-studio.xyz\/?page_id=2916"},"modified":"2025-02-06T11:42:20","modified_gmt":"2025-02-06T11:42:20","slug":"contact","status":"publish","type":"page","link":"https:\/\/soskd.org.al\/en\/contact\/","title":{"rendered":"Contact"},"content":{"rendered":"\t\t<div data-elementor-type=\"wp-page\" data-elementor-id=\"2916\" class=\"elementor elementor-2916\" data-elementor-post-type=\"page\">\n\t\t\t\t\t\t\t<div class=\"elementor-element elementor-element-6afda74 e-flex e-con-boxed e-con e-parent\" data-id=\"6afda74\" data-element_type=\"container\" data-settings=\"{&quot;background_background&quot;:&quot;classic&quot;,&quot;container_type&quot;:&quot;flex&quot;,&quot;content_width&quot;:&quot;boxed&quot;}\" data-e-bg-lazyload=\"\" data-core-v316-plus=\"true\">\n\t\t\t\t\t<div class=\"e-con-inner\">\n\t\t<div class=\"elementor-element elementor-element-14fd8b5 e-flex e-con-boxed elementor-invisible e-con e-child\" data-id=\"14fd8b5\" data-element_type=\"container\" data-settings=\"{&quot;animation&quot;:&quot;fadeInLeft&quot;,&quot;container_type&quot;:&quot;flex&quot;,&quot;content_width&quot;:&quot;boxed&quot;}\">\n\t\t\t\t\t<div class=\"e-con-inner\">\n\t\t\t\t<div class=\"elementor-element elementor-element-7db8ce0 elementor-widget elementor-widget-heading\" data-id=\"7db8ce0\" data-element_type=\"widget\" data-widget_type=\"heading.default\">\n\t\t\t\t<div class=\"elementor-widget-container\">\n\t\t\t<style>\/*! elementor - v3.16.0 - 14-09-2023 *\/\n.elementor-heading-title{padding:0;margin:0;line-height:1}.elementor-widget-heading .elementor-heading-title[class*=elementor-size-]>a{color:inherit;font-size:inherit;line-height:inherit}.elementor-widget-heading .elementor-heading-title.elementor-size-small{font-size:15px}.elementor-widget-heading .elementor-heading-title.elementor-size-medium{font-size:19px}.elementor-widget-heading .elementor-heading-title.elementor-size-large{font-size:29px}.elementor-widget-heading .elementor-heading-title.elementor-size-xl{font-size:39px}.elementor-widget-heading .elementor-heading-title.elementor-size-xxl{font-size:59px}<\/style><h2 class=\"elementor-heading-title elementor-size-default\">Contact<\/h2>\t\t<\/div>\n\t\t\t\t<\/div>\n\t\t\t\t\t<\/div>\n\t\t\t\t<\/div>\n\t\t<div class=\"elementor-element elementor-element-35fe8ab e-flex e-con-boxed e-con e-child\" data-id=\"35fe8ab\" data-element_type=\"container\" data-settings=\"{&quot;container_type&quot;:&quot;flex&quot;,&quot;content_width&quot;:&quot;boxed&quot;}\">\n\t\t\t\t\t<div class=\"e-con-inner\">\n\t\t\t\t\t<\/div>\n\t\t\t\t<\/div>\n\t\t\t\t\t<\/div>\n\t\t\t\t<\/div>\n\t\t<div class=\"elementor-element elementor-element-509c54e e-flex e-con-boxed e-con e-parent\" data-id=\"509c54e\" data-element_type=\"container\" data-settings=\"{&quot;container_type&quot;:&quot;flex&quot;,&quot;content_width&quot;:&quot;boxed&quot;}\" data-core-v316-plus=\"true\">\n\t\t\t\t\t<div class=\"e-con-inner\">\n\t\t<div class=\"elementor-element elementor-element-cdf2395 e-con-full layering-sos left-after e-flex elementor-invisible e-con e-child\" data-id=\"cdf2395\" data-element_type=\"container\" data-settings=\"{&quot;content_width&quot;:&quot;full&quot;,&quot;animation&quot;:&quot;fadeInDown&quot;,&quot;background_background&quot;:&quot;classic&quot;,&quot;container_type&quot;:&quot;flex&quot;}\">\n\t\t<div class=\"elementor-element elementor-element-e0c7423 e-con-full e-flex e-con e-child\" data-id=\"e0c7423\" data-element_type=\"container\" data-settings=\"{&quot;content_width&quot;:&quot;full&quot;,&quot;background_background&quot;:&quot;classic&quot;,&quot;container_type&quot;:&quot;flex&quot;}\">\n\t\t\t\t<div class=\"elementor-element elementor-element-849eed5 elementor-widget elementor-widget-heading\" data-id=\"849eed5\" data-element_type=\"widget\" data-widget_type=\"heading.default\">\n\t\t\t\t<div class=\"elementor-widget-container\">\n\t\t\t<h2 class=\"elementor-heading-title elementor-size-default\">National office<\/h2>\t\t<\/div>\n\t\t\t\t<\/div>\n\t\t\t\t<div class=\"elementor-element elementor-element-26f9c9d elementor-icon-list--layout-traditional elementor-list-item-link-full_width elementor-widget elementor-widget-icon-list\" data-id=\"26f9c9d\" data-element_type=\"widget\" data-widget_type=\"icon-list.default\">\n\t\t\t\t<div class=\"elementor-widget-container\">\n\t\t\t<link rel=\"stylesheet\" href=\"https:\/\/soskd.org.al\/wp-content\/plugins\/elementor\/assets\/css\/widget-icon-list.min.css\">\t\t<ul class=\"elementor-icon-list-items\">\n\t\t\t\t\t\t\t<li class=\"elementor-icon-list-item\">\n\t\t\t\t\t\t\t\t\t\t\t<a href=\"tel:+35544536901\">\n\n\t\t\t\t\t\t\t\t\t\t\t\t<span class=\"elementor-icon-list-icon\">\n\t\t\t\t\t\t\t<i aria-hidden=\"true\" class=\"fas fa-phone-alt\"><\/i>\t\t\t\t\t\t<\/span>\n\t\t\t\t\t\t\t\t\t\t<span class=\"elementor-icon-list-text\">+355 44 536901<\/span>\n\t\t\t\t\t\t\t\t\t\t\t<\/a>\n\t\t\t\t\t\t\t\t\t<\/li>\n\t\t\t\t\t\t\t\t<li class=\"elementor-icon-list-item\">\n\t\t\t\t\t\t\t\t\t\t\t<span class=\"elementor-icon-list-icon\">\n\t\t\t\t\t\t\t<i aria-hidden=\"true\" class=\"fas fa-map-pin\"><\/i>\t\t\t\t\t\t<\/span>\n\t\t\t\t\t\t\t\t\t\t<span class=\"elementor-icon-list-text\">Str. Qemal Stafa, P1, Ap 15<br> P.O Box 1524 <br>Tirana, Albania<\/span>\n\t\t\t\t\t\t\t\t\t<\/li>\n\t\t\t\t\t\t\t\t<li class=\"elementor-icon-list-item\">\n\t\t\t\t\t\t\t\t\t\t\t<a href=\"mailto:info@soskd.org.al\">\n\n\t\t\t\t\t\t\t\t\t\t\t\t<span class=\"elementor-icon-list-icon\">\n\t\t\t\t\t\t\t<i aria-hidden=\"true\" class=\"fas fa-envelope\"><\/i>\t\t\t\t\t\t<\/span>\n\t\t\t\t\t\t\t\t\t\t<span class=\"elementor-icon-list-text\">info@soskd.org.al<\/span>\n\t\t\t\t\t\t\t\t\t\t\t<\/a>\n\t\t\t\t\t\t\t\t\t<\/li>\n\t\t\t\t\t\t<\/ul>\n\t\t\t\t<\/div>\n\t\t\t\t<\/div>\n\t\t\t\t<\/div>\n\t\t\t\t<\/div>\n\t\t\t\t\t<\/div>\n\t\t\t\t<\/div>\n\t\t<div class=\"elementor-element elementor-element-07c4fdd e-flex e-con-boxed e-con e-parent\" data-id=\"07c4fdd\" data-element_type=\"container\" data-settings=\"{&quot;container_type&quot;:&quot;flex&quot;,&quot;content_width&quot;:&quot;boxed&quot;}\" data-core-v316-plus=\"true\">\n\t\t\t\t\t<div class=\"e-con-inner\">\n\t\t\t\t<div class=\"elementor-element elementor-element-2312b6e title_line elementor-invisible elementor-widget elementor-widget-heading\" data-id=\"2312b6e\" data-element_type=\"widget\" data-settings=\"{&quot;_animation&quot;:&quot;fadeInLeft&quot;}\" data-widget_type=\"heading.default\">\n\t\t\t\t<div class=\"elementor-widget-container\">\n\t\t\t<h2 class=\"elementor-heading-title elementor-size-default\">Our Location<\/h2>\t\t<\/div>\n\t\t\t\t<\/div>\n\t\t\t\t\t<\/div>\n\t\t\t\t<\/div>\n\t\t<div class=\"elementor-element elementor-element-05f01ee e-flex e-con-boxed e-con e-parent\" data-id=\"05f01ee\" data-element_type=\"container\" data-settings=\"{&quot;container_type&quot;:&quot;flex&quot;,&quot;content_width&quot;:&quot;boxed&quot;}\" data-core-v316-plus=\"true\">\n\t\t\t\t\t<div class=\"e-con-inner\">\n\t\t\t\t<div class=\"elementor-element elementor-element-ca5d347 elementor-widget elementor-widget-text-editor\" data-id=\"ca5d347\" data-element_type=\"widget\" data-widget_type=\"text-editor.default\">\n\t\t\t\t<div class=\"elementor-widget-container\">\n\t\t\t<style>\/*! elementor - v3.16.0 - 14-09-2023 *\/\n.elementor-widget-text-editor.elementor-drop-cap-view-stacked .elementor-drop-cap{background-color:#69727d;color:#fff}.elementor-widget-text-editor.elementor-drop-cap-view-framed .elementor-drop-cap{color:#69727d;border:3px solid;background-color:transparent}.elementor-widget-text-editor:not(.elementor-drop-cap-view-default) .elementor-drop-cap{margin-top:8px}.elementor-widget-text-editor:not(.elementor-drop-cap-view-default) .elementor-drop-cap-letter{width:1em;height:1em}.elementor-widget-text-editor .elementor-drop-cap{float:left;text-align:center;line-height:1;font-size:50px}.elementor-widget-text-editor .elementor-drop-cap-letter{display:inline-block}<\/style>\t\t\t\t<iframe src=\"https:\/\/www.google.com\/maps\/embed?pb=!1m14!1m8!1m3!1d11988.523632162136!2d19.8351838!3d41.3060157!3m2!1i1024!2i768!4f13.1!3m3!1m2!1s0x135030dcb83aaf23%3A0xa1391b197a122ebb!2sFshati%20SOS!5e0!3m2!1sen!2s!4v1701084053679!5m2!1sen!2s\" width=\"600\" height=\"450\" style=\"border:0;\" allowfullscreen=\"\" loading=\"lazy\" referrerpolicy=\"no-referrer-when-downgrade\"><\/iframe>\t\t\t\t\t\t<\/div>\n\t\t\t\t<\/div>\n\t\t\t\t\t<\/div>\n\t\t\t\t<\/div>\n\t\t\t\t\t\t\t<\/div>\n\t\t","protected":false},"excerpt":{"rendered":"<p>Contact National office +355 44 536901 Str. Qemal Stafa, P1, Ap 15 P.O Box 1524 Tirana, Albania info@soskd.org.al Our Location<\/p>\n","protected":false},"author":1,"featured_media":0,"parent":0,"menu_order":0,"comment_status":"closed","ping_status":"closed","template":"elementor_header_footer","meta":{"inline_featured_image":false,"_monsterinsights_skip_tracking":false,"_monsterinsights_sitenote_active":false,"_monsterinsights_sitenote_note":"","_monsterinsights_sitenote_category":0,"footnotes":""},"class_list":["post-2916","page","type-page","status-publish","hentry"],"yoast_head":"<!-- This site is optimized with the Yoast SEO plugin v21.7 - https:\/\/yoast.com\/wordpress\/plugins\/seo\/ -->\n<title>Contact - SOS Children\u2019s Villages Albania<\/title>\n<meta name=\"robots\" content=\"index, follow, max-snippet:-1, max-image-preview:large, max-video-preview:-1\" \/>\n<link rel=\"canonical\" href=\"https:\/\/soskd.org.al\/en\/contact\/\" \/>\n<meta property=\"og:locale\" content=\"en_US\" \/>\n<meta property=\"og:type\" content=\"article\" \/>\n<meta property=\"og:title\" content=\"Contact - SOS Children\u2019s Villages Albania\" \/>\n<meta property=\"og:description\" content=\"Contact National office +355 44 536901 Str. Qemal Stafa, P1, Ap 15 P.O Box 1524 Tirana, Albania info@soskd.org.al Our Location\" \/>\n<meta property=\"og:url\" content=\"https:\/\/soskd.org.al\/en\/contact\/\" \/>\n<meta property=\"og:site_name\" content=\"SOS Children\u2019s Villages Albania\" \/>\n<meta property=\"article:modified_time\" content=\"2025-02-06T11:42:20+00:00\" \/>\n<meta name=\"twitter:card\" content=\"summary_large_image\" \/>\n<meta name=\"twitter:label1\" content=\"Est. reading time\" \/>\n\t<meta name=\"twitter:data1\" content=\"1 minute\" \/>\n<script type=\"application\/ld+json\" class=\"yoast-schema-graph\">{\"@context\":\"https:\/\/schema.org\",\"@graph\":[{\"@type\":\"WebPage\",\"@id\":\"https:\/\/soskd.org.al\/en\/contact\/\",\"url\":\"https:\/\/soskd.org.al\/en\/contact\/\",\"name\":\"Contact - SOS Children\u2019s Villages Albania\",\"isPartOf\":{\"@id\":\"https:\/\/soskd.org.al\/#website\"},\"datePublished\":\"2023-11-27T10:55:42+00:00\",\"dateModified\":\"2025-02-06T11:42:20+00:00\",\"breadcrumb\":{\"@id\":\"https:\/\/soskd.org.al\/en\/contact\/#breadcrumb\"},\"inLanguage\":\"en-US\",\"potentialAction\":[{\"@type\":\"ReadAction\",\"target\":[\"https:\/\/soskd.org.al\/en\/contact\/\"]}]},{\"@type\":\"BreadcrumbList\",\"@id\":\"https:\/\/soskd.org.al\/en\/contact\/#breadcrumb\",\"itemListElement\":[{\"@type\":\"ListItem\",\"position\":1,\"name\":\"Home\",\"item\":\"https:\/\/soskd.org.al\/\"},{\"@type\":\"ListItem\",\"position\":2,\"name\":\"Contact\"}]},{\"@type\":\"WebSite\",\"@id\":\"https:\/\/soskd.org.al\/#website\",\"url\":\"https:\/\/soskd.org.al\/\",\"name\":\"SOS Children\u2019s Villages Albania\",\"description\":\"Shoqat\u00eb me fokus mb\u00ebshtetjen e f\u00ebmij\u00ebve &amp; t\u00eb rinjve n\u00eb vend, pa kujdes prind\u00ebror ose n\u00eb rrezik p\u00ebr ta humbur at\u00eb.\",\"publisher\":{\"@id\":\"https:\/\/soskd.org.al\/#organization\"},\"potentialAction\":[{\"@type\":\"SearchAction\",\"target\":{\"@type\":\"EntryPoint\",\"urlTemplate\":\"https:\/\/soskd.org.al\/?s={search_term_string}\"},\"query-input\":\"required name=search_term_string\"}],\"inLanguage\":\"en-US\"},{\"@type\":\"Organization\",\"@id\":\"https:\/\/soskd.org.al\/#organization\",\"name\":\"SOS Children\u2019s Villages Albania\",\"url\":\"https:\/\/soskd.org.al\/\",\"logo\":{\"@type\":\"ImageObject\",\"inLanguage\":\"en-US\",\"@id\":\"https:\/\/soskd.org.al\/#\/schema\/logo\/image\/\",\"url\":\"https:\/\/soskd.org.al\/wp-content\/uploads\/2023\/09\/Logo-sos-en.svg\",\"contentUrl\":\"https:\/\/soskd.org.al\/wp-content\/uploads\/2023\/09\/Logo-sos-en.svg\",\"width\":205,\"height\":36,\"caption\":\"SOS Children\u2019s Villages Albania\"},\"image\":{\"@id\":\"https:\/\/soskd.org.al\/#\/schema\/logo\/image\/\"}}]}<\/script>\n<!-- \/ Yoast SEO plugin. -->","yoast_head_json":{"title":"Contact - SOS Children\u2019s Villages Albania","robots":{"index":"index","follow":"follow","max-snippet":"max-snippet:-1","max-image-preview":"max-image-preview:large","max-video-preview":"max-video-preview:-1"},"canonical":"https:\/\/soskd.org.al\/en\/contact\/","og_locale":"en_US","og_type":"article","og_title":"Contact - SOS Children\u2019s Villages Albania","og_description":"Contact National office +355 44 536901 Str. Qemal Stafa, P1, Ap 15 P.O Box 1524 Tirana, Albania info@soskd.org.al Our Location","og_url":"https:\/\/soskd.org.al\/en\/contact\/","og_site_name":"SOS Children\u2019s Villages Albania","article_modified_time":"2025-02-06T11:42:20+00:00","twitter_card":"summary_large_image","twitter_misc":{"Est. reading time":"1 minute"},"schema":{"@context":"https:\/\/schema.org","@graph":[{"@type":"WebPage","@id":"https:\/\/soskd.org.al\/en\/contact\/","url":"https:\/\/soskd.org.al\/en\/contact\/","name":"Contact - SOS Children\u2019s Villages Albania","isPartOf":{"@id":"https:\/\/soskd.org.al\/#website"},"datePublished":"2023-11-27T10:55:42+00:00","dateModified":"2025-02-06T11:42:20+00:00","breadcrumb":{"@id":"https:\/\/soskd.org.al\/en\/contact\/#breadcrumb"},"inLanguage":"en-US","potentialAction":[{"@type":"ReadAction","target":["https:\/\/soskd.org.al\/en\/contact\/"]}]},{"@type":"BreadcrumbList","@id":"https:\/\/soskd.org.al\/en\/contact\/#breadcrumb","itemListElement":[{"@type":"ListItem","position":1,"name":"Home","item":"https:\/\/soskd.org.al\/"},{"@type":"ListItem","position":2,"name":"Contact"}]},{"@type":"WebSite","@id":"https:\/\/soskd.org.al\/#website","url":"https:\/\/soskd.org.al\/","name":"SOS Children\u2019s Villages Albania","description":"Shoqat\u00eb me fokus mb\u00ebshtetjen e f\u00ebmij\u00ebve &amp; t\u00eb rinjve n\u00eb vend, pa kujdes prind\u00ebror ose n\u00eb rrezik p\u00ebr ta humbur at\u00eb.","publisher":{"@id":"https:\/\/soskd.org.al\/#organization"},"potentialAction":[{"@type":"SearchAction","target":{"@type":"EntryPoint","urlTemplate":"https:\/\/soskd.org.al\/?s={search_term_string}"},"query-input":"required name=search_term_string"}],"inLanguage":"en-US"},{"@type":"Organization","@id":"https:\/\/soskd.org.al\/#organization","name":"SOS Children\u2019s Villages Albania","url":"https:\/\/soskd.org.al\/","logo":{"@type":"ImageObject","inLanguage":"en-US","@id":"https:\/\/soskd.org.al\/#\/schema\/logo\/image\/","url":"https:\/\/soskd.org.al\/wp-content\/uploads\/2023\/09\/Logo-sos-en.svg","contentUrl":"https:\/\/soskd.org.al\/wp-content\/uploads\/2023\/09\/Logo-sos-en.svg","width":205,"height":36,"caption":"SOS Children\u2019s Villages Albania"},"image":{"@id":"https:\/\/soskd.org.al\/#\/schema\/logo\/image\/"}}]}},"_links":{"self":[{"href":"https:\/\/soskd.org.al\/en\/wp-json\/wp\/v2\/pages\/2916","targetHints":{"allow":["GET"]}}],"collection":[{"href":"https:\/\/soskd.org.al\/en\/wp-json\/wp\/v2\/pages"}],"about":[{"href":"https:\/\/soskd.org.al\/en\/wp-json\/wp\/v2\/types\/page"}],"author":[{"embeddable":true,"href":"https:\/\/soskd.org.al\/en\/wp-json\/wp\/v2\/users\/1"}],"replies":[{"embeddable":true,"href":"https:\/\/soskd.org.al\/en\/wp-json\/wp\/v2\/comments?post=2916"}],"version-history":[{"count":58,"href":"https:\/\/soskd.org.al\/en\/wp-json\/wp\/v2\/pages\/2916\/revisions"}],"predecessor-version":[{"id":10271,"href":"https:\/\/soskd.org.al\/en\/wp-json\/wp\/v2\/pages\/2916\/revisions\/10271"}],"wp:attachment":[{"href":"https:\/\/soskd.org.al\/en\/wp-json\/wp\/v2\/media?parent=2916"}],"curies":[{"name":"wp","href":"https:\/\/api.w.org\/{rel}","templated":true}]}}