{"id":3027,"date":"2023-11-27T13:25:44","date_gmt":"2023-11-27T13:25:44","guid":{"rendered":"https:\/\/sosal.evolve-studio.xyz\/?page_id=3027"},"modified":"2023-12-15T13:42:39","modified_gmt":"2023-12-15T13:42:39","slug":"be-our-partner","status":"publish","type":"page","link":"https:\/\/soskd.org.al\/en\/be-our-partner\/","title":{"rendered":"Be Our Partner"},"content":{"rendered":"\t\t<div data-elementor-type=\"wp-page\" data-elementor-id=\"3027\" class=\"elementor elementor-3027\" data-elementor-post-type=\"page\">\n\t\t\t\t\t\t\t<div class=\"elementor-element elementor-element-ae0a3be e-flex e-con-boxed e-con e-parent\" data-id=\"ae0a3be\" data-element_type=\"container\" data-settings=\"{&quot;background_background&quot;:&quot;classic&quot;,&quot;container_type&quot;:&quot;flex&quot;,&quot;content_width&quot;:&quot;boxed&quot;}\" data-e-bg-lazyload=\"\" data-core-v316-plus=\"true\">\n\t\t\t\t\t<div class=\"e-con-inner\">\n\t\t<div class=\"elementor-element elementor-element-b7b7756 e-flex e-con-boxed elementor-invisible e-con e-child\" data-id=\"b7b7756\" data-element_type=\"container\" data-settings=\"{&quot;animation&quot;:&quot;fadeInLeft&quot;,&quot;container_type&quot;:&quot;flex&quot;,&quot;content_width&quot;:&quot;boxed&quot;}\">\n\t\t\t\t\t<div class=\"e-con-inner\">\n\t\t\t\t<div class=\"elementor-element elementor-element-32561c5 elementor-widget elementor-widget-heading\" data-id=\"32561c5\" data-element_type=\"widget\" data-widget_type=\"heading.default\">\n\t\t\t\t<div class=\"elementor-widget-container\">\n\t\t\t<style>\/*! elementor - v3.16.0 - 14-09-2023 *\/\n.elementor-heading-title{padding:0;margin:0;line-height:1}.elementor-widget-heading .elementor-heading-title[class*=elementor-size-]>a{color:inherit;font-size:inherit;line-height:inherit}.elementor-widget-heading .elementor-heading-title.elementor-size-small{font-size:15px}.elementor-widget-heading .elementor-heading-title.elementor-size-medium{font-size:19px}.elementor-widget-heading .elementor-heading-title.elementor-size-large{font-size:29px}.elementor-widget-heading .elementor-heading-title.elementor-size-xl{font-size:39px}.elementor-widget-heading .elementor-heading-title.elementor-size-xxl{font-size:59px}<\/style><h2 class=\"elementor-heading-title elementor-size-default\">Why should you collaborate with us?<\/h2>\t\t<\/div>\n\t\t\t\t<\/div>\n\t\t\t\t<div class=\"elementor-element elementor-element-2bd8da0 elementor-widget elementor-widget-image\" data-id=\"2bd8da0\" data-element_type=\"widget\" data-widget_type=\"image.default\">\n\t\t\t\t<div class=\"elementor-widget-container\">\n\t\t\t<style>\/*! elementor - v3.16.0 - 14-09-2023 *\/\n.elementor-widget-image{text-align:center}.elementor-widget-image a{display:inline-block}.elementor-widget-image a img[src$=\".svg\"]{width:48px}.elementor-widget-image img{vertical-align:middle;display:inline-block}<\/style>\t\t\t\t\t\t\t\t\t\t\t\t\t<a href=\"\/en\/donate-online\/\">\n\t\t\t\t\t\t\t<img loading=\"lazy\" decoding=\"async\" width=\"251\" height=\"83\" src=\"https:\/\/soskd.org.al\/wp-content\/uploads\/2023\/10\/donate-now-icon.svg\" class=\"attachment-full size-full wp-image-2225\" alt=\"\" \/>\t\t\t\t\t\t\t\t<\/a>\n\t\t\t\t\t\t\t\t\t\t\t\t\t\t\t<\/div>\n\t\t\t\t<\/div>\n\t\t\t\t\t<\/div>\n\t\t\t\t<\/div>\n\t\t<div class=\"elementor-element elementor-element-3056580 e-flex e-con-boxed e-con e-child\" data-id=\"3056580\" data-element_type=\"container\" data-settings=\"{&quot;container_type&quot;:&quot;flex&quot;,&quot;content_width&quot;:&quot;boxed&quot;}\">\n\t\t\t\t\t<div class=\"e-con-inner\">\n\t\t\t\t\t<\/div>\n\t\t\t\t<\/div>\n\t\t\t\t\t<\/div>\n\t\t\t\t<\/div>\n\t\t<div class=\"elementor-element elementor-element-366d13b e-flex e-con-boxed e-con e-parent\" data-id=\"366d13b\" data-element_type=\"container\" data-settings=\"{&quot;container_type&quot;:&quot;flex&quot;,&quot;content_width&quot;:&quot;boxed&quot;}\" data-core-v316-plus=\"true\">\n\t\t\t\t\t<div class=\"e-con-inner\">\n\t\t<div class=\"elementor-element elementor-element-56e3f37 e-con-full list-section-sos e-flex e-con e-child\" data-id=\"56e3f37\" data-element_type=\"container\" data-settings=\"{&quot;content_width&quot;:&quot;full&quot;,&quot;container_type&quot;:&quot;flex&quot;}\">\n\t\t\t\t<div class=\"elementor-element elementor-element-c487614 elementor-widget elementor-widget-heading\" data-id=\"c487614\" data-element_type=\"widget\" data-widget_type=\"heading.default\">\n\t\t\t\t<div class=\"elementor-widget-container\">\n\t\t\t<h2 class=\"elementor-heading-title elementor-size-default\">Become our valued PARTNER<\/h2>\t\t<\/div>\n\t\t\t\t<\/div>\n\t\t\t\t<div class=\"elementor-element elementor-element-9f2ff33 elementor-icon-list--layout-traditional elementor-list-item-link-full_width elementor-widget elementor-widget-icon-list\" data-id=\"9f2ff33\" data-element_type=\"widget\" data-widget_type=\"icon-list.default\">\n\t\t\t\t<div class=\"elementor-widget-container\">\n\t\t\t<link rel=\"stylesheet\" href=\"https:\/\/soskd.org.al\/wp-content\/plugins\/elementor\/assets\/css\/widget-icon-list.min.css\">\t\t<ul class=\"elementor-icon-list-items\">\n\t\t\t\t\t\t\t<li class=\"elementor-icon-list-item\">\n\t\t\t\t\t\t\t\t\t\t\t<span class=\"elementor-icon-list-icon\">\n\t\t\t\t\t\t\t<svg xmlns=\"http:\/\/www.w3.org\/2000\/svg\" xmlns:xlink=\"http:\/\/www.w3.org\/1999\/xlink\" x=\"0px\" y=\"0px\" viewBox=\"0 0 50 50\" style=\"enable-background:new 0 0 50 50;\" xml:space=\"preserve\"><style type=\"text\/css\">\t.st0{fill:#EF4D69;}<\/style><g id=\"background\"><\/g><g id=\"objects\">\t<path class=\"st0\" d=\"M49.5,16.2c0,14.1-14,14.5-23.6,29.7c-0.4,0.6-1.4,0.6-1.8,0C14.5,30.7,0.5,30.2,0.5,16.2   c0-7.7,6.4-12.5,12.7-12.5c5,0,9.3,2.7,11.8,6.7c2.4-4,6.8-6.7,11.8-6.7C43.1,3.7,49.5,8.4,49.5,16.2z\"><\/path><\/g><\/svg>\t\t\t\t\t\t<\/span>\n\t\t\t\t\t\t\t\t\t\t<span class=\"elementor-icon-list-text\">Because no child should grow up alone.<\/span>\n\t\t\t\t\t\t\t\t\t<\/li>\n\t\t\t\t\t\t\t\t<li class=\"elementor-icon-list-item\">\n\t\t\t\t\t\t\t\t\t\t\t<span class=\"elementor-icon-list-icon\">\n\t\t\t\t\t\t\t<svg xmlns=\"http:\/\/www.w3.org\/2000\/svg\" xmlns:xlink=\"http:\/\/www.w3.org\/1999\/xlink\" x=\"0px\" y=\"0px\" viewBox=\"0 0 50 50\" style=\"enable-background:new 0 0 50 50;\" xml:space=\"preserve\"><style type=\"text\/css\">\t.st0{fill:#EF4D69;}<\/style><g id=\"background\"><\/g><g id=\"objects\">\t<path class=\"st0\" d=\"M49.5,16.2c0,14.1-14,14.5-23.6,29.7c-0.4,0.6-1.4,0.6-1.8,0C14.5,30.7,0.5,30.2,0.5,16.2   c0-7.7,6.4-12.5,12.7-12.5c5,0,9.3,2.7,11.8,6.7c2.4-4,6.8-6.7,11.8-6.7C43.1,3.7,49.5,8.4,49.5,16.2z\"><\/path><\/g><\/svg>\t\t\t\t\t\t<\/span>\n\t\t\t\t\t\t\t\t\t\t<span class=\"elementor-icon-list-text\">Because your support has a concrete impact on specific needs, in line with your company's core business\/ mission\/ vision.<\/span>\n\t\t\t\t\t\t\t\t\t<\/li>\n\t\t\t\t\t\t\t\t<li class=\"elementor-icon-list-item\">\n\t\t\t\t\t\t\t\t\t\t\t<span class=\"elementor-icon-list-icon\">\n\t\t\t\t\t\t\t<svg xmlns=\"http:\/\/www.w3.org\/2000\/svg\" xmlns:xlink=\"http:\/\/www.w3.org\/1999\/xlink\" x=\"0px\" y=\"0px\" viewBox=\"0 0 50 50\" style=\"enable-background:new 0 0 50 50;\" xml:space=\"preserve\"><style type=\"text\/css\">\t.st0{fill:#EF4D69;}<\/style><g id=\"background\"><\/g><g id=\"objects\">\t<path class=\"st0\" d=\"M49.5,16.2c0,14.1-14,14.5-23.6,29.7c-0.4,0.6-1.4,0.6-1.8,0C14.5,30.7,0.5,30.2,0.5,16.2   c0-7.7,6.4-12.5,12.7-12.5c5,0,9.3,2.7,11.8,6.7c2.4-4,6.8-6.7,11.8-6.7C43.1,3.7,49.5,8.4,49.5,16.2z\"><\/path><\/g><\/svg>\t\t\t\t\t\t<\/span>\n\t\t\t\t\t\t\t\t\t\t<span class=\"elementor-icon-list-text\">Because SOS Children's Villages participates in a concrete way in the achievement of the Sustainable Development Goals 2030 (defined by the United Nations).<\/span>\n\t\t\t\t\t\t\t\t\t<\/li>\n\t\t\t\t\t\t\t\t<li class=\"elementor-icon-list-item\">\n\t\t\t\t\t\t\t\t\t\t\t<span class=\"elementor-icon-list-icon\">\n\t\t\t\t\t\t\t<svg xmlns=\"http:\/\/www.w3.org\/2000\/svg\" xmlns:xlink=\"http:\/\/www.w3.org\/1999\/xlink\" x=\"0px\" y=\"0px\" viewBox=\"0 0 50 50\" style=\"enable-background:new 0 0 50 50;\" xml:space=\"preserve\"><style type=\"text\/css\">\t.st0{fill:#EF4D69;}<\/style><g id=\"background\"><\/g><g id=\"objects\">\t<path class=\"st0\" d=\"M49.5,16.2c0,14.1-14,14.5-23.6,29.7c-0.4,0.6-1.4,0.6-1.8,0C14.5,30.7,0.5,30.2,0.5,16.2   c0-7.7,6.4-12.5,12.7-12.5c5,0,9.3,2.7,11.8,6.7c2.4-4,6.8-6.7,11.8-6.7C43.1,3.7,49.5,8.4,49.5,16.2z\"><\/path><\/g><\/svg>\t\t\t\t\t\t<\/span>\n\t\t\t\t\t\t\t\t\t\t<span class=\"elementor-icon-list-text\">Because this way you show that you are a purpose-driven company, whose social purpose is integral to its operation.<\/span>\n\t\t\t\t\t\t\t\t\t<\/li>\n\t\t\t\t\t\t\t\t<li class=\"elementor-icon-list-item\">\n\t\t\t\t\t\t\t\t\t\t\t<span class=\"elementor-icon-list-icon\">\n\t\t\t\t\t\t\t<svg xmlns=\"http:\/\/www.w3.org\/2000\/svg\" xmlns:xlink=\"http:\/\/www.w3.org\/1999\/xlink\" x=\"0px\" y=\"0px\" viewBox=\"0 0 50 50\" style=\"enable-background:new 0 0 50 50;\" xml:space=\"preserve\"><style type=\"text\/css\">\t.st0{fill:#EF4D69;}<\/style><g id=\"background\"><\/g><g id=\"objects\">\t<path class=\"st0\" d=\"M49.5,16.2c0,14.1-14,14.5-23.6,29.7c-0.4,0.6-1.4,0.6-1.8,0C14.5,30.7,0.5,30.2,0.5,16.2   c0-7.7,6.4-12.5,12.7-12.5c5,0,9.3,2.7,11.8,6.7c2.4-4,6.8-6.7,11.8-6.7C43.1,3.7,49.5,8.4,49.5,16.2z\"><\/path><\/g><\/svg>\t\t\t\t\t\t<\/span>\n\t\t\t\t\t\t\t\t\t\t<span class=\"elementor-icon-list-text\">Because you are entering into a partnership with people who strive to understand your issues and think about them in a strategic and creative way, just like you.<\/span>\n\t\t\t\t\t\t\t\t\t<\/li>\n\t\t\t\t\t\t<\/ul>\n\t\t\t\t<\/div>\n\t\t\t\t<\/div>\n\t\t\t\t<\/div>\n\t\t<div class=\"elementor-element elementor-element-c65589c e-con-full layering-sos e-flex elementor-invisible e-con e-child\" data-id=\"c65589c\" data-element_type=\"container\" data-settings=\"{&quot;content_width&quot;:&quot;full&quot;,&quot;animation&quot;:&quot;fadeInDown&quot;,&quot;container_type&quot;:&quot;flex&quot;}\">\n\t\t<div class=\"elementor-element elementor-element-cd96f55 e-con-full e-flex e-con e-child\" data-id=\"cd96f55\" data-element_type=\"container\" data-settings=\"{&quot;content_width&quot;:&quot;full&quot;,&quot;background_background&quot;:&quot;classic&quot;,&quot;container_type&quot;:&quot;flex&quot;}\">\n\t\t\t\t<div class=\"elementor-element elementor-element-9882d51 elementor-widget elementor-widget-text-editor\" data-id=\"9882d51\" data-element_type=\"widget\" data-widget_type=\"text-editor.default\">\n\t\t\t\t<div class=\"elementor-widget-container\">\n\t\t\t<style>\/*! elementor - v3.16.0 - 14-09-2023 *\/\n.elementor-widget-text-editor.elementor-drop-cap-view-stacked .elementor-drop-cap{background-color:#69727d;color:#fff}.elementor-widget-text-editor.elementor-drop-cap-view-framed .elementor-drop-cap{color:#69727d;border:3px solid;background-color:transparent}.elementor-widget-text-editor:not(.elementor-drop-cap-view-default) .elementor-drop-cap{margin-top:8px}.elementor-widget-text-editor:not(.elementor-drop-cap-view-default) .elementor-drop-cap-letter{width:1em;height:1em}.elementor-widget-text-editor .elementor-drop-cap{float:left;text-align:center;line-height:1;font-size:50px}.elementor-widget-text-editor .elementor-drop-cap-letter{display:inline-block}<\/style>\t\t\t\tWe tailor our partnerships to make them strategic and impact focused. We work together to deliver the maximum benefit for children and their families while aligning with your brand, values and goals.\t\t\t\t\t\t<\/div>\n\t\t\t\t<\/div>\n\t\t\t\t<\/div>\n\t\t\t\t<\/div>\n\t\t\t\t\t<\/div>\n\t\t\t\t<\/div>\n\t\t<div class=\"elementor-element elementor-element-a516c2d e-flex e-con-boxed e-con e-parent\" data-id=\"a516c2d\" data-element_type=\"container\" data-settings=\"{&quot;background_background&quot;:&quot;classic&quot;,&quot;container_type&quot;:&quot;flex&quot;,&quot;content_width&quot;:&quot;boxed&quot;}\" data-core-v316-plus=\"true\">\n\t\t\t\t\t<div class=\"e-con-inner\">\n\t\t\t\t<div class=\"elementor-element elementor-element-6c89b01 elementor-widget__width-initial elementor-widget elementor-widget-text-editor\" data-id=\"6c89b01\" data-element_type=\"widget\" data-widget_type=\"text-editor.default\">\n\t\t\t\t<div class=\"elementor-widget-container\">\n\t\t\t\t\t\t\tWhether you are an SME or a large company, various possibilities are open to you:\t\t\t\t\t\t<\/div>\n\t\t\t\t<\/div>\n\t\t<div class=\"elementor-element elementor-element-7c3aaba how_can_you_help e-flex e-con-boxed e-con e-child\" data-id=\"7c3aaba\" data-element_type=\"container\" data-settings=\"{&quot;container_type&quot;:&quot;flex&quot;,&quot;content_width&quot;:&quot;boxed&quot;}\">\n\t\t\t\t\t<div class=\"e-con-inner\">\n\t\t<div class=\"elementor-element elementor-element-002cf62 e-con-full e-flex e-con e-child\" data-id=\"002cf62\" data-element_type=\"container\" data-settings=\"{&quot;background_background&quot;:&quot;classic&quot;,&quot;content_width&quot;:&quot;full&quot;,&quot;container_type&quot;:&quot;flex&quot;}\">\n\t\t\t\t<div class=\"elementor-element elementor-element-7476af2 elementor-widget elementor-widget-heading\" data-id=\"7476af2\" data-element_type=\"widget\" data-widget_type=\"heading.default\">\n\t\t\t\t<div class=\"elementor-widget-container\">\n\t\t\t<h2 class=\"elementor-heading-title elementor-size-default\">Cause Related Marketing Campaign<\/h2>\t\t<\/div>\n\t\t\t\t<\/div>\n\t\t\t\t<div class=\"elementor-element elementor-element-048202c elementor-align-center elementor-widget elementor-widget-button\" data-id=\"048202c\" data-element_type=\"widget\" data-widget_type=\"button.default\">\n\t\t\t\t<div class=\"elementor-widget-container\">\n\t\t\t\t\t<div class=\"elementor-button-wrapper\">\n\t\t\t<a class=\"elementor-button elementor-button-link elementor-size-sm\" href=\"\/en\/cause-related-marketing\/\">\n\t\t\t\t\t\t<span class=\"elementor-button-content-wrapper\">\n\t\t\t\t\t\t<span class=\"elementor-button-text\">Learn More<\/span>\n\t\t<\/span>\n\t\t\t\t\t<\/a>\n\t\t<\/div>\n\t\t\t\t<\/div>\n\t\t\t\t<\/div>\n\t\t\t\t<\/div>\n\t\t<div class=\"elementor-element elementor-element-feb1994 e-con-full e-flex e-con e-child\" data-id=\"feb1994\" data-element_type=\"container\" data-settings=\"{&quot;background_background&quot;:&quot;classic&quot;,&quot;content_width&quot;:&quot;full&quot;,&quot;container_type&quot;:&quot;flex&quot;}\">\n\t\t\t\t<div class=\"elementor-element elementor-element-6fbee26 elementor-widget elementor-widget-heading\" data-id=\"6fbee26\" data-element_type=\"widget\" data-widget_type=\"heading.default\">\n\t\t\t\t<div class=\"elementor-widget-container\">\n\t\t\t<h2 class=\"elementor-heading-title elementor-size-default\">Corporate Sponsorship<\/h2>\t\t<\/div>\n\t\t\t\t<\/div>\n\t\t\t\t<div class=\"elementor-element elementor-element-2691756 elementor-align-center elementor-widget elementor-widget-button\" data-id=\"2691756\" data-element_type=\"widget\" data-widget_type=\"button.default\">\n\t\t\t\t<div class=\"elementor-widget-container\">\n\t\t\t\t\t<div class=\"elementor-button-wrapper\">\n\t\t\t<a class=\"elementor-button elementor-button-link elementor-size-sm\" href=\"\/en\/corporate-sponsorship\/\">\n\t\t\t\t\t\t<span class=\"elementor-button-content-wrapper\">\n\t\t\t\t\t\t<span class=\"elementor-button-text\">Learn More<\/span>\n\t\t<\/span>\n\t\t\t\t\t<\/a>\n\t\t<\/div>\n\t\t\t\t<\/div>\n\t\t\t\t<\/div>\n\t\t\t\t<\/div>\n\t\t<div class=\"elementor-element elementor-element-071fe62 e-con-full e-flex e-con e-child\" data-id=\"071fe62\" data-element_type=\"container\" data-settings=\"{&quot;background_background&quot;:&quot;classic&quot;,&quot;content_width&quot;:&quot;full&quot;,&quot;container_type&quot;:&quot;flex&quot;}\">\n\t\t\t\t<div class=\"elementor-element elementor-element-dc6057f elementor-widget elementor-widget-heading\" data-id=\"dc6057f\" data-element_type=\"widget\" data-widget_type=\"heading.default\">\n\t\t\t\t<div class=\"elementor-widget-container\">\n\t\t\t<h2 class=\"elementor-heading-title elementor-size-default\">Employee Engagement<\/h2>\t\t<\/div>\n\t\t\t\t<\/div>\n\t\t\t\t<div class=\"elementor-element elementor-element-a84f4aa elementor-align-center elementor-widget elementor-widget-button\" data-id=\"a84f4aa\" data-element_type=\"widget\" data-widget_type=\"button.default\">\n\t\t\t\t<div class=\"elementor-widget-container\">\n\t\t\t\t\t<div class=\"elementor-button-wrapper\">\n\t\t\t<a class=\"elementor-button elementor-button-link elementor-size-sm\" href=\"\/en\/employee-engagement\/\">\n\t\t\t\t\t\t<span class=\"elementor-button-content-wrapper\">\n\t\t\t\t\t\t<span class=\"elementor-button-text\">Learn More<\/span>\n\t\t<\/span>\n\t\t\t\t\t<\/a>\n\t\t<\/div>\n\t\t\t\t<\/div>\n\t\t\t\t<\/div>\n\t\t\t\t<\/div>\n\t\t<div class=\"elementor-element elementor-element-1330052 e-con-full e-flex e-con e-child\" data-id=\"1330052\" data-element_type=\"container\" data-settings=\"{&quot;background_background&quot;:&quot;classic&quot;,&quot;content_width&quot;:&quot;full&quot;,&quot;container_type&quot;:&quot;flex&quot;}\">\n\t\t\t\t<div class=\"elementor-element elementor-element-1e17862 elementor-widget elementor-widget-heading\" data-id=\"1e17862\" data-element_type=\"widget\" data-widget_type=\"heading.default\">\n\t\t\t\t<div class=\"elementor-widget-container\">\n\t\t\t<h2 class=\"elementor-heading-title elementor-size-default\">Customer Engagement<\/h2>\t\t<\/div>\n\t\t\t\t<\/div>\n\t\t\t\t<div class=\"elementor-element elementor-element-b64e0b6 elementor-align-center elementor-widget elementor-widget-button\" data-id=\"b64e0b6\" data-element_type=\"widget\" data-widget_type=\"button.default\">\n\t\t\t\t<div class=\"elementor-widget-container\">\n\t\t\t\t\t<div class=\"elementor-button-wrapper\">\n\t\t\t<a class=\"elementor-button elementor-button-link elementor-size-sm\" href=\"\/en\/customer-engagement\/\">\n\t\t\t\t\t\t<span class=\"elementor-button-content-wrapper\">\n\t\t\t\t\t\t<span class=\"elementor-button-text\">Learn More<\/span>\n\t\t<\/span>\n\t\t\t\t\t<\/a>\n\t\t<\/div>\n\t\t\t\t<\/div>\n\t\t\t\t<\/div>\n\t\t\t\t<\/div>\n\t\t\t\t\t<\/div>\n\t\t\t\t<\/div>\n\t\t\t\t\t<\/div>\n\t\t\t\t<\/div>\n\t\t\t\t\t\t\t<\/div>\n\t\t","protected":false},"excerpt":{"rendered":"<p>Why should you collaborate with us? Become our valued PARTNER Because no child should grow up alone. Because your support has a concrete impact on specific needs, in line with your company&#8217;s core business\/ mission\/ vision. Because SOS Children&#8217;s Villages participates in a concrete way in the achievement of the Sustainable Development Goals 2030 (defined [&hellip;]<\/p>\n","protected":false},"author":1,"featured_media":0,"parent":0,"menu_order":0,"comment_status":"closed","ping_status":"closed","template":"elementor_header_footer","meta":{"inline_featured_image":false,"_monsterinsights_skip_tracking":false,"_monsterinsights_sitenote_active":false,"_monsterinsights_sitenote_note":"","_monsterinsights_sitenote_category":0,"footnotes":""},"class_list":["post-3027","page","type-page","status-publish","hentry"],"yoast_head":"<!-- This site is optimized with the Yoast SEO plugin v21.7 - https:\/\/yoast.com\/wordpress\/plugins\/seo\/ -->\n<title>Be Our Partner - SOS Children\u2019s Villages Albania<\/title>\n<meta name=\"robots\" content=\"index, follow, max-snippet:-1, max-image-preview:large, max-video-preview:-1\" \/>\n<link rel=\"canonical\" href=\"https:\/\/soskd.org.al\/en\/be-our-partner\/\" \/>\n<meta property=\"og:locale\" content=\"en_US\" \/>\n<meta property=\"og:type\" content=\"article\" \/>\n<meta property=\"og:title\" content=\"Be Our Partner - SOS Children\u2019s Villages Albania\" \/>\n<meta property=\"og:description\" content=\"Why should you collaborate with us? Become our valued PARTNER Because no child should grow up alone. Because your support has a concrete impact on specific needs, in line with your company&#8217;s core business\/ mission\/ vision. Because SOS Children&#8217;s Villages participates in a concrete way in the achievement of the Sustainable Development Goals 2030 (defined [&hellip;]\" \/>\n<meta property=\"og:url\" content=\"https:\/\/soskd.org.al\/en\/be-our-partner\/\" \/>\n<meta property=\"og:site_name\" content=\"SOS Children\u2019s Villages Albania\" \/>\n<meta property=\"article:modified_time\" content=\"2023-12-15T13:42:39+00:00\" \/>\n<meta property=\"og:image\" content=\"https:\/\/soskd.org.al\/wp-content\/uploads\/2023\/10\/donate-now-icon.svg\" \/>\n<meta name=\"twitter:card\" content=\"summary_large_image\" \/>\n<meta name=\"twitter:label1\" content=\"Est. reading time\" \/>\n\t<meta name=\"twitter:data1\" content=\"1 minute\" \/>\n<script type=\"application\/ld+json\" class=\"yoast-schema-graph\">{\"@context\":\"https:\/\/schema.org\",\"@graph\":[{\"@type\":\"WebPage\",\"@id\":\"https:\/\/soskd.org.al\/en\/be-our-partner\/\",\"url\":\"https:\/\/soskd.org.al\/en\/be-our-partner\/\",\"name\":\"Be Our Partner - SOS Children\u2019s Villages Albania\",\"isPartOf\":{\"@id\":\"https:\/\/soskd.org.al\/#website\"},\"datePublished\":\"2023-11-27T13:25:44+00:00\",\"dateModified\":\"2023-12-15T13:42:39+00:00\",\"breadcrumb\":{\"@id\":\"https:\/\/soskd.org.al\/en\/be-our-partner\/#breadcrumb\"},\"inLanguage\":\"en-US\",\"potentialAction\":[{\"@type\":\"ReadAction\",\"target\":[\"https:\/\/soskd.org.al\/en\/be-our-partner\/\"]}]},{\"@type\":\"BreadcrumbList\",\"@id\":\"https:\/\/soskd.org.al\/en\/be-our-partner\/#breadcrumb\",\"itemListElement\":[{\"@type\":\"ListItem\",\"position\":1,\"name\":\"Home\",\"item\":\"https:\/\/soskd.org.al\/\"},{\"@type\":\"ListItem\",\"position\":2,\"name\":\"Be Our Partner\"}]},{\"@type\":\"WebSite\",\"@id\":\"https:\/\/soskd.org.al\/#website\",\"url\":\"https:\/\/soskd.org.al\/\",\"name\":\"SOS Children\u2019s Villages Albania\",\"description\":\"Shoqat\u00eb me fokus mb\u00ebshtetjen e f\u00ebmij\u00ebve &amp; t\u00eb rinjve n\u00eb vend, pa kujdes prind\u00ebror ose n\u00eb rrezik p\u00ebr ta humbur at\u00eb.\",\"publisher\":{\"@id\":\"https:\/\/soskd.org.al\/#organization\"},\"potentialAction\":[{\"@type\":\"SearchAction\",\"target\":{\"@type\":\"EntryPoint\",\"urlTemplate\":\"https:\/\/soskd.org.al\/?s={search_term_string}\"},\"query-input\":\"required name=search_term_string\"}],\"inLanguage\":\"en-US\"},{\"@type\":\"Organization\",\"@id\":\"https:\/\/soskd.org.al\/#organization\",\"name\":\"SOS Children\u2019s Villages Albania\",\"url\":\"https:\/\/soskd.org.al\/\",\"logo\":{\"@type\":\"ImageObject\",\"inLanguage\":\"en-US\",\"@id\":\"https:\/\/soskd.org.al\/#\/schema\/logo\/image\/\",\"url\":\"https:\/\/soskd.org.al\/wp-content\/uploads\/2023\/09\/Logo-sos-en.svg\",\"contentUrl\":\"https:\/\/soskd.org.al\/wp-content\/uploads\/2023\/09\/Logo-sos-en.svg\",\"width\":205,\"height\":36,\"caption\":\"SOS Children\u2019s Villages Albania\"},\"image\":{\"@id\":\"https:\/\/soskd.org.al\/#\/schema\/logo\/image\/\"}}]}<\/script>\n<!-- \/ Yoast SEO plugin. -->","yoast_head_json":{"title":"Be Our Partner - SOS Children\u2019s Villages Albania","robots":{"index":"index","follow":"follow","max-snippet":"max-snippet:-1","max-image-preview":"max-image-preview:large","max-video-preview":"max-video-preview:-1"},"canonical":"https:\/\/soskd.org.al\/en\/be-our-partner\/","og_locale":"en_US","og_type":"article","og_title":"Be Our Partner - SOS Children\u2019s Villages Albania","og_description":"Why should you collaborate with us? Become our valued PARTNER Because no child should grow up alone. Because your support has a concrete impact on specific needs, in line with your company&#8217;s core business\/ mission\/ vision. Because SOS Children&#8217;s Villages participates in a concrete way in the achievement of the Sustainable Development Goals 2030 (defined [&hellip;]","og_url":"https:\/\/soskd.org.al\/en\/be-our-partner\/","og_site_name":"SOS Children\u2019s Villages Albania","article_modified_time":"2023-12-15T13:42:39+00:00","og_image":[{"url":"https:\/\/soskd.org.al\/wp-content\/uploads\/2023\/10\/donate-now-icon.svg"}],"twitter_card":"summary_large_image","twitter_misc":{"Est. reading time":"1 minute"},"schema":{"@context":"https:\/\/schema.org","@graph":[{"@type":"WebPage","@id":"https:\/\/soskd.org.al\/en\/be-our-partner\/","url":"https:\/\/soskd.org.al\/en\/be-our-partner\/","name":"Be Our Partner - SOS Children\u2019s Villages Albania","isPartOf":{"@id":"https:\/\/soskd.org.al\/#website"},"datePublished":"2023-11-27T13:25:44+00:00","dateModified":"2023-12-15T13:42:39+00:00","breadcrumb":{"@id":"https:\/\/soskd.org.al\/en\/be-our-partner\/#breadcrumb"},"inLanguage":"en-US","potentialAction":[{"@type":"ReadAction","target":["https:\/\/soskd.org.al\/en\/be-our-partner\/"]}]},{"@type":"BreadcrumbList","@id":"https:\/\/soskd.org.al\/en\/be-our-partner\/#breadcrumb","itemListElement":[{"@type":"ListItem","position":1,"name":"Home","item":"https:\/\/soskd.org.al\/"},{"@type":"ListItem","position":2,"name":"Be Our Partner"}]},{"@type":"WebSite","@id":"https:\/\/soskd.org.al\/#website","url":"https:\/\/soskd.org.al\/","name":"SOS Children\u2019s Villages Albania","description":"Shoqat\u00eb me fokus mb\u00ebshtetjen e f\u00ebmij\u00ebve &amp; t\u00eb rinjve n\u00eb vend, pa kujdes prind\u00ebror ose n\u00eb rrezik p\u00ebr ta humbur at\u00eb.","publisher":{"@id":"https:\/\/soskd.org.al\/#organization"},"potentialAction":[{"@type":"SearchAction","target":{"@type":"EntryPoint","urlTemplate":"https:\/\/soskd.org.al\/?s={search_term_string}"},"query-input":"required name=search_term_string"}],"inLanguage":"en-US"},{"@type":"Organization","@id":"https:\/\/soskd.org.al\/#organization","name":"SOS Children\u2019s Villages Albania","url":"https:\/\/soskd.org.al\/","logo":{"@type":"ImageObject","inLanguage":"en-US","@id":"https:\/\/soskd.org.al\/#\/schema\/logo\/image\/","url":"https:\/\/soskd.org.al\/wp-content\/uploads\/2023\/09\/Logo-sos-en.svg","contentUrl":"https:\/\/soskd.org.al\/wp-content\/uploads\/2023\/09\/Logo-sos-en.svg","width":205,"height":36,"caption":"SOS Children\u2019s Villages Albania"},"image":{"@id":"https:\/\/soskd.org.al\/#\/schema\/logo\/image\/"}}]}},"_links":{"self":[{"href":"https:\/\/soskd.org.al\/en\/wp-json\/wp\/v2\/pages\/3027","targetHints":{"allow":["GET"]}}],"collection":[{"href":"https:\/\/soskd.org.al\/en\/wp-json\/wp\/v2\/pages"}],"about":[{"href":"https:\/\/soskd.org.al\/en\/wp-json\/wp\/v2\/types\/page"}],"author":[{"embeddable":true,"href":"https:\/\/soskd.org.al\/en\/wp-json\/wp\/v2\/users\/1"}],"replies":[{"embeddable":true,"href":"https:\/\/soskd.org.al\/en\/wp-json\/wp\/v2\/comments?post=3027"}],"version-history":[{"count":40,"href":"https:\/\/soskd.org.al\/en\/wp-json\/wp\/v2\/pages\/3027\/revisions"}],"predecessor-version":[{"id":7342,"href":"https:\/\/soskd.org.al\/en\/wp-json\/wp\/v2\/pages\/3027\/revisions\/7342"}],"wp:attachment":[{"href":"https:\/\/soskd.org.al\/en\/wp-json\/wp\/v2\/media?parent=3027"}],"curies":[{"name":"wp","href":"https:\/\/api.w.org\/{rel}","templated":true}]}}