{"id":3522,"date":"2023-11-30T19:10:56","date_gmt":"2023-11-30T19:10:56","guid":{"rendered":"https:\/\/sosal.evolve-studio.xyz\/?page_id=3522"},"modified":"2023-11-30T21:11:53","modified_gmt":"2023-11-30T21:11:53","slug":"mobile-menu","status":"publish","type":"page","link":"https:\/\/soskd.org.al\/en\/mobile-menu\/","title":{"rendered":"Mobile Menu"},"content":{"rendered":"\t\t<div data-elementor-type=\"wp-page\" data-elementor-id=\"3522\" class=\"elementor elementor-3522\" data-elementor-post-type=\"page\">\n\t\t\t\t\t\t\t<div class=\"elementor-element elementor-element-a20eb74 e-flex e-con-boxed e-con e-parent\" data-id=\"a20eb74\" data-element_type=\"container\" data-settings=\"{&quot;container_type&quot;:&quot;flex&quot;,&quot;content_width&quot;:&quot;boxed&quot;}\" data-core-v316-plus=\"true\">\n\t\t\t\t\t<div class=\"e-con-inner\">\n\t\t\t\t<div class=\"elementor-element elementor-element-93cdb44 mobile-menu-sos elementor-widget elementor-widget-shortcode\" data-id=\"93cdb44\" data-element_type=\"widget\" data-widget_type=\"shortcode.default\">\n\t\t\t\t<div class=\"elementor-widget-container\">\n\t\t\t\t\t<div class=\"elementor-shortcode\">    <div class=\"mobile__nav\">\n        <nav class=\"mobile-menu-container\"><ul id=\"menu-mobile-menu-correct\" class=\"first-level\"><li id=\"menu-item-3663\" class=\"menu-item menu-item-type-custom menu-item-object-custom menu-item-3663\"><a href=\"#\" class=\"menu-item-link\" data-depth=\"0\">Who We Are<\/a>\n<ul class=\"sub-menu level-0\">\n\t<li id=\"menu-item-3704\" class=\"menu-item menu-item-type-custom menu-item-object-custom menu-item-3704\"><a href=\"#\" class=\"menu-item-link\" data-depth=\"1\">Who We Are<\/a><\/li>\n\t<li id=\"menu-item-3868\" class=\"menu-item menu-item-type-post_type menu-item-object-page menu-item-3868\"><a href=\"https:\/\/soskd.org.al\/en\/who-we-are\/sos-albania\/\" class=\"menu-item-link\" data-depth=\"1\">SOS Albania<\/a><\/li>\n\t<li id=\"menu-item-3665\" class=\"menu-item menu-item-type-post_type menu-item-object-page menu-item-3665\"><a href=\"https:\/\/soskd.org.al\/en\/sos-mission-vision\/\" class=\"menu-item-link\" data-depth=\"1\">SOS Mission &amp; Vision<\/a><\/li>\n\t<li id=\"menu-item-3666\" class=\"menu-item menu-item-type-post_type menu-item-object-page menu-item-3666\"><a href=\"https:\/\/soskd.org.al\/en\/child-safeguarding\/\" class=\"menu-item-link\" data-depth=\"1\">Child Safeguarding<\/a><\/li>\n\t<li id=\"menu-item-3869\" class=\"menu-item menu-item-type-post_type menu-item-object-page menu-item-3869\"><a href=\"https:\/\/soskd.org.al\/en\/who-we-are\/work-with-us\/\" class=\"menu-item-link\" data-depth=\"1\">Work with us<\/a>\n\t<ul class=\"sub-menu level-1\">\n\t\t<li id=\"menu-item-3705\" class=\"menu-item menu-item-type-custom menu-item-object-custom menu-item-3705\"><a href=\"#\" class=\"menu-item-link\" data-depth=\"2\">Work with us<\/a><\/li>\n\t\t<li id=\"menu-item-3870\" class=\"menu-item menu-item-type-post_type menu-item-object-page menu-item-3870\"><a href=\"https:\/\/soskd.org.al\/en\/who-we-are\/work-with-us\/job-vacancies\/\" class=\"menu-item-link\" data-depth=\"2\">Job Vacancies<\/a><\/li>\n\t\t<li id=\"menu-item-3871\" class=\"menu-item menu-item-type-post_type menu-item-object-page menu-item-3871\"><a href=\"https:\/\/soskd.org.al\/en\/who-we-are\/work-with-us\/tender-announcements\/\" class=\"menu-item-link\" data-depth=\"2\">Tender Announcements<\/a><\/li>\n\t<\/ul>\n<\/li>\n<\/ul>\n<\/li>\n<li id=\"menu-item-3670\" class=\"menu-item menu-item-type-post_type menu-item-object-page menu-item-3670\"><a href=\"https:\/\/soskd.org.al\/en\/what-we-do\/\" class=\"menu-item-link\" data-depth=\"0\">What we do<\/a>\n<ul class=\"sub-menu level-0\">\n\t<li id=\"menu-item-3706\" class=\"menu-item menu-item-type-post_type menu-item-object-page menu-item-3706\"><a href=\"https:\/\/soskd.org.al\/en\/what-we-do\/\" class=\"menu-item-link\" data-depth=\"1\">What we do<\/a><\/li>\n\t<li id=\"menu-item-3671\" class=\"menu-item menu-item-type-post_type menu-item-object-page menu-item-3671\"><a href=\"https:\/\/soskd.org.al\/en\/what-we-do\/alternative-care\/\" class=\"menu-item-link\" data-depth=\"1\">Alternative Care<\/a>\n\t<ul class=\"sub-menu level-1\">\n\t\t<li id=\"menu-item-3707\" class=\"menu-item menu-item-type-post_type menu-item-object-page menu-item-3707\"><a href=\"https:\/\/soskd.org.al\/en\/what-we-do\/alternative-care\/\" class=\"menu-item-link\" data-depth=\"2\">Alternative Care<\/a><\/li>\n\t\t<li id=\"menu-item-3672\" class=\"menu-item menu-item-type-post_type menu-item-object-page menu-item-3672\"><a href=\"https:\/\/soskd.org.al\/en\/what-we-do\/alternative-care\/family-like-care\/\" class=\"menu-item-link\" data-depth=\"2\">Family-Like care<\/a><\/li>\n\t\t<li id=\"menu-item-3673\" class=\"menu-item menu-item-type-post_type menu-item-object-page menu-item-3673\"><a href=\"https:\/\/soskd.org.al\/en\/what-we-do\/alternative-care\/youth-communities\/\" class=\"menu-item-link\" data-depth=\"2\">Youth communities<\/a><\/li>\n\t\t<li id=\"menu-item-3674\" class=\"menu-item menu-item-type-post_type menu-item-object-page menu-item-3674\"><a href=\"https:\/\/soskd.org.al\/en\/what-we-do\/alternative-care\/after-care-programs\/\" class=\"menu-item-link\" data-depth=\"2\">After Care Programs<\/a><\/li>\n\t<\/ul>\n<\/li>\n\t<li id=\"menu-item-3675\" class=\"menu-item menu-item-type-post_type menu-item-object-page menu-item-3675\"><a href=\"https:\/\/soskd.org.al\/en\/strengthening-families-at-risk\/\" class=\"menu-item-link\" data-depth=\"1\">Strengthening Families at risk<\/a><\/li>\n\t<li id=\"menu-item-3676\" class=\"menu-item menu-item-type-post_type menu-item-object-page menu-item-3676\"><a href=\"https:\/\/soskd.org.al\/en\/protecting-children-from-abuse\/\" class=\"menu-item-link\" data-depth=\"1\">Protecting Children from abuse<\/a><\/li>\n\t<li id=\"menu-item-3677\" class=\"menu-item menu-item-type-post_type menu-item-object-page menu-item-3677\"><a href=\"https:\/\/soskd.org.al\/en\/what-we-do\/child-youth-participation\/\" class=\"menu-item-link\" data-depth=\"1\">Child &amp; Youth Participation<\/a><\/li>\n\t<li id=\"menu-item-3678\" class=\"menu-item menu-item-type-post_type menu-item-object-page menu-item-3678\"><a href=\"https:\/\/soskd.org.al\/en\/what-we-do\/advocacy-partnership-for-quality-care\/\" class=\"menu-item-link\" data-depth=\"1\">Advocacy &amp; Partnership for Quality Care<\/a><\/li>\n\t<li id=\"menu-item-3679\" class=\"menu-item menu-item-type-post_type menu-item-object-page menu-item-3679\"><a href=\"https:\/\/soskd.org.al\/en\/what-we-do\/increase-capacities-of-professionals-fosters-local-communities\/\" class=\"menu-item-link\" data-depth=\"1\">Increase Capacities of Professionals, Fosters &amp; local communities<\/a><\/li>\n<\/ul>\n<\/li>\n<li id=\"menu-item-3680\" class=\"menu-item menu-item-type-custom menu-item-object-custom menu-item-3680\"><a href=\"#\" class=\"menu-item-link\" data-depth=\"0\">Take Action<\/a>\n<ul class=\"sub-menu level-0\">\n\t<li id=\"menu-item-3708\" class=\"menu-item menu-item-type-custom menu-item-object-custom menu-item-3708\"><a href=\"\/take-action\/\" class=\"menu-item-link\" data-depth=\"1\">Take action<\/a><\/li>\n\t<li id=\"menu-item-3681\" class=\"menu-item menu-item-type-post_type menu-item-object-page menu-item-3681\"><a href=\"https:\/\/soskd.org.al\/en\/individual-support\/\" class=\"menu-item-link\" data-depth=\"1\">Individual Support<\/a>\n\t<ul class=\"sub-menu level-1\">\n\t\t<li id=\"menu-item-3709\" class=\"menu-item menu-item-type-post_type menu-item-object-page menu-item-3709\"><a href=\"https:\/\/soskd.org.al\/en\/individual-support\/\" class=\"menu-item-link\" data-depth=\"2\">Individual Support<\/a><\/li>\n\t\t<li id=\"menu-item-3682\" class=\"menu-item menu-item-type-post_type menu-item-object-page menu-item-3682\"><a href=\"https:\/\/soskd.org.al\/en\/become-a-sos-friend\/\" class=\"menu-item-link\" data-depth=\"2\">Become a SOS Friend<\/a>\n\t\t<ul class=\"sub-menu level-2\">\n\t\t\t<li id=\"menu-item-3710\" class=\"menu-item menu-item-type-post_type menu-item-object-page menu-item-3710\"><a href=\"https:\/\/soskd.org.al\/en\/become-a-sos-friend\/\" class=\"menu-item-link\" data-depth=\"3\">Become a SOS Friend<\/a><\/li>\n\t\t\t<li id=\"menu-item-3684\" class=\"menu-item menu-item-type-post_type menu-item-object-page menu-item-3684\"><a href=\"https:\/\/soskd.org.al\/en\/meet-our-sos-ambassadors\/\" class=\"menu-item-link\" data-depth=\"3\">Meet our SOS Ambassadors<\/a><\/li>\n\t\t<\/ul>\n<\/li>\n\t\t<li id=\"menu-item-3686\" class=\"menu-item menu-item-type-post_type menu-item-object-page menu-item-3686\"><a href=\"https:\/\/soskd.org.al\/en\/campaigns\/\" class=\"menu-item-link\" data-depth=\"2\">Campaigns<\/a><\/li>\n\t\t<li id=\"menu-item-3687\" class=\"menu-item menu-item-type-post_type menu-item-object-page menu-item-3687\"><a href=\"https:\/\/soskd.org.al\/en\/faq\/\" class=\"menu-item-link\" data-depth=\"2\">FAQ<\/a><\/li>\n\t<\/ul>\n<\/li>\n\t<li id=\"menu-item-3688\" class=\"menu-item menu-item-type-post_type menu-item-object-page menu-item-3688\"><a href=\"https:\/\/soskd.org.al\/en\/corporate-partnership\/\" class=\"menu-item-link\" data-depth=\"1\">Corporate Partnership<\/a>\n\t<ul class=\"sub-menu level-1\">\n\t\t<li id=\"menu-item-3711\" class=\"menu-item menu-item-type-post_type menu-item-object-page menu-item-3711\"><a href=\"https:\/\/soskd.org.al\/en\/corporate-partnership\/\" class=\"menu-item-link\" data-depth=\"2\">Corporate Partnership<\/a><\/li>\n\t\t<li id=\"menu-item-3689\" class=\"menu-item menu-item-type-post_type menu-item-object-page menu-item-3689\"><a href=\"https:\/\/soskd.org.al\/en\/be-our-partner\/\" class=\"menu-item-link\" data-depth=\"2\">Be Our Partner<\/a>\n\t\t<ul class=\"sub-menu level-2\">\n\t\t\t<li id=\"menu-item-3712\" class=\"menu-item menu-item-type-post_type menu-item-object-page menu-item-3712\"><a href=\"https:\/\/soskd.org.al\/en\/be-our-partner\/\" class=\"menu-item-link\" data-depth=\"3\">Be Our Partner<\/a><\/li>\n\t\t\t<li id=\"menu-item-3690\" class=\"menu-item menu-item-type-post_type menu-item-object-page menu-item-3690\"><a href=\"https:\/\/soskd.org.al\/en\/cause-related-marketing\/\" class=\"menu-item-link\" data-depth=\"3\">Cause Related Marketing<\/a><\/li>\n\t\t\t<li id=\"menu-item-5258\" class=\"menu-item menu-item-type-post_type menu-item-object-page menu-item-5258\"><a href=\"https:\/\/soskd.org.al\/en\/corporate-sponsorship\/\" class=\"menu-item-link\" data-depth=\"3\">Corporate Sponsorship<\/a><\/li>\n\t\t\t<li id=\"menu-item-3691\" class=\"menu-item menu-item-type-post_type menu-item-object-page menu-item-3691\"><a href=\"https:\/\/soskd.org.al\/en\/employee-engagement\/\" class=\"menu-item-link\" data-depth=\"3\">Employee Engagement<\/a><\/li>\n\t\t\t<li id=\"menu-item-3692\" class=\"menu-item menu-item-type-post_type menu-item-object-page menu-item-3692\"><a href=\"https:\/\/soskd.org.al\/en\/customer-engagement\/\" class=\"menu-item-link\" data-depth=\"3\">Customer Engagement<\/a><\/li>\n\t\t<\/ul>\n<\/li>\n\t\t<li id=\"menu-item-3693\" class=\"menu-item menu-item-type-post_type menu-item-object-page menu-item-3693\"><a href=\"https:\/\/soskd.org.al\/en\/philanthropy\/\" class=\"menu-item-link\" data-depth=\"2\">Philanthropy<\/a><\/li>\n\t\t<li id=\"menu-item-3694\" class=\"menu-item menu-item-type-post_type menu-item-object-page menu-item-3694\"><a href=\"https:\/\/soskd.org.al\/en\/sustainable-development-goals\/\" class=\"menu-item-link\" data-depth=\"2\">Sustainable Development Goals<\/a><\/li>\n\t\t<li id=\"menu-item-3695\" class=\"menu-item menu-item-type-custom menu-item-object-custom menu-item-3695\"><a href=\"#\" class=\"menu-item-link\" data-depth=\"2\">Make a donation<\/a><\/li>\n\t<\/ul>\n<\/li>\n\t<li id=\"menu-item-3696\" class=\"menu-item menu-item-type-post_type menu-item-object-page menu-item-3696\"><a href=\"https:\/\/soskd.org.al\/en\/institutional-partnership\/\" class=\"menu-item-link\" data-depth=\"1\">Institutional Partnership<\/a><\/li>\n\t<li id=\"menu-item-3697\" class=\"menu-item menu-item-type-post_type menu-item-object-page menu-item-3697\"><a href=\"https:\/\/soskd.org.al\/en\/transparency\/\" class=\"menu-item-link\" data-depth=\"1\">Transparency<\/a><\/li>\n<\/ul>\n<\/li>\n<li id=\"menu-item-3698\" class=\"menu-item menu-item-type-custom menu-item-object-custom menu-item-3698\"><a href=\"#\" class=\"menu-item-link\" data-depth=\"0\">Publications<\/a>\n<ul class=\"sub-menu level-0\">\n\t<li id=\"menu-item-3713\" class=\"menu-item menu-item-type-custom menu-item-object-custom menu-item-3713\"><a href=\"#\" class=\"menu-item-link\" data-depth=\"1\">Publications<\/a><\/li>\n\t<li id=\"menu-item-3699\" class=\"menu-item menu-item-type-post_type menu-item-object-page menu-item-3699\"><a href=\"https:\/\/soskd.org.al\/en\/news-articles\/\" class=\"menu-item-link\" data-depth=\"1\">News & Articles<\/a><\/li>\n\t<li id=\"menu-item-3700\" class=\"menu-item menu-item-type-post_type menu-item-object-page menu-item-3700\"><a href=\"https:\/\/soskd.org.al\/en\/life-stories\/\" class=\"menu-item-link\" data-depth=\"1\">Life Stories<\/a><\/li>\n\t<li id=\"menu-item-3701\" class=\"menu-item menu-item-type-post_type menu-item-object-page menu-item-3701\"><a href=\"https:\/\/soskd.org.al\/en\/family-of-supporters\/\" class=\"menu-item-link\" data-depth=\"1\">Family of Supporters<\/a><\/li>\n<\/ul>\n<\/li>\n<li id=\"menu-item-3702\" class=\"menu-item menu-item-type-post_type menu-item-object-page menu-item-3702\"><a href=\"https:\/\/soskd.org.al\/en\/contact\/\" class=\"menu-item-link\" data-depth=\"0\">Contact<\/a><\/li>\n<\/ul><\/nav>    <\/div>\n    <\/div>\n\t\t\t\t<\/div>\n\t\t\t\t<\/div>\n\t\t\t\t\t<\/div>\n\t\t\t\t<\/div>\n\t\t\t\t\t\t\t<\/div>\n\t\t","protected":false},"excerpt":{"rendered":"","protected":false},"author":1,"featured_media":0,"parent":0,"menu_order":0,"comment_status":"closed","ping_status":"closed","template":"elementor_header_footer","meta":{"inline_featured_image":false,"_monsterinsights_skip_tracking":false,"_monsterinsights_sitenote_active":false,"_monsterinsights_sitenote_note":"","_monsterinsights_sitenote_category":0,"footnotes":""},"class_list":["post-3522","page","type-page","status-publish","hentry"],"yoast_head":"<!-- This site is optimized with the Yoast SEO plugin v21.7 - https:\/\/yoast.com\/wordpress\/plugins\/seo\/ -->\n<title>Mobile Menu - SOS Children\u2019s Villages Albania<\/title>\n<meta name=\"robots\" content=\"index, follow, max-snippet:-1, max-image-preview:large, max-video-preview:-1\" \/>\n<link rel=\"canonical\" href=\"https:\/\/soskd.org.al\/en\/mobile-menu\/\" \/>\n<meta property=\"og:locale\" content=\"en_US\" \/>\n<meta property=\"og:type\" content=\"article\" \/>\n<meta property=\"og:title\" content=\"Mobile Menu - SOS Children\u2019s Villages Albania\" \/>\n<meta property=\"og:url\" content=\"https:\/\/soskd.org.al\/en\/mobile-menu\/\" \/>\n<meta property=\"og:site_name\" content=\"SOS Children\u2019s Villages Albania\" \/>\n<meta property=\"article:modified_time\" content=\"2023-11-30T21:11:53+00:00\" \/>\n<meta name=\"twitter:card\" content=\"summary_large_image\" \/>\n<script type=\"application\/ld+json\" class=\"yoast-schema-graph\">{\"@context\":\"https:\/\/schema.org\",\"@graph\":[{\"@type\":\"WebPage\",\"@id\":\"https:\/\/soskd.org.al\/en\/mobile-menu\/\",\"url\":\"https:\/\/soskd.org.al\/en\/mobile-menu\/\",\"name\":\"Mobile Menu - SOS Children\u2019s Villages Albania\",\"isPartOf\":{\"@id\":\"https:\/\/soskd.org.al\/#website\"},\"datePublished\":\"2023-11-30T19:10:56+00:00\",\"dateModified\":\"2023-11-30T21:11:53+00:00\",\"breadcrumb\":{\"@id\":\"https:\/\/soskd.org.al\/en\/mobile-menu\/#breadcrumb\"},\"inLanguage\":\"en-US\",\"potentialAction\":[{\"@type\":\"ReadAction\",\"target\":[\"https:\/\/soskd.org.al\/en\/mobile-menu\/\"]}]},{\"@type\":\"BreadcrumbList\",\"@id\":\"https:\/\/soskd.org.al\/en\/mobile-menu\/#breadcrumb\",\"itemListElement\":[{\"@type\":\"ListItem\",\"position\":1,\"name\":\"Home\",\"item\":\"https:\/\/soskd.org.al\/\"},{\"@type\":\"ListItem\",\"position\":2,\"name\":\"Mobile Menu\"}]},{\"@type\":\"WebSite\",\"@id\":\"https:\/\/soskd.org.al\/#website\",\"url\":\"https:\/\/soskd.org.al\/\",\"name\":\"SOS Children\u2019s Villages Albania\",\"description\":\"Shoqat\u00eb me fokus mb\u00ebshtetjen e f\u00ebmij\u00ebve &amp; t\u00eb rinjve n\u00eb vend, pa kujdes prind\u00ebror ose n\u00eb rrezik p\u00ebr ta humbur at\u00eb.\",\"publisher\":{\"@id\":\"https:\/\/soskd.org.al\/#organization\"},\"potentialAction\":[{\"@type\":\"SearchAction\",\"target\":{\"@type\":\"EntryPoint\",\"urlTemplate\":\"https:\/\/soskd.org.al\/?s={search_term_string}\"},\"query-input\":\"required name=search_term_string\"}],\"inLanguage\":\"en-US\"},{\"@type\":\"Organization\",\"@id\":\"https:\/\/soskd.org.al\/#organization\",\"name\":\"SOS Children\u2019s Villages Albania\",\"url\":\"https:\/\/soskd.org.al\/\",\"logo\":{\"@type\":\"ImageObject\",\"inLanguage\":\"en-US\",\"@id\":\"https:\/\/soskd.org.al\/#\/schema\/logo\/image\/\",\"url\":\"https:\/\/soskd.org.al\/wp-content\/uploads\/2023\/09\/Logo-sos-en.svg\",\"contentUrl\":\"https:\/\/soskd.org.al\/wp-content\/uploads\/2023\/09\/Logo-sos-en.svg\",\"width\":205,\"height\":36,\"caption\":\"SOS Children\u2019s Villages Albania\"},\"image\":{\"@id\":\"https:\/\/soskd.org.al\/#\/schema\/logo\/image\/\"}}]}<\/script>\n<!-- \/ Yoast SEO plugin. -->","yoast_head_json":{"title":"Mobile Menu - SOS Children\u2019s Villages Albania","robots":{"index":"index","follow":"follow","max-snippet":"max-snippet:-1","max-image-preview":"max-image-preview:large","max-video-preview":"max-video-preview:-1"},"canonical":"https:\/\/soskd.org.al\/en\/mobile-menu\/","og_locale":"en_US","og_type":"article","og_title":"Mobile Menu - SOS Children\u2019s Villages Albania","og_url":"https:\/\/soskd.org.al\/en\/mobile-menu\/","og_site_name":"SOS Children\u2019s Villages Albania","article_modified_time":"2023-11-30T21:11:53+00:00","twitter_card":"summary_large_image","schema":{"@context":"https:\/\/schema.org","@graph":[{"@type":"WebPage","@id":"https:\/\/soskd.org.al\/en\/mobile-menu\/","url":"https:\/\/soskd.org.al\/en\/mobile-menu\/","name":"Mobile Menu - SOS Children\u2019s Villages Albania","isPartOf":{"@id":"https:\/\/soskd.org.al\/#website"},"datePublished":"2023-11-30T19:10:56+00:00","dateModified":"2023-11-30T21:11:53+00:00","breadcrumb":{"@id":"https:\/\/soskd.org.al\/en\/mobile-menu\/#breadcrumb"},"inLanguage":"en-US","potentialAction":[{"@type":"ReadAction","target":["https:\/\/soskd.org.al\/en\/mobile-menu\/"]}]},{"@type":"BreadcrumbList","@id":"https:\/\/soskd.org.al\/en\/mobile-menu\/#breadcrumb","itemListElement":[{"@type":"ListItem","position":1,"name":"Home","item":"https:\/\/soskd.org.al\/"},{"@type":"ListItem","position":2,"name":"Mobile Menu"}]},{"@type":"WebSite","@id":"https:\/\/soskd.org.al\/#website","url":"https:\/\/soskd.org.al\/","name":"SOS Children\u2019s Villages Albania","description":"Shoqat\u00eb me fokus mb\u00ebshtetjen e f\u00ebmij\u00ebve &amp; t\u00eb rinjve n\u00eb vend, pa kujdes prind\u00ebror ose n\u00eb rrezik p\u00ebr ta humbur at\u00eb.","publisher":{"@id":"https:\/\/soskd.org.al\/#organization"},"potentialAction":[{"@type":"SearchAction","target":{"@type":"EntryPoint","urlTemplate":"https:\/\/soskd.org.al\/?s={search_term_string}"},"query-input":"required name=search_term_string"}],"inLanguage":"en-US"},{"@type":"Organization","@id":"https:\/\/soskd.org.al\/#organization","name":"SOS Children\u2019s Villages Albania","url":"https:\/\/soskd.org.al\/","logo":{"@type":"ImageObject","inLanguage":"en-US","@id":"https:\/\/soskd.org.al\/#\/schema\/logo\/image\/","url":"https:\/\/soskd.org.al\/wp-content\/uploads\/2023\/09\/Logo-sos-en.svg","contentUrl":"https:\/\/soskd.org.al\/wp-content\/uploads\/2023\/09\/Logo-sos-en.svg","width":205,"height":36,"caption":"SOS Children\u2019s Villages Albania"},"image":{"@id":"https:\/\/soskd.org.al\/#\/schema\/logo\/image\/"}}]}},"_links":{"self":[{"href":"https:\/\/soskd.org.al\/en\/wp-json\/wp\/v2\/pages\/3522","targetHints":{"allow":["GET"]}}],"collection":[{"href":"https:\/\/soskd.org.al\/en\/wp-json\/wp\/v2\/pages"}],"about":[{"href":"https:\/\/soskd.org.al\/en\/wp-json\/wp\/v2\/types\/page"}],"author":[{"embeddable":true,"href":"https:\/\/soskd.org.al\/en\/wp-json\/wp\/v2\/users\/1"}],"replies":[{"embeddable":true,"href":"https:\/\/soskd.org.al\/en\/wp-json\/wp\/v2\/comments?post=3522"}],"version-history":[{"count":10,"href":"https:\/\/soskd.org.al\/en\/wp-json\/wp\/v2\/pages\/3522\/revisions"}],"predecessor-version":[{"id":3542,"href":"https:\/\/soskd.org.al\/en\/wp-json\/wp\/v2\/pages\/3522\/revisions\/3542"}],"wp:attachment":[{"href":"https:\/\/soskd.org.al\/en\/wp-json\/wp\/v2\/media?parent=3522"}],"curies":[{"name":"wp","href":"https:\/\/api.w.org\/{rel}","templated":true}]}}