{"id":4085,"date":"2023-12-04T11:20:47","date_gmt":"2023-12-04T11:20:47","guid":{"rendered":"https:\/\/sosal.evolve-studio.xyz\/?page_id=4085"},"modified":"2023-12-04T11:30:42","modified_gmt":"2023-12-04T11:30:42","slug":"information-about-data-protection","status":"publish","type":"page","link":"https:\/\/soskd.org.al\/en\/information-about-data-protection\/","title":{"rendered":"Information about data protection"},"content":{"rendered":"\t\t<div data-elementor-type=\"wp-page\" data-elementor-id=\"4085\" class=\"elementor elementor-4085\" data-elementor-post-type=\"page\">\n\t\t\t\t\t\t\t<div class=\"elementor-element elementor-element-7ca0cef e-flex e-con-boxed e-con e-parent\" data-id=\"7ca0cef\" data-element_type=\"container\" data-settings=\"{&quot;background_background&quot;:&quot;classic&quot;,&quot;container_type&quot;:&quot;flex&quot;,&quot;content_width&quot;:&quot;boxed&quot;}\" data-e-bg-lazyload=\"\" data-core-v316-plus=\"true\">\n\t\t\t\t\t<div class=\"e-con-inner\">\n\t\t<div class=\"elementor-element elementor-element-0dbb0fc e-flex e-con-boxed elementor-invisible e-con e-child\" data-id=\"0dbb0fc\" data-element_type=\"container\" data-settings=\"{&quot;animation&quot;:&quot;fadeInLeft&quot;,&quot;container_type&quot;:&quot;flex&quot;,&quot;content_width&quot;:&quot;boxed&quot;}\">\n\t\t\t\t\t<div class=\"e-con-inner\">\n\t\t\t\t<div class=\"elementor-element elementor-element-c79dc36 elementor-widget elementor-widget-heading\" data-id=\"c79dc36\" data-element_type=\"widget\" data-widget_type=\"heading.default\">\n\t\t\t\t<div class=\"elementor-widget-container\">\n\t\t\t<style>\/*! elementor - v3.16.0 - 14-09-2023 *\/\n.elementor-heading-title{padding:0;margin:0;line-height:1}.elementor-widget-heading .elementor-heading-title[class*=elementor-size-]>a{color:inherit;font-size:inherit;line-height:inherit}.elementor-widget-heading .elementor-heading-title.elementor-size-small{font-size:15px}.elementor-widget-heading .elementor-heading-title.elementor-size-medium{font-size:19px}.elementor-widget-heading .elementor-heading-title.elementor-size-large{font-size:29px}.elementor-widget-heading .elementor-heading-title.elementor-size-xl{font-size:39px}.elementor-widget-heading .elementor-heading-title.elementor-size-xxl{font-size:59px}<\/style><h2 class=\"elementor-heading-title elementor-size-default\">Information about data protection<\/h2>\t\t<\/div>\n\t\t\t\t<\/div>\n\t\t\t\t\t<\/div>\n\t\t\t\t<\/div>\n\t\t<div class=\"elementor-element elementor-element-e067465 e-flex e-con-boxed e-con e-child\" data-id=\"e067465\" data-element_type=\"container\" data-settings=\"{&quot;container_type&quot;:&quot;flex&quot;,&quot;content_width&quot;:&quot;boxed&quot;}\">\n\t\t\t\t\t<div class=\"e-con-inner\">\n\t\t\t\t\t<\/div>\n\t\t\t\t<\/div>\n\t\t\t\t\t<\/div>\n\t\t\t\t<\/div>\n\t\t<div class=\"elementor-element elementor-element-f2f8adc e-flex e-con-boxed e-con e-parent\" data-id=\"f2f8adc\" data-element_type=\"container\" data-settings=\"{&quot;container_type&quot;:&quot;flex&quot;,&quot;content_width&quot;:&quot;boxed&quot;}\" data-core-v316-plus=\"true\">\n\t\t\t\t\t<div class=\"e-con-inner\">\n\t\t<div class=\"elementor-element elementor-element-31ce5f5 e-con-full e-flex e-con e-child\" data-id=\"31ce5f5\" data-element_type=\"container\" data-settings=\"{&quot;content_width&quot;:&quot;full&quot;,&quot;container_type&quot;:&quot;flex&quot;}\">\n\t\t\t\t<div class=\"elementor-element elementor-element-14fba7a elementor-widget elementor-widget-heading\" data-id=\"14fba7a\" data-element_type=\"widget\" data-settings=\"{&quot;_animation&quot;:&quot;none&quot;}\" data-widget_type=\"heading.default\">\n\t\t\t\t<div class=\"elementor-widget-container\">\n\t\t\t<h2 class=\"elementor-heading-title elementor-size-default\">Collection of personal data<\/h2>\t\t<\/div>\n\t\t\t\t<\/div>\n\t\t\t\t<div class=\"elementor-element elementor-element-0c08885 elementor-widget elementor-widget-text-editor\" data-id=\"0c08885\" data-element_type=\"widget\" data-widget_type=\"text-editor.default\">\n\t\t\t\t<div class=\"elementor-widget-container\">\n\t\t\t<style>\/*! elementor - v3.16.0 - 14-09-2023 *\/\n.elementor-widget-text-editor.elementor-drop-cap-view-stacked .elementor-drop-cap{background-color:#69727d;color:#fff}.elementor-widget-text-editor.elementor-drop-cap-view-framed .elementor-drop-cap{color:#69727d;border:3px solid;background-color:transparent}.elementor-widget-text-editor:not(.elementor-drop-cap-view-default) .elementor-drop-cap{margin-top:8px}.elementor-widget-text-editor:not(.elementor-drop-cap-view-default) .elementor-drop-cap-letter{width:1em;height:1em}.elementor-widget-text-editor .elementor-drop-cap{float:left;text-align:center;line-height:1;font-size:50px}.elementor-widget-text-editor .elementor-drop-cap-letter{display:inline-block}<\/style>\t\t\t\t<p>If you submit a report to SOS Children&#8217;s Villages Albania via this online whistleblowing channel, we collect the following personal data:<\/p><ul><li>The names and other personal data of people that you mention in your report.<\/li><li>Your name, if you reveal your identity.<\/li><\/ul>\t\t\t\t\t\t<\/div>\n\t\t\t\t<\/div>\n\t\t\t\t<div class=\"elementor-element elementor-element-ff7f545 tabs-sos elementor-widget elementor-widget-jkit_accordion\" data-id=\"ff7f545\" data-element_type=\"widget\" data-widget_type=\"jkit_accordion.default\">\n\t\t\t\t<div class=\"elementor-widget-container\">\n\t\t\t<div  class=\"jeg-elementor-kit jkit-accordion style-box jeg_module___69e93d0fc9a35\" ><div class=\"card-wrapper expand\">\n                <div class=\"card-header\">\n                    <a href=\"#expand-2d242c5\" class=\"card-header-button\" aria-expanded=\"false\" data-target=\"#expand-2d242c5\" aria-controls=\"expand-2d242c5\">\n                        <span class=\"number\"><\/span><span class=\"title\">Confidential processing of reports<\/span><div class=\"right-icon-group\">\n                <div class=\"normal-icon\"><i aria-hidden=\"true\" class=\"fas fa-chevron-down\"><\/i><\/div>\n                <div class=\"active-icon\"><i aria-hidden=\"true\" class=\"fas fa-chevron-up\"><\/i><\/div>\n            <\/div>\n                    <\/a>\n                <\/div>\n                <div class=\"card-expand\" id=\"expand-2d242c5\" style=\"display:block\"><div class=\"card-body\"><p>The information you provide is only collected to process your report and will not be disclosed to any party not connected to this purpose except as required by law. The processing of your report takes place strictly and confidentially. All reports are reviewed by specially trained staff of the Safeguarding Team.<\/p><p>Only these people have access to the stored data and may communicate with you. In any case, if you provide your name or information that could reveal your identity, this data will only be shared on a strict need-to-know basis with designated SOS Children's Villages Albania staff or external specialists who need the data to carry out their duties. The information you report may also be used for anonymized statistical analyses.<\/p><\/div><\/div>\n            <\/div><div class=\"card-wrapper \">\n                <div class=\"card-header\">\n                    <a href=\"#expand-9a1c371\" class=\"card-header-button\" aria-expanded=\"false\" data-target=\"#expand-9a1c371\" aria-controls=\"expand-9a1c371\">\n                        <span class=\"number\"><\/span><span class=\"title\">Information of affected persons<\/span><div class=\"right-icon-group\">\n                <div class=\"normal-icon\"><i aria-hidden=\"true\" class=\"fas fa-chevron-down\"><\/i><\/div>\n                <div class=\"active-icon\"><i aria-hidden=\"true\" class=\"fas fa-chevron-up\"><\/i><\/div>\n            <\/div>\n                    <\/a>\n                <\/div>\n                <div class=\"card-expand\" id=\"expand-9a1c371\" style=\"display:none\"><div class=\"card-body\"><p>Following the principle of fair trial and legal requirements, we inform affected persons about the possible improper conduct they engaged in, as soon as this information no longer endangers the investigation. To the extent allowed by law, your identity and personal information is not revealed.<\/p><\/div><\/div>\n            <\/div><div class=\"card-wrapper \">\n                <div class=\"card-header\">\n                    <a href=\"#expand-ef47ecd\" class=\"card-header-button\" aria-expanded=\"false\" data-target=\"#expand-ef47ecd\" aria-controls=\"expand-ef47ecd\">\n                        <span class=\"number\"><\/span><span class=\"title\">Duration of retention<\/span><div class=\"right-icon-group\">\n                <div class=\"normal-icon\"><i aria-hidden=\"true\" class=\"fas fa-chevron-down\"><\/i><\/div>\n                <div class=\"active-icon\"><i aria-hidden=\"true\" class=\"fas fa-chevron-up\"><\/i><\/div>\n            <\/div>\n                    <\/a>\n                <\/div>\n                <div class=\"card-expand\" id=\"expand-ef47ecd\" style=\"display:none\"><div class=\"card-body\"><p>We keep reports as long as necessary for review, investigation and the completion of possible legal proceedings, or as long as we are obligated to do so by law. Reports are subsequently deleted or anonymized, so that any reference to your identity is irreversibly removed.<\/p><\/div><\/div>\n            <\/div><\/div>\t\t<\/div>\n\t\t\t\t<\/div>\n\t\t\t\t<\/div>\n\t\t<div class=\"elementor-element elementor-element-f92a05c e-con-full layering-sos e-flex elementor-invisible e-con e-child\" data-id=\"f92a05c\" data-element_type=\"container\" data-settings=\"{&quot;content_width&quot;:&quot;full&quot;,&quot;animation&quot;:&quot;fadeInDown&quot;,&quot;container_type&quot;:&quot;flex&quot;}\">\n\t\t<div class=\"elementor-element elementor-element-d729fc4 e-con-full e-flex e-con e-child\" data-id=\"d729fc4\" data-element_type=\"container\" data-settings=\"{&quot;content_width&quot;:&quot;full&quot;,&quot;background_background&quot;:&quot;classic&quot;,&quot;container_type&quot;:&quot;flex&quot;}\">\n\t\t\t\t<div class=\"elementor-element elementor-element-5fb6d0e elementor-widget elementor-widget-heading\" data-id=\"5fb6d0e\" data-element_type=\"widget\" data-widget_type=\"heading.default\">\n\t\t\t\t<div class=\"elementor-widget-container\">\n\t\t\t<h2 class=\"elementor-heading-title elementor-size-default\">We take data protection and confidentiality very seriously. Please read this information about data protection carefully before submitting a report.<\/h2>\t\t<\/div>\n\t\t\t\t<\/div>\n\t\t\t\t<\/div>\n\t\t\t\t<\/div>\n\t\t\t\t\t<\/div>\n\t\t\t\t<\/div>\n\t\t\t\t\t\t\t<\/div>\n\t\t","protected":false},"excerpt":{"rendered":"<p>Information about data protection Collection of personal data If you submit a report to SOS Children&#8217;s Villages Albania via this online whistleblowing channel, we collect the following personal data: The names and other personal data of people that you mention in your report. Your name, if you reveal your identity. Confidential processing of reports The [&hellip;]<\/p>\n","protected":false},"author":1,"featured_media":0,"parent":0,"menu_order":0,"comment_status":"closed","ping_status":"closed","template":"elementor_header_footer","meta":{"inline_featured_image":false,"_monsterinsights_skip_tracking":false,"_monsterinsights_sitenote_active":false,"_monsterinsights_sitenote_note":"","_monsterinsights_sitenote_category":0,"footnotes":""},"class_list":["post-4085","page","type-page","status-publish","hentry"],"yoast_head":"<!-- This site is optimized with the Yoast SEO plugin v21.7 - https:\/\/yoast.com\/wordpress\/plugins\/seo\/ -->\n<title>Information about data protection - SOS Children\u2019s Villages Albania<\/title>\n<meta name=\"robots\" content=\"index, follow, max-snippet:-1, max-image-preview:large, max-video-preview:-1\" \/>\n<link rel=\"canonical\" href=\"https:\/\/soskd.org.al\/en\/information-about-data-protection\/\" \/>\n<meta property=\"og:locale\" content=\"en_US\" \/>\n<meta property=\"og:type\" content=\"article\" \/>\n<meta property=\"og:title\" content=\"Information about data protection - SOS Children\u2019s Villages Albania\" \/>\n<meta property=\"og:description\" content=\"Information about data protection Collection of personal data If you submit a report to SOS Children&#8217;s Villages Albania via this online whistleblowing channel, we collect the following personal data: The names and other personal data of people that you mention in your report. Your name, if you reveal your identity. Confidential processing of reports The [&hellip;]\" \/>\n<meta property=\"og:url\" content=\"https:\/\/soskd.org.al\/en\/information-about-data-protection\/\" \/>\n<meta property=\"og:site_name\" content=\"SOS Children\u2019s Villages Albania\" \/>\n<meta property=\"article:modified_time\" content=\"2023-12-04T11:30:42+00:00\" \/>\n<meta name=\"twitter:card\" content=\"summary_large_image\" \/>\n<meta name=\"twitter:label1\" content=\"Est. reading time\" \/>\n\t<meta name=\"twitter:data1\" content=\"1 minute\" \/>\n<script type=\"application\/ld+json\" class=\"yoast-schema-graph\">{\"@context\":\"https:\/\/schema.org\",\"@graph\":[{\"@type\":\"WebPage\",\"@id\":\"https:\/\/soskd.org.al\/en\/information-about-data-protection\/\",\"url\":\"https:\/\/soskd.org.al\/en\/information-about-data-protection\/\",\"name\":\"Information about data protection - SOS Children\u2019s Villages Albania\",\"isPartOf\":{\"@id\":\"https:\/\/soskd.org.al\/#website\"},\"datePublished\":\"2023-12-04T11:20:47+00:00\",\"dateModified\":\"2023-12-04T11:30:42+00:00\",\"breadcrumb\":{\"@id\":\"https:\/\/soskd.org.al\/en\/information-about-data-protection\/#breadcrumb\"},\"inLanguage\":\"en-US\",\"potentialAction\":[{\"@type\":\"ReadAction\",\"target\":[\"https:\/\/soskd.org.al\/en\/information-about-data-protection\/\"]}]},{\"@type\":\"BreadcrumbList\",\"@id\":\"https:\/\/soskd.org.al\/en\/information-about-data-protection\/#breadcrumb\",\"itemListElement\":[{\"@type\":\"ListItem\",\"position\":1,\"name\":\"Home\",\"item\":\"https:\/\/soskd.org.al\/\"},{\"@type\":\"ListItem\",\"position\":2,\"name\":\"Information about data protection\"}]},{\"@type\":\"WebSite\",\"@id\":\"https:\/\/soskd.org.al\/#website\",\"url\":\"https:\/\/soskd.org.al\/\",\"name\":\"SOS Children\u2019s Villages Albania\",\"description\":\"Shoqat\u00eb me fokus mb\u00ebshtetjen e f\u00ebmij\u00ebve &amp; t\u00eb rinjve n\u00eb vend, pa kujdes prind\u00ebror ose n\u00eb rrezik p\u00ebr ta humbur at\u00eb.\",\"publisher\":{\"@id\":\"https:\/\/soskd.org.al\/#organization\"},\"potentialAction\":[{\"@type\":\"SearchAction\",\"target\":{\"@type\":\"EntryPoint\",\"urlTemplate\":\"https:\/\/soskd.org.al\/?s={search_term_string}\"},\"query-input\":\"required name=search_term_string\"}],\"inLanguage\":\"en-US\"},{\"@type\":\"Organization\",\"@id\":\"https:\/\/soskd.org.al\/#organization\",\"name\":\"SOS Children\u2019s Villages Albania\",\"url\":\"https:\/\/soskd.org.al\/\",\"logo\":{\"@type\":\"ImageObject\",\"inLanguage\":\"en-US\",\"@id\":\"https:\/\/soskd.org.al\/#\/schema\/logo\/image\/\",\"url\":\"https:\/\/soskd.org.al\/wp-content\/uploads\/2023\/09\/Logo-sos-en.svg\",\"contentUrl\":\"https:\/\/soskd.org.al\/wp-content\/uploads\/2023\/09\/Logo-sos-en.svg\",\"width\":205,\"height\":36,\"caption\":\"SOS Children\u2019s Villages Albania\"},\"image\":{\"@id\":\"https:\/\/soskd.org.al\/#\/schema\/logo\/image\/\"}}]}<\/script>\n<!-- \/ Yoast SEO plugin. -->","yoast_head_json":{"title":"Information about data protection - SOS Children\u2019s Villages Albania","robots":{"index":"index","follow":"follow","max-snippet":"max-snippet:-1","max-image-preview":"max-image-preview:large","max-video-preview":"max-video-preview:-1"},"canonical":"https:\/\/soskd.org.al\/en\/information-about-data-protection\/","og_locale":"en_US","og_type":"article","og_title":"Information about data protection - SOS Children\u2019s Villages Albania","og_description":"Information about data protection Collection of personal data If you submit a report to SOS Children&#8217;s Villages Albania via this online whistleblowing channel, we collect the following personal data: The names and other personal data of people that you mention in your report. Your name, if you reveal your identity. Confidential processing of reports The [&hellip;]","og_url":"https:\/\/soskd.org.al\/en\/information-about-data-protection\/","og_site_name":"SOS Children\u2019s Villages Albania","article_modified_time":"2023-12-04T11:30:42+00:00","twitter_card":"summary_large_image","twitter_misc":{"Est. reading time":"1 minute"},"schema":{"@context":"https:\/\/schema.org","@graph":[{"@type":"WebPage","@id":"https:\/\/soskd.org.al\/en\/information-about-data-protection\/","url":"https:\/\/soskd.org.al\/en\/information-about-data-protection\/","name":"Information about data protection - SOS Children\u2019s Villages Albania","isPartOf":{"@id":"https:\/\/soskd.org.al\/#website"},"datePublished":"2023-12-04T11:20:47+00:00","dateModified":"2023-12-04T11:30:42+00:00","breadcrumb":{"@id":"https:\/\/soskd.org.al\/en\/information-about-data-protection\/#breadcrumb"},"inLanguage":"en-US","potentialAction":[{"@type":"ReadAction","target":["https:\/\/soskd.org.al\/en\/information-about-data-protection\/"]}]},{"@type":"BreadcrumbList","@id":"https:\/\/soskd.org.al\/en\/information-about-data-protection\/#breadcrumb","itemListElement":[{"@type":"ListItem","position":1,"name":"Home","item":"https:\/\/soskd.org.al\/"},{"@type":"ListItem","position":2,"name":"Information about data protection"}]},{"@type":"WebSite","@id":"https:\/\/soskd.org.al\/#website","url":"https:\/\/soskd.org.al\/","name":"SOS Children\u2019s Villages Albania","description":"Shoqat\u00eb me fokus mb\u00ebshtetjen e f\u00ebmij\u00ebve &amp; t\u00eb rinjve n\u00eb vend, pa kujdes prind\u00ebror ose n\u00eb rrezik p\u00ebr ta humbur at\u00eb.","publisher":{"@id":"https:\/\/soskd.org.al\/#organization"},"potentialAction":[{"@type":"SearchAction","target":{"@type":"EntryPoint","urlTemplate":"https:\/\/soskd.org.al\/?s={search_term_string}"},"query-input":"required name=search_term_string"}],"inLanguage":"en-US"},{"@type":"Organization","@id":"https:\/\/soskd.org.al\/#organization","name":"SOS Children\u2019s Villages Albania","url":"https:\/\/soskd.org.al\/","logo":{"@type":"ImageObject","inLanguage":"en-US","@id":"https:\/\/soskd.org.al\/#\/schema\/logo\/image\/","url":"https:\/\/soskd.org.al\/wp-content\/uploads\/2023\/09\/Logo-sos-en.svg","contentUrl":"https:\/\/soskd.org.al\/wp-content\/uploads\/2023\/09\/Logo-sos-en.svg","width":205,"height":36,"caption":"SOS Children\u2019s Villages Albania"},"image":{"@id":"https:\/\/soskd.org.al\/#\/schema\/logo\/image\/"}}]}},"_links":{"self":[{"href":"https:\/\/soskd.org.al\/en\/wp-json\/wp\/v2\/pages\/4085","targetHints":{"allow":["GET"]}}],"collection":[{"href":"https:\/\/soskd.org.al\/en\/wp-json\/wp\/v2\/pages"}],"about":[{"href":"https:\/\/soskd.org.al\/en\/wp-json\/wp\/v2\/types\/page"}],"author":[{"embeddable":true,"href":"https:\/\/soskd.org.al\/en\/wp-json\/wp\/v2\/users\/1"}],"replies":[{"embeddable":true,"href":"https:\/\/soskd.org.al\/en\/wp-json\/wp\/v2\/comments?post=4085"}],"version-history":[{"count":19,"href":"https:\/\/soskd.org.al\/en\/wp-json\/wp\/v2\/pages\/4085\/revisions"}],"predecessor-version":[{"id":4112,"href":"https:\/\/soskd.org.al\/en\/wp-json\/wp\/v2\/pages\/4085\/revisions\/4112"}],"wp:attachment":[{"href":"https:\/\/soskd.org.al\/en\/wp-json\/wp\/v2\/media?parent=4085"}],"curies":[{"name":"wp","href":"https:\/\/api.w.org\/{rel}","templated":true}]}}