{"id":5107,"date":"2023-12-08T13:37:45","date_gmt":"2023-12-08T13:37:45","guid":{"rendered":"https:\/\/sosal.evolve-studio.xyz\/?page_id=5107"},"modified":"2023-12-12T22:51:12","modified_gmt":"2023-12-12T22:51:12","slug":"take-action","status":"publish","type":"page","link":"https:\/\/soskd.org.al\/en\/take-action\/","title":{"rendered":"Take Action"},"content":{"rendered":"\t\t<div data-elementor-type=\"wp-page\" data-elementor-id=\"5107\" class=\"elementor elementor-5107\" data-elementor-post-type=\"page\">\n\t\t\t\t\t\t\t<div class=\"elementor-element elementor-element-70e5628 e-flex e-con-boxed e-con e-parent\" data-id=\"70e5628\" data-element_type=\"container\" data-settings=\"{&quot;background_background&quot;:&quot;classic&quot;,&quot;container_type&quot;:&quot;flex&quot;,&quot;content_width&quot;:&quot;boxed&quot;}\" data-e-bg-lazyload=\"\" data-core-v316-plus=\"true\">\n\t\t\t\t\t<div class=\"e-con-inner\">\n\t\t<div class=\"elementor-element elementor-element-6448272 e-flex e-con-boxed elementor-invisible e-con e-child\" data-id=\"6448272\" data-element_type=\"container\" data-settings=\"{&quot;animation&quot;:&quot;fadeInLeft&quot;,&quot;container_type&quot;:&quot;flex&quot;,&quot;content_width&quot;:&quot;boxed&quot;}\">\n\t\t\t\t\t<div class=\"e-con-inner\">\n\t\t\t\t<div class=\"elementor-element elementor-element-78ad1ad elementor-widget elementor-widget-heading\" data-id=\"78ad1ad\" data-element_type=\"widget\" data-widget_type=\"heading.default\">\n\t\t\t\t<div class=\"elementor-widget-container\">\n\t\t\t<style>\/*! elementor - v3.16.0 - 14-09-2023 *\/\n.elementor-heading-title{padding:0;margin:0;line-height:1}.elementor-widget-heading .elementor-heading-title[class*=elementor-size-]>a{color:inherit;font-size:inherit;line-height:inherit}.elementor-widget-heading .elementor-heading-title.elementor-size-small{font-size:15px}.elementor-widget-heading .elementor-heading-title.elementor-size-medium{font-size:19px}.elementor-widget-heading .elementor-heading-title.elementor-size-large{font-size:29px}.elementor-widget-heading .elementor-heading-title.elementor-size-xl{font-size:39px}.elementor-widget-heading .elementor-heading-title.elementor-size-xxl{font-size:59px}<\/style><h2 class=\"elementor-heading-title elementor-size-default\">Take Action<\/h2>\t\t<\/div>\n\t\t\t\t<\/div>\n\t\t\t\t\t<\/div>\n\t\t\t\t<\/div>\n\t\t<div class=\"elementor-element elementor-element-74743ad e-flex e-con-boxed e-con e-child\" data-id=\"74743ad\" data-element_type=\"container\" data-settings=\"{&quot;container_type&quot;:&quot;flex&quot;,&quot;content_width&quot;:&quot;boxed&quot;}\">\n\t\t\t\t\t<div class=\"e-con-inner\">\n\t\t\t\t\t<\/div>\n\t\t\t\t<\/div>\n\t\t\t\t\t<\/div>\n\t\t\t\t<\/div>\n\t\t<div class=\"elementor-element elementor-element-1586d9a e-flex e-con-boxed e-con e-parent\" data-id=\"1586d9a\" data-element_type=\"container\" data-settings=\"{&quot;container_type&quot;:&quot;flex&quot;,&quot;content_width&quot;:&quot;boxed&quot;}\" data-core-v316-plus=\"true\">\n\t\t\t\t\t<div class=\"e-con-inner\">\n\t\t<div class=\"elementor-element elementor-element-c3c5f6c e-con-full e-flex e-con e-child\" data-id=\"c3c5f6c\" data-element_type=\"container\" data-settings=\"{&quot;content_width&quot;:&quot;full&quot;,&quot;container_type&quot;:&quot;flex&quot;}\">\n\t\t\t\t<div class=\"elementor-element elementor-element-227d59e elementor-widget elementor-widget-heading\" data-id=\"227d59e\" data-element_type=\"widget\" data-widget_type=\"heading.default\">\n\t\t\t\t<div class=\"elementor-widget-container\">\n\t\t\t<h2 class=\"elementor-heading-title elementor-size-default\">IT'S EASY TO TAKE ACTION<\/h2>\t\t<\/div>\n\t\t\t\t<\/div>\n\t\t\t\t<div class=\"elementor-element elementor-element-252b8b8 elementor-widget elementor-widget-text-editor\" data-id=\"252b8b8\" data-element_type=\"widget\" data-widget_type=\"text-editor.default\">\n\t\t\t\t<div class=\"elementor-widget-container\">\n\t\t\t<style>\/*! elementor - v3.16.0 - 14-09-2023 *\/\n.elementor-widget-text-editor.elementor-drop-cap-view-stacked .elementor-drop-cap{background-color:#69727d;color:#fff}.elementor-widget-text-editor.elementor-drop-cap-view-framed .elementor-drop-cap{color:#69727d;border:3px solid;background-color:transparent}.elementor-widget-text-editor:not(.elementor-drop-cap-view-default) .elementor-drop-cap{margin-top:8px}.elementor-widget-text-editor:not(.elementor-drop-cap-view-default) .elementor-drop-cap-letter{width:1em;height:1em}.elementor-widget-text-editor .elementor-drop-cap{float:left;text-align:center;line-height:1;font-size:50px}.elementor-widget-text-editor .elementor-drop-cap-letter{display:inline-block}<\/style>\t\t\t\tAll you need is goodwill, an open heart and a wish to support. Donate money, products or services, host an event, or simply run for SOS \u2013 you decide how to help children in need and the most vulnerable!\t\t\t\t\t\t<\/div>\n\t\t\t\t<\/div>\n\t\t\t\t<\/div>\n\t\t\t\t\t<\/div>\n\t\t\t\t<\/div>\n\t\t<div class=\"elementor-element elementor-element-b3abf93 take-action e-flex e-con-boxed e-con e-parent\" data-id=\"b3abf93\" data-element_type=\"container\" data-settings=\"{&quot;background_background&quot;:&quot;classic&quot;,&quot;container_type&quot;:&quot;flex&quot;,&quot;content_width&quot;:&quot;boxed&quot;}\" data-core-v316-plus=\"true\">\n\t\t\t\t\t<div class=\"e-con-inner\">\n\t\t<div class=\"elementor-element elementor-element-22af26c e-flex e-con-boxed e-con e-child\" data-id=\"22af26c\" data-element_type=\"container\" data-settings=\"{&quot;container_type&quot;:&quot;flex&quot;,&quot;content_width&quot;:&quot;boxed&quot;}\">\n\t\t\t\t\t<div class=\"e-con-inner\">\n\t\t<div class=\"elementor-element elementor-element-290f897 e-con-full e-flex e-con e-child\" data-id=\"290f897\" data-element_type=\"container\" data-settings=\"{&quot;content_width&quot;:&quot;full&quot;,&quot;container_type&quot;:&quot;flex&quot;}\">\n\t\t\t\t<div class=\"elementor-element elementor-element-007a4b8 title_line title_line_interior elementor-widget elementor-widget-heading\" data-id=\"007a4b8\" data-element_type=\"widget\" data-widget_type=\"heading.default\">\n\t\t\t\t<div class=\"elementor-widget-container\">\n\t\t\t<h2 class=\"elementor-heading-title elementor-size-default\">You can provide children with the future they deserve!<\/h2>\t\t<\/div>\n\t\t\t\t<\/div>\n\t\t\t\t<\/div>\n\t\t<div class=\"elementor-element elementor-element-11db217 e-con-full e-flex e-con e-child\" data-id=\"11db217\" data-element_type=\"container\" data-settings=\"{&quot;content_width&quot;:&quot;full&quot;,&quot;container_type&quot;:&quot;flex&quot;}\">\n\t\t\t\t<div class=\"elementor-element elementor-element-ec52b57 single-post-insta elementor-position-top elementor-widget elementor-widget-image-box\" data-id=\"ec52b57\" data-element_type=\"widget\" data-widget_type=\"image-box.default\">\n\t\t\t\t<div class=\"elementor-widget-container\">\n\t\t\t<style>\/*! elementor - v3.16.0 - 14-09-2023 *\/\n.elementor-widget-image-box .elementor-image-box-content{width:100%}@media (min-width:768px){.elementor-widget-image-box.elementor-position-left .elementor-image-box-wrapper,.elementor-widget-image-box.elementor-position-right .elementor-image-box-wrapper{display:flex}.elementor-widget-image-box.elementor-position-right .elementor-image-box-wrapper{text-align:right;flex-direction:row-reverse}.elementor-widget-image-box.elementor-position-left .elementor-image-box-wrapper{text-align:left;flex-direction:row}.elementor-widget-image-box.elementor-position-top .elementor-image-box-img{margin:auto}.elementor-widget-image-box.elementor-vertical-align-top .elementor-image-box-wrapper{align-items:flex-start}.elementor-widget-image-box.elementor-vertical-align-middle .elementor-image-box-wrapper{align-items:center}.elementor-widget-image-box.elementor-vertical-align-bottom .elementor-image-box-wrapper{align-items:flex-end}}@media (max-width:767px){.elementor-widget-image-box .elementor-image-box-img{margin-left:auto!important;margin-right:auto!important;margin-bottom:15px}}.elementor-widget-image-box .elementor-image-box-img{display:inline-block}.elementor-widget-image-box .elementor-image-box-title a{color:inherit}.elementor-widget-image-box .elementor-image-box-wrapper{text-align:center}.elementor-widget-image-box .elementor-image-box-description{margin:0}<\/style><div class=\"elementor-image-box-wrapper\"><figure class=\"elementor-image-box-img\"><a href=\"\/individual-support\/\" tabindex=\"-1\"><img loading=\"lazy\" decoding=\"async\" width=\"425\" height=\"425\" src=\"https:\/\/soskd.org.al\/wp-content\/uploads\/2023\/12\/Young-people-at-the-Applying-Safe-Behaviours-event-Magdalena-Sikorska-4-banner-square.jpg\" class=\"attachment-full size-full wp-image-4531\" alt=\"\" srcset=\"https:\/\/soskd.org.al\/wp-content\/uploads\/2023\/12\/Young-people-at-the-Applying-Safe-Behaviours-event-Magdalena-Sikorska-4-banner-square.jpg 425w, https:\/\/soskd.org.al\/wp-content\/uploads\/2023\/12\/Young-people-at-the-Applying-Safe-Behaviours-event-Magdalena-Sikorska-4-banner-square-300x300.jpg 300w, https:\/\/soskd.org.al\/wp-content\/uploads\/2023\/12\/Young-people-at-the-Applying-Safe-Behaviours-event-Magdalena-Sikorska-4-banner-square-150x150.jpg 150w\" sizes=\"auto, (max-width: 425px) 100vw, 425px\" \/><\/a><\/figure><div class=\"elementor-image-box-content\"><h3 class=\"elementor-image-box-title\"><a href=\"\/individual-support\/\">Individual Support<\/a><\/h3><p class=\"elementor-image-box-description\"><a class=\"seemore-sos\" href=\"\/individual-support\/\">See More<\/a><\/p><\/div><\/div>\t\t<\/div>\n\t\t\t\t<\/div>\n\t\t\t\t<\/div>\n\t\t<div class=\"elementor-element elementor-element-306a3bc e-con-full e-flex e-con e-child\" data-id=\"306a3bc\" data-element_type=\"container\" data-settings=\"{&quot;content_width&quot;:&quot;full&quot;,&quot;container_type&quot;:&quot;flex&quot;}\">\n\t\t\t\t<div class=\"elementor-element elementor-element-f99cf07 single-post-insta elementor-position-top elementor-widget elementor-widget-image-box\" data-id=\"f99cf07\" data-element_type=\"widget\" data-widget_type=\"image-box.default\">\n\t\t\t\t<div class=\"elementor-widget-container\">\n\t\t\t<div class=\"elementor-image-box-wrapper\"><figure class=\"elementor-image-box-img\"><a href=\"\/corporate-partnership\/\" tabindex=\"-1\"><img loading=\"lazy\" decoding=\"async\" width=\"425\" height=\"425\" src=\"https:\/\/soskd.org.al\/wp-content\/uploads\/2023\/12\/SOSKinderdorfBetreuerKinderspielplatz_34square.jpg\" class=\"attachment-full size-full wp-image-4535\" alt=\"\" srcset=\"https:\/\/soskd.org.al\/wp-content\/uploads\/2023\/12\/SOSKinderdorfBetreuerKinderspielplatz_34square.jpg 425w, https:\/\/soskd.org.al\/wp-content\/uploads\/2023\/12\/SOSKinderdorfBetreuerKinderspielplatz_34square-300x300.jpg 300w, https:\/\/soskd.org.al\/wp-content\/uploads\/2023\/12\/SOSKinderdorfBetreuerKinderspielplatz_34square-150x150.jpg 150w\" sizes=\"auto, (max-width: 425px) 100vw, 425px\" \/><\/a><\/figure><div class=\"elementor-image-box-content\"><h3 class=\"elementor-image-box-title\"><a href=\"\/corporate-partnership\/\">Corporate Partnership<\/a><\/h3><p class=\"elementor-image-box-description\"><a class=\"seemore-sos\" href=\"\/corporate-partnership\/\">See More<\/a><\/p><\/div><\/div>\t\t<\/div>\n\t\t\t\t<\/div>\n\t\t\t\t<\/div>\n\t\t<div class=\"elementor-element elementor-element-896a968 e-con-full e-flex e-con e-child\" data-id=\"896a968\" data-element_type=\"container\" data-settings=\"{&quot;content_width&quot;:&quot;full&quot;,&quot;container_type&quot;:&quot;flex&quot;}\">\n\t\t\t\t<div class=\"elementor-element elementor-element-aba0afb single-post-insta elementor-position-top elementor-widget elementor-widget-image-box\" data-id=\"aba0afb\" data-element_type=\"widget\" data-widget_type=\"image-box.default\">\n\t\t\t\t<div class=\"elementor-widget-container\">\n\t\t\t<div class=\"elementor-image-box-wrapper\"><figure class=\"elementor-image-box-img\"><a href=\"\/institutional-partnership\/\" tabindex=\"-1\"><img loading=\"lazy\" decoding=\"async\" width=\"425\" height=\"425\" src=\"https:\/\/soskd.org.al\/wp-content\/uploads\/2023\/12\/SOS-CVRockport-foster-parents-9-AR-button.jpg\" class=\"attachment-full size-full wp-image-4536\" alt=\"\" srcset=\"https:\/\/soskd.org.al\/wp-content\/uploads\/2023\/12\/SOS-CVRockport-foster-parents-9-AR-button.jpg 425w, https:\/\/soskd.org.al\/wp-content\/uploads\/2023\/12\/SOS-CVRockport-foster-parents-9-AR-button-300x300.jpg 300w, https:\/\/soskd.org.al\/wp-content\/uploads\/2023\/12\/SOS-CVRockport-foster-parents-9-AR-button-150x150.jpg 150w\" sizes=\"auto, (max-width: 425px) 100vw, 425px\" \/><\/a><\/figure><div class=\"elementor-image-box-content\"><h3 class=\"elementor-image-box-title\"><a href=\"\/institutional-partnership\/\">Institutional Partnership<\/a><\/h3><p class=\"elementor-image-box-description\"><a class=\"seemore-sos\" href=\"\/institutional-partnership\/\">See More<\/a><\/p><\/div><\/div>\t\t<\/div>\n\t\t\t\t<\/div>\n\t\t\t\t<\/div>\n\t\t<div class=\"elementor-element elementor-element-1c5c4bd e-con-full e-flex e-con e-child\" data-id=\"1c5c4bd\" data-element_type=\"container\" data-settings=\"{&quot;content_width&quot;:&quot;full&quot;,&quot;container_type&quot;:&quot;flex&quot;}\">\n\t\t\t\t<div class=\"elementor-element elementor-element-c1b5726 single-post-insta elementor-position-top elementor-widget elementor-widget-image-box\" data-id=\"c1b5726\" data-element_type=\"widget\" data-widget_type=\"image-box.default\">\n\t\t\t\t<div class=\"elementor-widget-container\">\n\t\t\t<div class=\"elementor-image-box-wrapper\"><figure class=\"elementor-image-box-img\"><a href=\"\/transparency\/\" tabindex=\"-1\"><img loading=\"lazy\" decoding=\"async\" width=\"1200\" height=\"800\" src=\"https:\/\/soskd.org.al\/wp-content\/uploads\/2023\/12\/Philanthropy.jpg\" class=\"attachment-full size-full wp-image-5655\" alt=\"\" srcset=\"https:\/\/soskd.org.al\/wp-content\/uploads\/2023\/12\/Philanthropy.jpg 1200w, https:\/\/soskd.org.al\/wp-content\/uploads\/2023\/12\/Philanthropy-300x200.jpg 300w, https:\/\/soskd.org.al\/wp-content\/uploads\/2023\/12\/Philanthropy-1024x683.jpg 1024w, https:\/\/soskd.org.al\/wp-content\/uploads\/2023\/12\/Philanthropy-768x512.jpg 768w\" sizes=\"auto, (max-width: 1200px) 100vw, 1200px\" \/><\/a><\/figure><div class=\"elementor-image-box-content\"><h3 class=\"elementor-image-box-title\"><a href=\"\/transparency\/\">Transparency<\/a><\/h3><p class=\"elementor-image-box-description\"><a class=\"seemore-sos\" href=\"\/transparency\/\">See More<\/a><\/p><\/div><\/div>\t\t<\/div>\n\t\t\t\t<\/div>\n\t\t\t\t<\/div>\n\t\t\t\t\t<\/div>\n\t\t\t\t<\/div>\n\t\t\t\t\t<\/div>\n\t\t\t\t<\/div>\n\t\t\t\t\t\t\t<\/div>\n\t\t","protected":false},"excerpt":{"rendered":"<p>Take Action IT&#8217;S EASY TO TAKE ACTION All you need is goodwill, an open heart and a wish to support. Donate money, products or services, host an event, or simply run for SOS \u2013 you decide how to help children in need and the most vulnerable! You can provide children with the future they deserve! [&hellip;]<\/p>\n","protected":false},"author":1,"featured_media":0,"parent":0,"menu_order":0,"comment_status":"closed","ping_status":"closed","template":"elementor_header_footer","meta":{"inline_featured_image":false,"_monsterinsights_skip_tracking":false,"_monsterinsights_sitenote_active":false,"_monsterinsights_sitenote_note":"","_monsterinsights_sitenote_category":0,"footnotes":""},"class_list":["post-5107","page","type-page","status-publish","hentry"],"yoast_head":"<!-- This site is optimized with the Yoast SEO plugin v21.7 - https:\/\/yoast.com\/wordpress\/plugins\/seo\/ -->\n<title>Take Action - SOS Children\u2019s Villages Albania<\/title>\n<meta name=\"robots\" content=\"index, follow, max-snippet:-1, max-image-preview:large, max-video-preview:-1\" \/>\n<link rel=\"canonical\" href=\"https:\/\/soskd.org.al\/en\/take-action\/\" \/>\n<meta property=\"og:locale\" content=\"en_US\" \/>\n<meta property=\"og:type\" content=\"article\" \/>\n<meta property=\"og:title\" content=\"Take Action - SOS Children\u2019s Villages Albania\" \/>\n<meta property=\"og:description\" content=\"Take Action IT&#8217;S EASY TO TAKE ACTION All you need is goodwill, an open heart and a wish to support. Donate money, products or services, host an event, or simply run for SOS \u2013 you decide how to help children in need and the most vulnerable! You can provide children with the future they deserve! [&hellip;]\" \/>\n<meta property=\"og:url\" content=\"https:\/\/soskd.org.al\/en\/take-action\/\" \/>\n<meta property=\"og:site_name\" content=\"SOS Children\u2019s Villages Albania\" \/>\n<meta property=\"article:modified_time\" content=\"2023-12-12T22:51:12+00:00\" \/>\n<meta property=\"og:image\" content=\"https:\/\/soskd.org.al\/wp-content\/uploads\/2023\/12\/Young-people-at-the-Applying-Safe-Behaviours-event-Magdalena-Sikorska-4-banner-square.jpg\" \/>\n<meta name=\"twitter:card\" content=\"summary_large_image\" \/>\n<script type=\"application\/ld+json\" class=\"yoast-schema-graph\">{\"@context\":\"https:\/\/schema.org\",\"@graph\":[{\"@type\":\"WebPage\",\"@id\":\"https:\/\/soskd.org.al\/en\/take-action\/\",\"url\":\"https:\/\/soskd.org.al\/en\/take-action\/\",\"name\":\"Take Action - SOS Children\u2019s Villages Albania\",\"isPartOf\":{\"@id\":\"https:\/\/soskd.org.al\/#website\"},\"datePublished\":\"2023-12-08T13:37:45+00:00\",\"dateModified\":\"2023-12-12T22:51:12+00:00\",\"breadcrumb\":{\"@id\":\"https:\/\/soskd.org.al\/en\/take-action\/#breadcrumb\"},\"inLanguage\":\"en-US\",\"potentialAction\":[{\"@type\":\"ReadAction\",\"target\":[\"https:\/\/soskd.org.al\/en\/take-action\/\"]}]},{\"@type\":\"BreadcrumbList\",\"@id\":\"https:\/\/soskd.org.al\/en\/take-action\/#breadcrumb\",\"itemListElement\":[{\"@type\":\"ListItem\",\"position\":1,\"name\":\"Home\",\"item\":\"https:\/\/soskd.org.al\/\"},{\"@type\":\"ListItem\",\"position\":2,\"name\":\"Take Action\"}]},{\"@type\":\"WebSite\",\"@id\":\"https:\/\/soskd.org.al\/#website\",\"url\":\"https:\/\/soskd.org.al\/\",\"name\":\"SOS Children\u2019s Villages Albania\",\"description\":\"Shoqat\u00eb me fokus mb\u00ebshtetjen e f\u00ebmij\u00ebve &amp; t\u00eb rinjve n\u00eb vend, pa kujdes prind\u00ebror ose n\u00eb rrezik p\u00ebr ta humbur at\u00eb.\",\"publisher\":{\"@id\":\"https:\/\/soskd.org.al\/#organization\"},\"potentialAction\":[{\"@type\":\"SearchAction\",\"target\":{\"@type\":\"EntryPoint\",\"urlTemplate\":\"https:\/\/soskd.org.al\/?s={search_term_string}\"},\"query-input\":\"required name=search_term_string\"}],\"inLanguage\":\"en-US\"},{\"@type\":\"Organization\",\"@id\":\"https:\/\/soskd.org.al\/#organization\",\"name\":\"SOS Children\u2019s Villages Albania\",\"url\":\"https:\/\/soskd.org.al\/\",\"logo\":{\"@type\":\"ImageObject\",\"inLanguage\":\"en-US\",\"@id\":\"https:\/\/soskd.org.al\/#\/schema\/logo\/image\/\",\"url\":\"https:\/\/soskd.org.al\/wp-content\/uploads\/2023\/09\/Logo-sos-en.svg\",\"contentUrl\":\"https:\/\/soskd.org.al\/wp-content\/uploads\/2023\/09\/Logo-sos-en.svg\",\"width\":205,\"height\":36,\"caption\":\"SOS Children\u2019s Villages Albania\"},\"image\":{\"@id\":\"https:\/\/soskd.org.al\/#\/schema\/logo\/image\/\"}}]}<\/script>\n<!-- \/ Yoast SEO plugin. -->","yoast_head_json":{"title":"Take Action - SOS Children\u2019s Villages Albania","robots":{"index":"index","follow":"follow","max-snippet":"max-snippet:-1","max-image-preview":"max-image-preview:large","max-video-preview":"max-video-preview:-1"},"canonical":"https:\/\/soskd.org.al\/en\/take-action\/","og_locale":"en_US","og_type":"article","og_title":"Take Action - SOS Children\u2019s Villages Albania","og_description":"Take Action IT&#8217;S EASY TO TAKE ACTION All you need is goodwill, an open heart and a wish to support. Donate money, products or services, host an event, or simply run for SOS \u2013 you decide how to help children in need and the most vulnerable! You can provide children with the future they deserve! [&hellip;]","og_url":"https:\/\/soskd.org.al\/en\/take-action\/","og_site_name":"SOS Children\u2019s Villages Albania","article_modified_time":"2023-12-12T22:51:12+00:00","og_image":[{"url":"https:\/\/soskd.org.al\/wp-content\/uploads\/2023\/12\/Young-people-at-the-Applying-Safe-Behaviours-event-Magdalena-Sikorska-4-banner-square.jpg"}],"twitter_card":"summary_large_image","schema":{"@context":"https:\/\/schema.org","@graph":[{"@type":"WebPage","@id":"https:\/\/soskd.org.al\/en\/take-action\/","url":"https:\/\/soskd.org.al\/en\/take-action\/","name":"Take Action - SOS Children\u2019s Villages Albania","isPartOf":{"@id":"https:\/\/soskd.org.al\/#website"},"datePublished":"2023-12-08T13:37:45+00:00","dateModified":"2023-12-12T22:51:12+00:00","breadcrumb":{"@id":"https:\/\/soskd.org.al\/en\/take-action\/#breadcrumb"},"inLanguage":"en-US","potentialAction":[{"@type":"ReadAction","target":["https:\/\/soskd.org.al\/en\/take-action\/"]}]},{"@type":"BreadcrumbList","@id":"https:\/\/soskd.org.al\/en\/take-action\/#breadcrumb","itemListElement":[{"@type":"ListItem","position":1,"name":"Home","item":"https:\/\/soskd.org.al\/"},{"@type":"ListItem","position":2,"name":"Take Action"}]},{"@type":"WebSite","@id":"https:\/\/soskd.org.al\/#website","url":"https:\/\/soskd.org.al\/","name":"SOS Children\u2019s Villages Albania","description":"Shoqat\u00eb me fokus mb\u00ebshtetjen e f\u00ebmij\u00ebve &amp; t\u00eb rinjve n\u00eb vend, pa kujdes prind\u00ebror ose n\u00eb rrezik p\u00ebr ta humbur at\u00eb.","publisher":{"@id":"https:\/\/soskd.org.al\/#organization"},"potentialAction":[{"@type":"SearchAction","target":{"@type":"EntryPoint","urlTemplate":"https:\/\/soskd.org.al\/?s={search_term_string}"},"query-input":"required name=search_term_string"}],"inLanguage":"en-US"},{"@type":"Organization","@id":"https:\/\/soskd.org.al\/#organization","name":"SOS Children\u2019s Villages Albania","url":"https:\/\/soskd.org.al\/","logo":{"@type":"ImageObject","inLanguage":"en-US","@id":"https:\/\/soskd.org.al\/#\/schema\/logo\/image\/","url":"https:\/\/soskd.org.al\/wp-content\/uploads\/2023\/09\/Logo-sos-en.svg","contentUrl":"https:\/\/soskd.org.al\/wp-content\/uploads\/2023\/09\/Logo-sos-en.svg","width":205,"height":36,"caption":"SOS Children\u2019s Villages Albania"},"image":{"@id":"https:\/\/soskd.org.al\/#\/schema\/logo\/image\/"}}]}},"_links":{"self":[{"href":"https:\/\/soskd.org.al\/en\/wp-json\/wp\/v2\/pages\/5107","targetHints":{"allow":["GET"]}}],"collection":[{"href":"https:\/\/soskd.org.al\/en\/wp-json\/wp\/v2\/pages"}],"about":[{"href":"https:\/\/soskd.org.al\/en\/wp-json\/wp\/v2\/types\/page"}],"author":[{"embeddable":true,"href":"https:\/\/soskd.org.al\/en\/wp-json\/wp\/v2\/users\/1"}],"replies":[{"embeddable":true,"href":"https:\/\/soskd.org.al\/en\/wp-json\/wp\/v2\/comments?post=5107"}],"version-history":[{"count":28,"href":"https:\/\/soskd.org.al\/en\/wp-json\/wp\/v2\/pages\/5107\/revisions"}],"predecessor-version":[{"id":5886,"href":"https:\/\/soskd.org.al\/en\/wp-json\/wp\/v2\/pages\/5107\/revisions\/5886"}],"wp:attachment":[{"href":"https:\/\/soskd.org.al\/en\/wp-json\/wp\/v2\/media?parent=5107"}],"curies":[{"name":"wp","href":"https:\/\/api.w.org\/{rel}","templated":true}]}}