{"id":5819,"date":"2023-12-12T22:00:14","date_gmt":"2023-12-12T22:00:14","guid":{"rendered":"https:\/\/sosal.evolve-studio.xyz\/?page_id=5819"},"modified":"2023-12-15T13:40:10","modified_gmt":"2023-12-15T13:40:10","slug":"in-kind-donations","status":"publish","type":"page","link":"https:\/\/soskd.org.al\/en\/individual-support\/in-kind-donations\/","title":{"rendered":"In-Kind Donations"},"content":{"rendered":"\t\t<div data-elementor-type=\"wp-page\" data-elementor-id=\"5819\" class=\"elementor elementor-5819\" data-elementor-post-type=\"page\">\n\t\t\t\t\t\t\t<div class=\"elementor-element elementor-element-5c09d6f e-flex e-con-boxed e-con e-parent\" data-id=\"5c09d6f\" data-element_type=\"container\" data-settings=\"{&quot;background_background&quot;:&quot;classic&quot;,&quot;container_type&quot;:&quot;flex&quot;,&quot;content_width&quot;:&quot;boxed&quot;}\" data-e-bg-lazyload=\"\" data-core-v316-plus=\"true\">\n\t\t\t\t\t<div class=\"e-con-inner\">\n\t\t<div class=\"elementor-element elementor-element-9c6660c e-con-full e-flex elementor-invisible e-con e-child\" data-id=\"9c6660c\" data-element_type=\"container\" data-settings=\"{&quot;animation&quot;:&quot;fadeInLeft&quot;,&quot;content_width&quot;:&quot;full&quot;,&quot;container_type&quot;:&quot;flex&quot;}\">\n\t\t\t\t<div class=\"elementor-element elementor-element-d02aec2 elementor-widget elementor-widget-heading\" data-id=\"d02aec2\" data-element_type=\"widget\" data-widget_type=\"heading.default\">\n\t\t\t\t<div class=\"elementor-widget-container\">\n\t\t\t<style>\/*! elementor - v3.16.0 - 14-09-2023 *\/\n.elementor-heading-title{padding:0;margin:0;line-height:1}.elementor-widget-heading .elementor-heading-title[class*=elementor-size-]>a{color:inherit;font-size:inherit;line-height:inherit}.elementor-widget-heading .elementor-heading-title.elementor-size-small{font-size:15px}.elementor-widget-heading .elementor-heading-title.elementor-size-medium{font-size:19px}.elementor-widget-heading .elementor-heading-title.elementor-size-large{font-size:29px}.elementor-widget-heading .elementor-heading-title.elementor-size-xl{font-size:39px}.elementor-widget-heading .elementor-heading-title.elementor-size-xxl{font-size:59px}<\/style><h2 class=\"elementor-heading-title elementor-size-default\">In-Kind Donations<\/h2>\t\t<\/div>\n\t\t\t\t<\/div>\n\t\t\t\t<div class=\"elementor-element elementor-element-887eb08 elementor-widget elementor-widget-image\" data-id=\"887eb08\" data-element_type=\"widget\" data-widget_type=\"image.default\">\n\t\t\t\t<div class=\"elementor-widget-container\">\n\t\t\t<style>\/*! elementor - v3.16.0 - 14-09-2023 *\/\n.elementor-widget-image{text-align:center}.elementor-widget-image a{display:inline-block}.elementor-widget-image a img[src$=\".svg\"]{width:48px}.elementor-widget-image img{vertical-align:middle;display:inline-block}<\/style>\t\t\t\t\t\t\t\t\t\t\t\t\t<a href=\"\/en\/donate-online\/\">\n\t\t\t\t\t\t\t<img loading=\"lazy\" decoding=\"async\" width=\"251\" height=\"83\" src=\"https:\/\/soskd.org.al\/wp-content\/uploads\/2023\/10\/donate-now-icon.svg\" class=\"attachment-full size-full wp-image-2225\" alt=\"\" \/>\t\t\t\t\t\t\t\t<\/a>\n\t\t\t\t\t\t\t\t\t\t\t\t\t\t\t<\/div>\n\t\t\t\t<\/div>\n\t\t\t\t<\/div>\n\t\t<div class=\"elementor-element elementor-element-8eb4c63 e-con-full e-flex e-con e-child\" data-id=\"8eb4c63\" data-element_type=\"container\" data-settings=\"{&quot;content_width&quot;:&quot;full&quot;,&quot;container_type&quot;:&quot;flex&quot;}\">\n\t\t\t\t<\/div>\n\t\t\t\t\t<\/div>\n\t\t\t\t<\/div>\n\t\t<div class=\"elementor-element elementor-element-97c2111 e-flex e-con-boxed e-con e-parent\" data-id=\"97c2111\" data-element_type=\"container\" data-settings=\"{&quot;container_type&quot;:&quot;flex&quot;,&quot;content_width&quot;:&quot;boxed&quot;}\" data-core-v316-plus=\"true\">\n\t\t\t\t\t<div class=\"e-con-inner\">\n\t\t<div class=\"elementor-element elementor-element-24154d3 e-con-full e-flex e-con e-child\" data-id=\"24154d3\" data-element_type=\"container\" data-settings=\"{&quot;content_width&quot;:&quot;full&quot;,&quot;container_type&quot;:&quot;flex&quot;}\">\n\t\t\t\t<div class=\"elementor-element elementor-element-aa1c803 elementor-widget elementor-widget-heading\" data-id=\"aa1c803\" data-element_type=\"widget\" data-widget_type=\"heading.default\">\n\t\t\t\t<div class=\"elementor-widget-container\">\n\t\t\t<h2 class=\"elementor-heading-title elementor-size-default\">Donate Products<\/h2>\t\t<\/div>\n\t\t\t\t<\/div>\n\t\t\t\t<div class=\"elementor-element elementor-element-39ad2b6 elementor-widget elementor-widget-text-editor\" data-id=\"39ad2b6\" data-element_type=\"widget\" data-widget_type=\"text-editor.default\">\n\t\t\t\t<div class=\"elementor-widget-container\">\n\t\t\t<style>\/*! elementor - v3.16.0 - 14-09-2023 *\/\n.elementor-widget-text-editor.elementor-drop-cap-view-stacked .elementor-drop-cap{background-color:#69727d;color:#fff}.elementor-widget-text-editor.elementor-drop-cap-view-framed .elementor-drop-cap{color:#69727d;border:3px solid;background-color:transparent}.elementor-widget-text-editor:not(.elementor-drop-cap-view-default) .elementor-drop-cap{margin-top:8px}.elementor-widget-text-editor:not(.elementor-drop-cap-view-default) .elementor-drop-cap-letter{width:1em;height:1em}.elementor-widget-text-editor .elementor-drop-cap{float:left;text-align:center;line-height:1;font-size:50px}.elementor-widget-text-editor .elementor-drop-cap-letter{display:inline-block}<\/style>\t\t\t\tYou can also give your support by donating products and services. Product donations are numerous, and can be food, clothing, shoes, school supplies, toys, home equipment and furniture, etc.\t\t\t\t\t\t<\/div>\n\t\t\t\t<\/div>\n\t\t\t\t<div class=\"elementor-element elementor-element-71e041c elementor-widget elementor-widget-text-editor\" data-id=\"71e041c\" data-element_type=\"widget\" data-widget_type=\"text-editor.default\">\n\t\t\t\t<div class=\"elementor-widget-container\">\n\t\t\t\t\t\t\t<p>If you choose to support our organization in this way and help us realize together the mission \u201cNo child grows up alone\u201d,<\/p><p>please deliver your donations to the premises of SOS Village in Tirana \u2013 address &#8220;Hermann Gmeiner Street, no. 5, Sauk, Tirana&#8221;;<\/p>\t\t\t\t\t\t<\/div>\n\t\t\t\t<\/div>\n\t\t\t\t<\/div>\n\t\t\t\t\t<\/div>\n\t\t\t\t<\/div>\n\t\t<div class=\"elementor-element elementor-element-ef1d0a2 e-flex e-con-boxed e-con e-parent\" data-id=\"ef1d0a2\" data-element_type=\"container\" data-settings=\"{&quot;background_background&quot;:&quot;classic&quot;,&quot;container_type&quot;:&quot;flex&quot;,&quot;content_width&quot;:&quot;boxed&quot;}\" data-core-v316-plus=\"true\">\n\t\t\t\t\t<div class=\"e-con-inner\">\n\t\t<div class=\"elementor-element elementor-element-442de30 e-con-full e-flex e-con e-child\" data-id=\"442de30\" data-element_type=\"container\" data-settings=\"{&quot;content_width&quot;:&quot;full&quot;,&quot;container_type&quot;:&quot;flex&quot;}\">\n\t\t\t\t<div class=\"elementor-element elementor-element-e1b8da9 elementor-widget elementor-widget-heading\" data-id=\"e1b8da9\" data-element_type=\"widget\" data-widget_type=\"heading.default\">\n\t\t\t\t<div class=\"elementor-widget-container\">\n\t\t\t<h2 class=\"elementor-heading-title elementor-size-default\">Contact us for more information:<\/h2>\t\t<\/div>\n\t\t\t\t<\/div>\n\t\t<div class=\"elementor-element elementor-element-0b30dbf e-flex e-con-boxed e-con e-child\" data-id=\"0b30dbf\" data-element_type=\"container\" data-settings=\"{&quot;container_type&quot;:&quot;flex&quot;,&quot;content_width&quot;:&quot;boxed&quot;}\">\n\t\t\t\t\t<div class=\"e-con-inner\">\n\t\t\t\t<div class=\"elementor-element elementor-element-7fa428c elementor-align-left elementor-widget elementor-widget-button\" data-id=\"7fa428c\" data-element_type=\"widget\" data-widget_type=\"button.default\">\n\t\t\t\t<div class=\"elementor-widget-container\">\n\t\t\t\t\t<div class=\"elementor-button-wrapper\">\n\t\t\t<a class=\"elementor-button elementor-button-link elementor-size-sm\" href=\"mailto:mimoza.manaj@soskd.org.al\">\n\t\t\t\t\t\t<span class=\"elementor-button-content-wrapper\">\n\t\t\t\t\t\t<span class=\"elementor-button-text\">mimoza.manaj@soskd.org.al<\/span>\n\t\t<\/span>\n\t\t\t\t\t<\/a>\n\t\t<\/div>\n\t\t\t\t<\/div>\n\t\t\t\t<\/div>\n\t\t\t\t<div class=\"elementor-element elementor-element-f087d10 elementor-align-left elementor-widget elementor-widget-button\" data-id=\"f087d10\" data-element_type=\"widget\" data-widget_type=\"button.default\">\n\t\t\t\t<div class=\"elementor-widget-container\">\n\t\t\t\t\t<div class=\"elementor-button-wrapper\">\n\t\t\t<a class=\"elementor-button elementor-button-link elementor-size-sm\" href=\"tel:+355689044676\">\n\t\t\t\t\t\t<span class=\"elementor-button-content-wrapper\">\n\t\t\t\t\t\t<span class=\"elementor-button-text\">+355 68 904 4676<\/span>\n\t\t<\/span>\n\t\t\t\t\t<\/a>\n\t\t<\/div>\n\t\t\t\t<\/div>\n\t\t\t\t<\/div>\n\t\t\t\t\t<\/div>\n\t\t\t\t<\/div>\n\t\t\t\t<\/div>\n\t\t\t\t\t<\/div>\n\t\t\t\t<\/div>\n\t\t<div class=\"elementor-element elementor-element-d0b7b87 e-flex e-con-boxed e-con e-parent\" data-id=\"d0b7b87\" data-element_type=\"container\" data-settings=\"{&quot;container_type&quot;:&quot;flex&quot;,&quot;content_width&quot;:&quot;boxed&quot;}\" data-core-v316-plus=\"true\">\n\t\t\t\t\t<div class=\"e-con-inner\">\n\t\t<div class=\"elementor-element elementor-element-cf06543 e-flex e-con-boxed e-con e-child\" data-id=\"cf06543\" data-element_type=\"container\" data-settings=\"{&quot;sticky&quot;:&quot;top&quot;,&quot;sticky_on&quot;:[&quot;desktop&quot;,&quot;tablet&quot;],&quot;container_type&quot;:&quot;flex&quot;,&quot;content_width&quot;:&quot;boxed&quot;,&quot;sticky_offset&quot;:0,&quot;sticky_effects_offset&quot;:0}\">\n\t\t\t\t\t<div class=\"e-con-inner\">\n\t\t\t\t<div class=\"elementor-element elementor-element-08bbc78 elementor-widget elementor-widget-heading\" data-id=\"08bbc78\" data-element_type=\"widget\" data-widget_type=\"heading.default\">\n\t\t\t\t<div class=\"elementor-widget-container\">\n\t\t\t<h2 class=\"elementor-heading-title elementor-size-default\">Hold my hand,\ndon't let me grow up\u00a0alone<\/h2>\t\t<\/div>\n\t\t\t\t<\/div>\n\t\t\t\t<div class=\"elementor-element elementor-element-1d76e3b elementor-widget elementor-widget-text-editor\" data-id=\"1d76e3b\" data-element_type=\"widget\" data-widget_type=\"text-editor.default\">\n\t\t\t\t<div class=\"elementor-widget-container\">\n\t\t\t\t\t\t\tRecognize the beauty of helping and become a donor &#8211; become a friend to children without\u00a0parental\u00a0care!\t\t\t\t\t\t<\/div>\n\t\t\t\t<\/div>\n\t\t\t\t<div class=\"elementor-element elementor-element-10ac360 elementor-widget elementor-widget-image\" data-id=\"10ac360\" data-element_type=\"widget\" data-widget_type=\"image.default\">\n\t\t\t\t<div class=\"elementor-widget-container\">\n\t\t\t\t\t\t\t\t\t\t\t\t\t\t\t\t<a href=\"\/en\/donate-online\/\">\n\t\t\t\t\t\t\t<img loading=\"lazy\" decoding=\"async\" width=\"258\" height=\"101\" src=\"https:\/\/soskd.org.al\/wp-content\/uploads\/2023\/11\/donate-now-1-ok.svg\" class=\"attachment-full size-full wp-image-2718\" alt=\"\" \/>\t\t\t\t\t\t\t\t<\/a>\n\t\t\t\t\t\t\t\t\t\t\t\t\t\t\t<\/div>\n\t\t\t\t<\/div>\n\t\t\t\t\t<\/div>\n\t\t\t\t<\/div>\n\t\t\t\t\t<\/div>\n\t\t\t\t<\/div>\n\t\t\t\t\t\t\t<\/div>\n\t\t","protected":false},"excerpt":{"rendered":"<p>Donate Products You can also give your support by donating products and services. Product donations are numerous, and can be food, clothing, shoes, school supplies, toys, home equipment and furniture, etc. If you choose to support our organization in this way and help us realize together the mission \u201cNo child grows up alone\u201d, please deliver [&hellip;]<\/p>\n","protected":false},"author":1,"featured_media":0,"parent":1222,"menu_order":0,"comment_status":"closed","ping_status":"closed","template":"elementor_header_footer","meta":{"inline_featured_image":false,"_monsterinsights_skip_tracking":false,"_monsterinsights_sitenote_active":false,"_monsterinsights_sitenote_note":"","_monsterinsights_sitenote_category":0,"footnotes":""},"class_list":["post-5819","page","type-page","status-publish","hentry"],"yoast_head":"<!-- This site is optimized with the Yoast SEO plugin v21.7 - https:\/\/yoast.com\/wordpress\/plugins\/seo\/ -->\n<title>In-Kind Donations - SOS Children\u2019s Villages Albania<\/title>\n<meta name=\"robots\" content=\"index, follow, max-snippet:-1, max-image-preview:large, max-video-preview:-1\" \/>\n<link rel=\"canonical\" href=\"https:\/\/soskd.org.al\/en\/individual-support\/in-kind-donations\/\" \/>\n<meta property=\"og:locale\" content=\"en_US\" \/>\n<meta property=\"og:type\" content=\"article\" \/>\n<meta property=\"og:title\" content=\"In-Kind Donations - SOS Children\u2019s Villages Albania\" \/>\n<meta property=\"og:description\" content=\"Donate Products You can also give your support by donating products and services. Product donations are numerous, and can be food, clothing, shoes, school supplies, toys, home equipment and furniture, etc. If you choose to support our organization in this way and help us realize together the mission \u201cNo child grows up alone\u201d, please deliver [&hellip;]\" \/>\n<meta property=\"og:url\" content=\"https:\/\/soskd.org.al\/en\/individual-support\/in-kind-donations\/\" \/>\n<meta property=\"og:site_name\" content=\"SOS Children\u2019s Villages Albania\" \/>\n<meta property=\"article:modified_time\" content=\"2023-12-15T13:40:10+00:00\" \/>\n<meta property=\"og:image\" content=\"https:\/\/soskd.org.al\/wp-content\/uploads\/2023\/10\/donate-now-icon.svg\" \/>\n<meta name=\"twitter:card\" content=\"summary_large_image\" \/>\n<meta name=\"twitter:label1\" content=\"Est. reading time\" \/>\n\t<meta name=\"twitter:data1\" content=\"1 minute\" \/>\n<script type=\"application\/ld+json\" class=\"yoast-schema-graph\">{\"@context\":\"https:\/\/schema.org\",\"@graph\":[{\"@type\":\"WebPage\",\"@id\":\"https:\/\/soskd.org.al\/en\/individual-support\/in-kind-donations\/\",\"url\":\"https:\/\/soskd.org.al\/en\/individual-support\/in-kind-donations\/\",\"name\":\"In-Kind Donations - SOS Children\u2019s Villages Albania\",\"isPartOf\":{\"@id\":\"https:\/\/soskd.org.al\/#website\"},\"datePublished\":\"2023-12-12T22:00:14+00:00\",\"dateModified\":\"2023-12-15T13:40:10+00:00\",\"breadcrumb\":{\"@id\":\"https:\/\/soskd.org.al\/en\/individual-support\/in-kind-donations\/#breadcrumb\"},\"inLanguage\":\"en-US\",\"potentialAction\":[{\"@type\":\"ReadAction\",\"target\":[\"https:\/\/soskd.org.al\/en\/individual-support\/in-kind-donations\/\"]}]},{\"@type\":\"BreadcrumbList\",\"@id\":\"https:\/\/soskd.org.al\/en\/individual-support\/in-kind-donations\/#breadcrumb\",\"itemListElement\":[{\"@type\":\"ListItem\",\"position\":1,\"name\":\"Home\",\"item\":\"https:\/\/soskd.org.al\/\"},{\"@type\":\"ListItem\",\"position\":2,\"name\":\"Individual Support\",\"item\":\"https:\/\/soskd.org.al\/en\/individual-support\/\"},{\"@type\":\"ListItem\",\"position\":3,\"name\":\"In-Kind Donations\"}]},{\"@type\":\"WebSite\",\"@id\":\"https:\/\/soskd.org.al\/#website\",\"url\":\"https:\/\/soskd.org.al\/\",\"name\":\"SOS Children\u2019s Villages Albania\",\"description\":\"Shoqat\u00eb me fokus mb\u00ebshtetjen e f\u00ebmij\u00ebve &amp; t\u00eb rinjve n\u00eb vend, pa kujdes prind\u00ebror ose n\u00eb rrezik p\u00ebr ta humbur at\u00eb.\",\"publisher\":{\"@id\":\"https:\/\/soskd.org.al\/#organization\"},\"potentialAction\":[{\"@type\":\"SearchAction\",\"target\":{\"@type\":\"EntryPoint\",\"urlTemplate\":\"https:\/\/soskd.org.al\/?s={search_term_string}\"},\"query-input\":\"required name=search_term_string\"}],\"inLanguage\":\"en-US\"},{\"@type\":\"Organization\",\"@id\":\"https:\/\/soskd.org.al\/#organization\",\"name\":\"SOS Children\u2019s Villages Albania\",\"url\":\"https:\/\/soskd.org.al\/\",\"logo\":{\"@type\":\"ImageObject\",\"inLanguage\":\"en-US\",\"@id\":\"https:\/\/soskd.org.al\/#\/schema\/logo\/image\/\",\"url\":\"https:\/\/soskd.org.al\/wp-content\/uploads\/2023\/09\/Logo-sos-en.svg\",\"contentUrl\":\"https:\/\/soskd.org.al\/wp-content\/uploads\/2023\/09\/Logo-sos-en.svg\",\"width\":205,\"height\":36,\"caption\":\"SOS Children\u2019s Villages Albania\"},\"image\":{\"@id\":\"https:\/\/soskd.org.al\/#\/schema\/logo\/image\/\"}}]}<\/script>\n<!-- \/ Yoast SEO plugin. -->","yoast_head_json":{"title":"In-Kind Donations - SOS Children\u2019s Villages Albania","robots":{"index":"index","follow":"follow","max-snippet":"max-snippet:-1","max-image-preview":"max-image-preview:large","max-video-preview":"max-video-preview:-1"},"canonical":"https:\/\/soskd.org.al\/en\/individual-support\/in-kind-donations\/","og_locale":"en_US","og_type":"article","og_title":"In-Kind Donations - SOS Children\u2019s Villages Albania","og_description":"Donate Products You can also give your support by donating products and services. Product donations are numerous, and can be food, clothing, shoes, school supplies, toys, home equipment and furniture, etc. If you choose to support our organization in this way and help us realize together the mission \u201cNo child grows up alone\u201d, please deliver [&hellip;]","og_url":"https:\/\/soskd.org.al\/en\/individual-support\/in-kind-donations\/","og_site_name":"SOS Children\u2019s Villages Albania","article_modified_time":"2023-12-15T13:40:10+00:00","og_image":[{"url":"https:\/\/soskd.org.al\/wp-content\/uploads\/2023\/10\/donate-now-icon.svg"}],"twitter_card":"summary_large_image","twitter_misc":{"Est. reading time":"1 minute"},"schema":{"@context":"https:\/\/schema.org","@graph":[{"@type":"WebPage","@id":"https:\/\/soskd.org.al\/en\/individual-support\/in-kind-donations\/","url":"https:\/\/soskd.org.al\/en\/individual-support\/in-kind-donations\/","name":"In-Kind Donations - SOS Children\u2019s Villages Albania","isPartOf":{"@id":"https:\/\/soskd.org.al\/#website"},"datePublished":"2023-12-12T22:00:14+00:00","dateModified":"2023-12-15T13:40:10+00:00","breadcrumb":{"@id":"https:\/\/soskd.org.al\/en\/individual-support\/in-kind-donations\/#breadcrumb"},"inLanguage":"en-US","potentialAction":[{"@type":"ReadAction","target":["https:\/\/soskd.org.al\/en\/individual-support\/in-kind-donations\/"]}]},{"@type":"BreadcrumbList","@id":"https:\/\/soskd.org.al\/en\/individual-support\/in-kind-donations\/#breadcrumb","itemListElement":[{"@type":"ListItem","position":1,"name":"Home","item":"https:\/\/soskd.org.al\/"},{"@type":"ListItem","position":2,"name":"Individual Support","item":"https:\/\/soskd.org.al\/en\/individual-support\/"},{"@type":"ListItem","position":3,"name":"In-Kind Donations"}]},{"@type":"WebSite","@id":"https:\/\/soskd.org.al\/#website","url":"https:\/\/soskd.org.al\/","name":"SOS Children\u2019s Villages Albania","description":"Shoqat\u00eb me fokus mb\u00ebshtetjen e f\u00ebmij\u00ebve &amp; t\u00eb rinjve n\u00eb vend, pa kujdes prind\u00ebror ose n\u00eb rrezik p\u00ebr ta humbur at\u00eb.","publisher":{"@id":"https:\/\/soskd.org.al\/#organization"},"potentialAction":[{"@type":"SearchAction","target":{"@type":"EntryPoint","urlTemplate":"https:\/\/soskd.org.al\/?s={search_term_string}"},"query-input":"required name=search_term_string"}],"inLanguage":"en-US"},{"@type":"Organization","@id":"https:\/\/soskd.org.al\/#organization","name":"SOS Children\u2019s Villages Albania","url":"https:\/\/soskd.org.al\/","logo":{"@type":"ImageObject","inLanguage":"en-US","@id":"https:\/\/soskd.org.al\/#\/schema\/logo\/image\/","url":"https:\/\/soskd.org.al\/wp-content\/uploads\/2023\/09\/Logo-sos-en.svg","contentUrl":"https:\/\/soskd.org.al\/wp-content\/uploads\/2023\/09\/Logo-sos-en.svg","width":205,"height":36,"caption":"SOS Children\u2019s Villages Albania"},"image":{"@id":"https:\/\/soskd.org.al\/#\/schema\/logo\/image\/"}}]}},"_links":{"self":[{"href":"https:\/\/soskd.org.al\/en\/wp-json\/wp\/v2\/pages\/5819","targetHints":{"allow":["GET"]}}],"collection":[{"href":"https:\/\/soskd.org.al\/en\/wp-json\/wp\/v2\/pages"}],"about":[{"href":"https:\/\/soskd.org.al\/en\/wp-json\/wp\/v2\/types\/page"}],"author":[{"embeddable":true,"href":"https:\/\/soskd.org.al\/en\/wp-json\/wp\/v2\/users\/1"}],"replies":[{"embeddable":true,"href":"https:\/\/soskd.org.al\/en\/wp-json\/wp\/v2\/comments?post=5819"}],"version-history":[{"count":28,"href":"https:\/\/soskd.org.al\/en\/wp-json\/wp\/v2\/pages\/5819\/revisions"}],"predecessor-version":[{"id":7327,"href":"https:\/\/soskd.org.al\/en\/wp-json\/wp\/v2\/pages\/5819\/revisions\/7327"}],"up":[{"embeddable":true,"href":"https:\/\/soskd.org.al\/en\/wp-json\/wp\/v2\/pages\/1222"}],"wp:attachment":[{"href":"https:\/\/soskd.org.al\/en\/wp-json\/wp\/v2\/media?parent=5819"}],"curies":[{"name":"wp","href":"https:\/\/api.w.org\/{rel}","templated":true}]}}